{"id":14215,"date":"2022-09-22T12:21:33","date_gmt":"2022-09-22T12:21:33","guid":{"rendered":"http:\/\/ferreteradelnorte.com.ar\/web\/?post_type=product&#038;p=14215"},"modified":"2025-06-02T08:11:41","modified_gmt":"2025-06-02T08:11:41","slug":"sierra-ingleteadora-skil-3310-1-800w","status":"publish","type":"product","link":"https:\/\/ferreteradelnorte.com.ar\/web\/producto\/sierra-ingleteadora-skil-3310-1-800w\/","title":{"rendered":"Sierra Ingleteadora Skil 3310 1.800W"},"content":{"rendered":"<div class=\"productspecs-head\">\r\n<h6>Beneficios<\/h6>\r\n<\/div>\r\n<div class=\"productspecs-listing\">\r\n<ul class=\"col-lg-18\">\r\n \t<li>Disco de 40 dientes<\/li>\r\n \t<li>Extensi\u00f3n de la mesa<\/li>\r\n \t<li>Gu\u00eda l\u00e1ser<\/li>\r\n<\/ul>\r\n<\/div>\r\n<div>\r\n<div class=\"col-lg-18\">\r\n<div class=\"productspecs-head\">\r\n<h6>Descripci\u00f3n<\/h6>\r\n<\/div>\r\n<div class=\"featured-text\">\r\n\r\nLa Sierra Ingleteadora Skil 3310, con potencia de 1800 Watts, une la calidad del corte y la eficiencia del trabajo en un dise\u00f1o pr\u00e1ctico y ergon\u00f3mico, adem\u00e1s de estar totalmente con rodamiento, garantizando as\u00ed, mayor durabilidad; fue desarrollada para cortar madera y sus derivados adem\u00e1s de aluminio (siempre utilice el disco adecuado para cada tipo de material a ser cortado), con brazo articulado y resorte de compresi\u00f3n reforzado ofrece mejor calidad a los cortes realizados; la gu\u00eda l\u00e1ser trae practicidad en la ejecuci\u00f3n de los cortes, su base con regulaci\u00f3n y \u00e1ngulos de inglete predefinidos es hecha en aluminio para tener menor peso, no obstante, garantizando exactitud en los cortes y durabilidad.\r\n\r\n<\/div>\r\n<\/div>\r\n<\/div>","protected":false},"excerpt":{"rendered":"Beneficios Disco de 40 dientes Extensi\u00f3n de la mesa Gu\u00eda l\u00e1ser Descripci\u00f3n La Sierra Ingleteadora Skil 3310, con potencia de 1800 Watts, une la calidad del corte y la eficiencia del trabajo en un dise\u00f1o pr\u00e1ctico y ergon\u00f3mico, adem\u00e1s de&#8230;","protected":false},"featured_media":14216,"comment_status":"open","ping_status":"closed","template":"","meta":[],"yoast_head":"<!-- This site is optimized with the Yoast SEO plugin v15.5 - https:\/\/yoast.com\/wordpress\/plugins\/seo\/ -->\n<title>Sierra Ingleteadora Skil 3310 1.800W - Ferretera del norte<\/title>\n<meta name=\"robots\" content=\"index, follow, max-snippet:-1, max-image-preview:large, max-video-preview:-1\" \/>\n<link rel=\"canonical\" href=\"https:\/\/ferreteradelnorte.com.ar\/web\/producto\/sierra-ingleteadora-skil-3310-1-800w\/\" \/>\n<meta property=\"og:locale\" content=\"es_ES\" \/>\n<meta property=\"og:type\" content=\"article\" \/>\n<meta property=\"og:title\" content=\"Sierra Ingleteadora Skil 3310 1.800W - Ferretera del norte\" \/>\n<meta property=\"og:description\" content=\"Beneficios Disco de 40 dientes Extensi\u00f3n de la mesa Gu\u00eda l\u00e1ser Descripci\u00f3n La Sierra Ingleteadora Skil 3310, con potencia de 1800 Watts, une la calidad del corte y la eficiencia del trabajo en un dise\u00f1o pr\u00e1ctico y ergon\u00f3mico, adem\u00e1s de...\" \/>\n<meta property=\"og:url\" content=\"https:\/\/ferreteradelnorte.com.ar\/web\/producto\/sierra-ingleteadora-skil-3310-1-800w\/\" \/>\n<meta property=\"og:site_name\" content=\"Ferretera del norte\" \/>\n<meta property=\"article:publisher\" content=\"https:\/\/www.facebook.com\/FerreteradelnorteSrl\" \/>\n<meta property=\"article:modified_time\" content=\"2025-06-02T08:11:41+00:00\" \/>\n<meta property=\"og:image\" content=\"https:\/\/ferreteradelnorte.com.ar\/web\/wp-content\/uploads\/2022\/09\/descarga-2.jpg\" \/>\n\t<meta property=\"og:image:width\" content=\"240\" \/>\n\t<meta property=\"og:image:height\" content=\"210\" \/>\n<meta name=\"twitter:card\" content=\"summary_large_image\" \/>\n<meta name=\"twitter:label1\" content=\"Tiempo de lectura\">\n\t<meta name=\"twitter:data1\" content=\"1 minuto\">\n<script type=\"application\/ld+json\" class=\"yoast-schema-graph\">{\"@context\":\"https:\/\/schema.org\",\"@graph\":[{\"@type\":\"WebSite\",\"@id\":\"https:\/\/ferreteradelnorte.com.ar\/web\/#website\",\"url\":\"https:\/\/ferreteradelnorte.com.ar\/web\/\",\"name\":\"Ferretera del norte\",\"description\":\"Te ayudamos a crecer\",\"potentialAction\":[{\"@type\":\"SearchAction\",\"target\":\"https:\/\/ferreteradelnorte.com.ar\/web\/?s={search_term_string}\",\"query-input\":\"required name=search_term_string\"}],\"inLanguage\":\"es\"},{\"@type\":\"ImageObject\",\"@id\":\"https:\/\/ferreteradelnorte.com.ar\/web\/producto\/sierra-ingleteadora-skil-3310-1-800w\/#primaryimage\",\"inLanguage\":\"es\",\"url\":\"https:\/\/ferreteradelnorte.com.ar\/web\/wp-content\/uploads\/2022\/09\/descarga-2.jpg\",\"width\":240,\"height\":210},{\"@type\":\"WebPage\",\"@id\":\"https:\/\/ferreteradelnorte.com.ar\/web\/producto\/sierra-ingleteadora-skil-3310-1-800w\/#webpage\",\"url\":\"https:\/\/ferreteradelnorte.com.ar\/web\/producto\/sierra-ingleteadora-skil-3310-1-800w\/\",\"name\":\"Sierra Ingleteadora Skil 3310 1.800W - Ferretera del norte\",\"isPartOf\":{\"@id\":\"https:\/\/ferreteradelnorte.com.ar\/web\/#website\"},\"primaryImageOfPage\":{\"@id\":\"https:\/\/ferreteradelnorte.com.ar\/web\/producto\/sierra-ingleteadora-skil-3310-1-800w\/#primaryimage\"},\"datePublished\":\"2022-09-22T12:21:33+00:00\",\"dateModified\":\"2025-06-02T08:11:41+00:00\",\"inLanguage\":\"es\",\"potentialAction\":[{\"@type\":\"ReadAction\",\"target\":[\"https:\/\/ferreteradelnorte.com.ar\/web\/producto\/sierra-ingleteadora-skil-3310-1-800w\/\"]}]}]}<\/script>\n<!-- \/ Yoast SEO plugin. -->","_links":{"self":[{"href":"https:\/\/ferreteradelnorte.com.ar\/web\/wp-json\/wp\/v2\/product\/14215"}],"collection":[{"href":"https:\/\/ferreteradelnorte.com.ar\/web\/wp-json\/wp\/v2\/product"}],"about":[{"href":"https:\/\/ferreteradelnorte.com.ar\/web\/wp-json\/wp\/v2\/types\/product"}],"replies":[{"embeddable":true,"href":"https:\/\/ferreteradelnorte.com.ar\/web\/wp-json\/wp\/v2\/comments?post=14215"}],"wp:featuredmedia":[{"embeddable":true,"href":"https:\/\/ferreteradelnorte.com.ar\/web\/wp-json\/wp\/v2\/media\/14216"}],"wp:attachment":[{"href":"https:\/\/ferreteradelnorte.com.ar\/web\/wp-json\/wp\/v2\/media?parent=14215"}],"curies":[{"name":"wp","href":"https:\/\/api.w.org\/{rel}","templated":true}]}}