{"id":14211,"date":"2022-09-21T13:59:50","date_gmt":"2022-09-21T13:59:50","guid":{"rendered":"http:\/\/ferreteradelnorte.com.ar\/web\/?post_type=product&#038;p=14211"},"modified":"2022-09-21T13:59:51","modified_gmt":"2022-09-21T13:59:51","slug":"taladro-de-impacto-skil-6060-700w","status":"publish","type":"product","link":"https:\/\/ferreteradelnorte.com.ar\/web\/producto\/taladro-de-impacto-skil-6060-700w\/","title":{"rendered":"Taladro de Impacto Skil 6060 700W"},"content":{"rendered":"<div class=\"productspecs-head\">\r\n<h6>Beneficios<\/h6>\r\n<\/div>\r\n<div class=\"productspecs-listing\">\r\n<ul class=\"col-lg-18\">\r\n \t<li>Perforaci\u00f3n en concreto, madera y metal<\/li>\r\n \t<li>Conmutaci\u00f3n de impacto, permite perforaciones tanto en alba\u00f1iler\u00eda como madera y metal<\/li>\r\n \t<li>Bot\u00f3n de bloqueo para trabajos continuos sin necesidad de presionar el interruptor en las aplicaciones<\/li>\r\n \t<li>\u00a1LEVE, la m\u00e1s ligera de la categor\u00eda!<\/li>\r\n \t<li>La fuerza ideal y necesaria para la realizaci\u00f3n de los trabajos.<\/li>\r\n \t<li>Design compacto, permite aplicaciones en lugares de dif\u00edcil acceso.<\/li>\r\n<\/ul>\r\n<\/div>\r\n<div>\r\n<div class=\"col-lg-18\">\r\n<div class=\"productspecs-head\">\r\n<h6>Descripci\u00f3n<\/h6>\r\n<\/div>\r\n<div class=\"featured-text\">\r\n\r\n&nbsp;\r\n\r\n\u00a1El Taladro de impacto Skil 6604 posee 570 Watts de potencia, es s\u00faper liviano y compacto! El Mandril met\u00e1lico de 3\/8&#8243; (10 mil\u00edmetros) es robusto para las aplicaciones diarias. Posee interruptor de velocidad variable &#8211; electr\u00f3nico &#8211; para que usted pueda realizar perforaciones en los m\u00e1s diversos materiales y atornillados, por ser reversible permite tambi\u00e9n desatornillados.\r\n\r\n<\/div>\r\n<\/div>\r\n<\/div>","protected":false},"excerpt":{"rendered":"Beneficios Perforaci\u00f3n en concreto, madera y metal Conmutaci\u00f3n de impacto, permite perforaciones tanto en alba\u00f1iler\u00eda como madera y metal Bot\u00f3n de bloqueo para trabajos continuos sin necesidad de presionar el interruptor en las aplicaciones \u00a1LEVE, la m\u00e1s ligera de la&#8230;","protected":false},"featured_media":14212,"comment_status":"open","ping_status":"closed","template":"","meta":[],"yoast_head":"<!-- This site is optimized with the Yoast SEO plugin v15.5 - https:\/\/yoast.com\/wordpress\/plugins\/seo\/ -->\n<title>Taladro de Impacto Skil 6060 700W - Ferretera del norte<\/title>\n<meta name=\"robots\" content=\"index, follow, max-snippet:-1, max-image-preview:large, max-video-preview:-1\" \/>\n<link rel=\"canonical\" href=\"https:\/\/ferreteradelnorte.com.ar\/web\/producto\/taladro-de-impacto-skil-6060-700w\/\" \/>\n<meta property=\"og:locale\" content=\"es_ES\" \/>\n<meta property=\"og:type\" content=\"article\" \/>\n<meta property=\"og:title\" content=\"Taladro de Impacto Skil 6060 700W - Ferretera del norte\" \/>\n<meta property=\"og:description\" content=\"Beneficios Perforaci\u00f3n en concreto, madera y metal Conmutaci\u00f3n de impacto, permite perforaciones tanto en alba\u00f1iler\u00eda como madera y metal Bot\u00f3n de bloqueo para trabajos continuos sin necesidad de presionar el interruptor en las aplicaciones \u00a1LEVE, la m\u00e1s ligera de la...\" \/>\n<meta property=\"og:url\" content=\"https:\/\/ferreteradelnorte.com.ar\/web\/producto\/taladro-de-impacto-skil-6060-700w\/\" \/>\n<meta property=\"og:site_name\" content=\"Ferretera del norte\" \/>\n<meta property=\"article:publisher\" content=\"https:\/\/www.facebook.com\/FerreteradelnorteSrl\" \/>\n<meta property=\"article:modified_time\" content=\"2022-09-21T13:59:51+00:00\" \/>\n<meta property=\"og:image\" content=\"https:\/\/ferreteradelnorte.com.ar\/web\/wp-content\/uploads\/2022\/09\/SKIL_6060_1-1.png\" \/>\n\t<meta property=\"og:image:width\" content=\"550\" \/>\n\t<meta property=\"og:image:height\" content=\"550\" \/>\n<meta name=\"twitter:card\" content=\"summary_large_image\" \/>\n<meta name=\"twitter:label1\" content=\"Tiempo de lectura\">\n\t<meta name=\"twitter:data1\" content=\"1 minuto\">\n<script type=\"application\/ld+json\" class=\"yoast-schema-graph\">{\"@context\":\"https:\/\/schema.org\",\"@graph\":[{\"@type\":\"WebSite\",\"@id\":\"https:\/\/ferreteradelnorte.com.ar\/web\/#website\",\"url\":\"https:\/\/ferreteradelnorte.com.ar\/web\/\",\"name\":\"Ferretera del norte\",\"description\":\"Te ayudamos a crecer\",\"potentialAction\":[{\"@type\":\"SearchAction\",\"target\":\"https:\/\/ferreteradelnorte.com.ar\/web\/?s={search_term_string}\",\"query-input\":\"required name=search_term_string\"}],\"inLanguage\":\"es\"},{\"@type\":\"ImageObject\",\"@id\":\"https:\/\/ferreteradelnorte.com.ar\/web\/producto\/taladro-de-impacto-skil-6060-700w\/#primaryimage\",\"inLanguage\":\"es\",\"url\":\"https:\/\/ferreteradelnorte.com.ar\/web\/wp-content\/uploads\/2022\/09\/SKIL_6060_1-1.png\",\"width\":550,\"height\":550},{\"@type\":\"WebPage\",\"@id\":\"https:\/\/ferreteradelnorte.com.ar\/web\/producto\/taladro-de-impacto-skil-6060-700w\/#webpage\",\"url\":\"https:\/\/ferreteradelnorte.com.ar\/web\/producto\/taladro-de-impacto-skil-6060-700w\/\",\"name\":\"Taladro de Impacto Skil 6060 700W - Ferretera del norte\",\"isPartOf\":{\"@id\":\"https:\/\/ferreteradelnorte.com.ar\/web\/#website\"},\"primaryImageOfPage\":{\"@id\":\"https:\/\/ferreteradelnorte.com.ar\/web\/producto\/taladro-de-impacto-skil-6060-700w\/#primaryimage\"},\"datePublished\":\"2022-09-21T13:59:50+00:00\",\"dateModified\":\"2022-09-21T13:59:51+00:00\",\"inLanguage\":\"es\",\"potentialAction\":[{\"@type\":\"ReadAction\",\"target\":[\"https:\/\/ferreteradelnorte.com.ar\/web\/producto\/taladro-de-impacto-skil-6060-700w\/\"]}]}]}<\/script>\n<!-- \/ Yoast SEO plugin. -->","_links":{"self":[{"href":"https:\/\/ferreteradelnorte.com.ar\/web\/wp-json\/wp\/v2\/product\/14211"}],"collection":[{"href":"https:\/\/ferreteradelnorte.com.ar\/web\/wp-json\/wp\/v2\/product"}],"about":[{"href":"https:\/\/ferreteradelnorte.com.ar\/web\/wp-json\/wp\/v2\/types\/product"}],"replies":[{"embeddable":true,"href":"https:\/\/ferreteradelnorte.com.ar\/web\/wp-json\/wp\/v2\/comments?post=14211"}],"wp:featuredmedia":[{"embeddable":true,"href":"https:\/\/ferreteradelnorte.com.ar\/web\/wp-json\/wp\/v2\/media\/14212"}],"wp:attachment":[{"href":"https:\/\/ferreteradelnorte.com.ar\/web\/wp-json\/wp\/v2\/media?parent=14211"}],"curies":[{"name":"wp","href":"https:\/\/api.w.org\/{rel}","templated":true}]}}