{"id":14209,"date":"2022-09-21T13:54:19","date_gmt":"2022-09-21T13:54:19","guid":{"rendered":"http:\/\/ferreteradelnorte.com.ar\/web\/?post_type=product&#038;p=14209"},"modified":"2022-09-21T13:54:21","modified_gmt":"2022-09-21T13:54:21","slug":"sierra-ingleteadora-skil-3311-1-800w","status":"publish","type":"product","link":"https:\/\/ferreteradelnorte.com.ar\/web\/producto\/sierra-ingleteadora-skil-3311-1-800w\/","title":{"rendered":"Sierra Ingleteadora Skil 3311 1.800W"},"content":{"rendered":"<div class=\"productspecs-head\">\r\n<h6>Beneficios<\/h6>\r\n<\/div>\r\n<div class=\"productspecs-listing\">\r\n<ul class=\"col-lg-18\">\r\n \t<li>Brazo telescopico: aumenta la longitud de los cortes<\/li>\r\n \t<li>Extensi\u00f3n de la mesa de corte hasta 115 cm<\/li>\r\n \t<li>Cable de 3m<\/li>\r\n<\/ul>\r\n<\/div>\r\n<div>\r\n<div class=\"col-lg-18\">\r\n<div class=\"productspecs-head\">\r\n<h6>Descripci\u00f3n<\/h6>\r\n<\/div>\r\n<div class=\"featured-text\">\r\n\r\n&nbsp;\r\n\r\nLa Sierra Ingleteadora Skil 3311, con potencia de 1800 Watts, y brazo telesc\u00f3pico aumentando la extensi\u00f3n de los cortes une la calidad de corte y eficiencia de trabajo en un dise\u00f1o pr\u00e1ctico y ergon\u00f3mico, adem\u00e1s de ser 100% con rodamiento garantizando de esta manera mayor durabilidad, fue desarrollada para cortar madera y sus derivados (utilice siempre el disco adecuado para cada tipo de material a ser cortado y acabado deseado), con el brazo telesc\u00f3pico es posible realizar cortes en grandes extensiones, vale la pe- recordar que esta ingletera telesc\u00f3pica puede realizar cortes con incli-ci\u00f3n del motor en hasta 45\u00ba hacia la izquierda y a la derecha, su base con regulaci\u00f3n y \u00e1ngulos de inglete predefinidos es fabricada en aluminio para tener menor peso pero garantizando exactitud en los cortes y durabilidad y los brazos de expansi\u00f3n integrados a la base permiten una apertura de 115 cent\u00edmetros garantizando de esta manera un mejor apoyo del material a ser cortado.\r\n\r\n<\/div>\r\n<\/div>\r\n<\/div>","protected":false},"excerpt":{"rendered":"Beneficios Brazo telescopico: aumenta la longitud de los cortes Extensi\u00f3n de la mesa de corte hasta 115 cm Cable de 3m Descripci\u00f3n &nbsp; La Sierra Ingleteadora Skil 3311, con potencia de 1800 Watts, y brazo telesc\u00f3pico aumentando la extensi\u00f3n de&#8230;","protected":false},"featured_media":14210,"comment_status":"open","ping_status":"closed","template":"","meta":[],"yoast_head":"<!-- This site is optimized with the Yoast SEO plugin v15.5 - https:\/\/yoast.com\/wordpress\/plugins\/seo\/ -->\n<title>Sierra Ingleteadora Skil 3311 1.800W - Ferretera del norte<\/title>\n<meta name=\"robots\" content=\"index, follow, max-snippet:-1, max-image-preview:large, max-video-preview:-1\" \/>\n<link rel=\"canonical\" href=\"https:\/\/ferreteradelnorte.com.ar\/web\/producto\/sierra-ingleteadora-skil-3311-1-800w\/\" \/>\n<meta property=\"og:locale\" content=\"es_ES\" \/>\n<meta property=\"og:type\" content=\"article\" \/>\n<meta property=\"og:title\" content=\"Sierra Ingleteadora Skil 3311 1.800W - Ferretera del norte\" \/>\n<meta property=\"og:description\" content=\"Beneficios Brazo telescopico: aumenta la longitud de los cortes Extensi\u00f3n de la mesa de corte hasta 115 cm Cable de 3m Descripci\u00f3n &nbsp; La Sierra Ingleteadora Skil 3311, con potencia de 1800 Watts, y brazo telesc\u00f3pico aumentando la extensi\u00f3n de...\" \/>\n<meta property=\"og:url\" content=\"https:\/\/ferreteradelnorte.com.ar\/web\/producto\/sierra-ingleteadora-skil-3311-1-800w\/\" \/>\n<meta property=\"og:site_name\" content=\"Ferretera del norte\" \/>\n<meta property=\"article:publisher\" content=\"https:\/\/www.facebook.com\/FerreteradelnorteSrl\" \/>\n<meta property=\"article:modified_time\" content=\"2022-09-21T13:54:21+00:00\" \/>\n<meta property=\"og:image\" content=\"https:\/\/ferreteradelnorte.com.ar\/web\/wp-content\/uploads\/2022\/09\/descarga.jpg\" \/>\n\t<meta property=\"og:image:width\" content=\"232\" \/>\n\t<meta property=\"og:image:height\" content=\"217\" \/>\n<meta name=\"twitter:card\" content=\"summary_large_image\" \/>\n<meta name=\"twitter:label1\" content=\"Tiempo de lectura\">\n\t<meta name=\"twitter:data1\" content=\"1 minuto\">\n<script type=\"application\/ld+json\" class=\"yoast-schema-graph\">{\"@context\":\"https:\/\/schema.org\",\"@graph\":[{\"@type\":\"WebSite\",\"@id\":\"https:\/\/ferreteradelnorte.com.ar\/web\/#website\",\"url\":\"https:\/\/ferreteradelnorte.com.ar\/web\/\",\"name\":\"Ferretera del norte\",\"description\":\"Te ayudamos a crecer\",\"potentialAction\":[{\"@type\":\"SearchAction\",\"target\":\"https:\/\/ferreteradelnorte.com.ar\/web\/?s={search_term_string}\",\"query-input\":\"required name=search_term_string\"}],\"inLanguage\":\"es\"},{\"@type\":\"ImageObject\",\"@id\":\"https:\/\/ferreteradelnorte.com.ar\/web\/producto\/sierra-ingleteadora-skil-3311-1-800w\/#primaryimage\",\"inLanguage\":\"es\",\"url\":\"https:\/\/ferreteradelnorte.com.ar\/web\/wp-content\/uploads\/2022\/09\/descarga.jpg\",\"width\":232,\"height\":217},{\"@type\":\"WebPage\",\"@id\":\"https:\/\/ferreteradelnorte.com.ar\/web\/producto\/sierra-ingleteadora-skil-3311-1-800w\/#webpage\",\"url\":\"https:\/\/ferreteradelnorte.com.ar\/web\/producto\/sierra-ingleteadora-skil-3311-1-800w\/\",\"name\":\"Sierra Ingleteadora Skil 3311 1.800W - Ferretera del norte\",\"isPartOf\":{\"@id\":\"https:\/\/ferreteradelnorte.com.ar\/web\/#website\"},\"primaryImageOfPage\":{\"@id\":\"https:\/\/ferreteradelnorte.com.ar\/web\/producto\/sierra-ingleteadora-skil-3311-1-800w\/#primaryimage\"},\"datePublished\":\"2022-09-21T13:54:19+00:00\",\"dateModified\":\"2022-09-21T13:54:21+00:00\",\"inLanguage\":\"es\",\"potentialAction\":[{\"@type\":\"ReadAction\",\"target\":[\"https:\/\/ferreteradelnorte.com.ar\/web\/producto\/sierra-ingleteadora-skil-3311-1-800w\/\"]}]}]}<\/script>\n<!-- \/ Yoast SEO plugin. -->","_links":{"self":[{"href":"https:\/\/ferreteradelnorte.com.ar\/web\/wp-json\/wp\/v2\/product\/14209"}],"collection":[{"href":"https:\/\/ferreteradelnorte.com.ar\/web\/wp-json\/wp\/v2\/product"}],"about":[{"href":"https:\/\/ferreteradelnorte.com.ar\/web\/wp-json\/wp\/v2\/types\/product"}],"replies":[{"embeddable":true,"href":"https:\/\/ferreteradelnorte.com.ar\/web\/wp-json\/wp\/v2\/comments?post=14209"}],"wp:featuredmedia":[{"embeddable":true,"href":"https:\/\/ferreteradelnorte.com.ar\/web\/wp-json\/wp\/v2\/media\/14210"}],"wp:attachment":[{"href":"https:\/\/ferreteradelnorte.com.ar\/web\/wp-json\/wp\/v2\/media?parent=14209"}],"curies":[{"name":"wp","href":"https:\/\/api.w.org\/{rel}","templated":true}]}}