{"id":14207,"date":"2022-09-21T13:40:06","date_gmt":"2022-09-21T13:40:06","guid":{"rendered":"http:\/\/ferreteradelnorte.com.ar\/web\/?post_type=product&#038;p=14207"},"modified":"2022-09-21T13:44:25","modified_gmt":"2022-09-21T13:44:25","slug":"14207","status":"publish","type":"product","link":"https:\/\/ferreteradelnorte.com.ar\/web\/producto\/14207\/","title":{"rendered":"Taladro de Impacto Skil 6060 700W"},"content":{"rendered":"<div class=\"productspecs-head\">\r\n<h6>Beneficios<\/h6>\r\n<\/div>\r\n<div class=\"productspecs-listing\">\r\n<ul class=\"col-lg-18\">\r\n \t<li>Pu\u00f1o con soft grip, mayor conforto y control en las aplicaciones<\/li>\r\n \t<li>Motor 100% con rodamientos<\/li>\r\n \t<li>Bot\u00f3n conmutador para perforaciones con o sin impacto<\/li>\r\n \t<li>\u00bd\u201d \u2013 13 mm\u00bb<\/li>\r\n \t<li>Bot\u00f3n traba para aplicaciones continuas<\/li>\r\n<\/ul>\r\n<\/div>\r\n<div>\r\n<div class=\"col-lg-18\">\r\n<div class=\"productspecs-head\">\r\n<h6>Descripci\u00f3n<\/h6>\r\n<\/div>\r\n<div class=\"featured-text\">\r\n\r\n&nbsp;\r\n\r\nEl Taladro de impacto Skil 6060, con potencia de 700 Watts es el taladro m\u00e1s potente de la familia Skil y para garantizar a\u00fan m\u00e1s durabilidad es totalmente con rodamientos, con su interruptor electr\u00f3nico es posible realizar perforaciones en los m\u00e1s diversos materiales e inclusive atornillados \/ desatornillados, para garantizar que usted no vaya a errar en la velocidad de trabajo ella cuenta con bot\u00f3n rotativo de preselecci\u00f3n de rotaciones junto al interruptor, ofrece mayor comodidad al usuario con la empu\u00f1adura de goma garantizando de esta manera un mejor agarre de la herramienta.\r\n\r\n<\/div>\r\n<\/div>\r\n<\/div>","protected":false},"excerpt":{"rendered":"Beneficios Pu\u00f1o con soft grip, mayor conforto y control en las aplicaciones Motor 100% con rodamientos Bot\u00f3n conmutador para perforaciones con o sin impacto \u00bd\u201d \u2013 13 mm\u00bb Bot\u00f3n traba para aplicaciones continuas Descripci\u00f3n &nbsp; El Taladro de impacto Skil&#8230;","protected":false},"featured_media":14208,"comment_status":"open","ping_status":"closed","template":"","meta":[],"yoast_head":"<!-- This site is optimized with the Yoast SEO plugin v15.5 - https:\/\/yoast.com\/wordpress\/plugins\/seo\/ -->\n<title>Taladro de Impacto Skil 6060 700W - Ferretera del norte<\/title>\n<meta name=\"robots\" content=\"index, follow, max-snippet:-1, max-image-preview:large, max-video-preview:-1\" \/>\n<link rel=\"canonical\" href=\"https:\/\/ferreteradelnorte.com.ar\/web\/producto\/14207\/\" \/>\n<meta property=\"og:locale\" content=\"es_ES\" \/>\n<meta property=\"og:type\" content=\"article\" \/>\n<meta property=\"og:title\" content=\"Taladro de Impacto Skil 6060 700W - Ferretera del norte\" \/>\n<meta property=\"og:description\" content=\"Beneficios Pu\u00f1o con soft grip, mayor conforto y control en las aplicaciones Motor 100% con rodamientos Bot\u00f3n conmutador para perforaciones con o sin impacto \u00bd\u201d \u2013 13 mm\u00bb Bot\u00f3n traba para aplicaciones continuas Descripci\u00f3n &nbsp; El Taladro de impacto Skil...\" \/>\n<meta property=\"og:url\" content=\"https:\/\/ferreteradelnorte.com.ar\/web\/producto\/14207\/\" \/>\n<meta property=\"og:site_name\" content=\"Ferretera del norte\" \/>\n<meta property=\"article:publisher\" content=\"https:\/\/www.facebook.com\/FerreteradelnorteSrl\" \/>\n<meta property=\"article:modified_time\" content=\"2022-09-21T13:44:25+00:00\" \/>\n<meta property=\"og:image\" content=\"https:\/\/ferreteradelnorte.com.ar\/web\/wp-content\/uploads\/2022\/09\/SKIL_6060_1.png\" \/>\n\t<meta property=\"og:image:width\" content=\"550\" \/>\n\t<meta property=\"og:image:height\" content=\"550\" \/>\n<meta name=\"twitter:card\" content=\"summary_large_image\" \/>\n<meta name=\"twitter:label1\" content=\"Tiempo de lectura\">\n\t<meta name=\"twitter:data1\" content=\"1 minuto\">\n<script type=\"application\/ld+json\" class=\"yoast-schema-graph\">{\"@context\":\"https:\/\/schema.org\",\"@graph\":[{\"@type\":\"WebSite\",\"@id\":\"https:\/\/ferreteradelnorte.com.ar\/web\/#website\",\"url\":\"https:\/\/ferreteradelnorte.com.ar\/web\/\",\"name\":\"Ferretera del norte\",\"description\":\"Te ayudamos a crecer\",\"potentialAction\":[{\"@type\":\"SearchAction\",\"target\":\"https:\/\/ferreteradelnorte.com.ar\/web\/?s={search_term_string}\",\"query-input\":\"required name=search_term_string\"}],\"inLanguage\":\"es\"},{\"@type\":\"ImageObject\",\"@id\":\"https:\/\/ferreteradelnorte.com.ar\/web\/producto\/14207\/#primaryimage\",\"inLanguage\":\"es\",\"url\":\"https:\/\/ferreteradelnorte.com.ar\/web\/wp-content\/uploads\/2022\/09\/SKIL_6060_1.png\",\"width\":550,\"height\":550},{\"@type\":\"WebPage\",\"@id\":\"https:\/\/ferreteradelnorte.com.ar\/web\/producto\/14207\/#webpage\",\"url\":\"https:\/\/ferreteradelnorte.com.ar\/web\/producto\/14207\/\",\"name\":\"Taladro de Impacto Skil 6060 700W - Ferretera del norte\",\"isPartOf\":{\"@id\":\"https:\/\/ferreteradelnorte.com.ar\/web\/#website\"},\"primaryImageOfPage\":{\"@id\":\"https:\/\/ferreteradelnorte.com.ar\/web\/producto\/14207\/#primaryimage\"},\"datePublished\":\"2022-09-21T13:40:06+00:00\",\"dateModified\":\"2022-09-21T13:44:25+00:00\",\"inLanguage\":\"es\",\"potentialAction\":[{\"@type\":\"ReadAction\",\"target\":[\"https:\/\/ferreteradelnorte.com.ar\/web\/producto\/14207\/\"]}]}]}<\/script>\n<!-- \/ Yoast SEO plugin. -->","_links":{"self":[{"href":"https:\/\/ferreteradelnorte.com.ar\/web\/wp-json\/wp\/v2\/product\/14207"}],"collection":[{"href":"https:\/\/ferreteradelnorte.com.ar\/web\/wp-json\/wp\/v2\/product"}],"about":[{"href":"https:\/\/ferreteradelnorte.com.ar\/web\/wp-json\/wp\/v2\/types\/product"}],"replies":[{"embeddable":true,"href":"https:\/\/ferreteradelnorte.com.ar\/web\/wp-json\/wp\/v2\/comments?post=14207"}],"wp:featuredmedia":[{"embeddable":true,"href":"https:\/\/ferreteradelnorte.com.ar\/web\/wp-json\/wp\/v2\/media\/14208"}],"wp:attachment":[{"href":"https:\/\/ferreteradelnorte.com.ar\/web\/wp-json\/wp\/v2\/media?parent=14207"}],"curies":[{"name":"wp","href":"https:\/\/api.w.org\/{rel}","templated":true}]}}