{"id":13743,"date":"2020-10-27T23:04:39","date_gmt":"2020-10-27T23:04:39","guid":{"rendered":"http:\/\/ferreteradelnorte.com.ar\/web\/?post_type=product&#038;p=13743"},"modified":"2020-10-29T23:45:28","modified_gmt":"2020-10-29T23:45:28","slug":"rotomartillo-makita-3-8-kg-800w-hr2810","status":"publish","type":"product","link":"https:\/\/ferreteradelnorte.com.ar\/web\/producto\/rotomartillo-makita-3-8-kg-800w-hr2810\/","title":{"rendered":"Makita &#8211; HR2810"},"content":{"rendered":"","protected":false},"excerpt":{"rendered":"El rotomartillo combinado Makita HR2810 de 28 mm (1-1 \/ 8 \u00ab) posee un potente motor de 800 W que entrega 2,9 J (procedimiento EPTA 05\/2009) de energ\u00eda de impacto para manejar las aplicaciones m\u00e1s exigentes. Ofrece 3 modos de operaci\u00f3n: \u00abmartilleo\u00bb, \u00abmartilleo con rotaci\u00f3n\u00bb y \u00abrotaci\u00f3n\u00bb.\r\n","protected":false},"featured_media":13744,"comment_status":"open","ping_status":"closed","template":"","meta":[],"yoast_head":"<!-- This site is optimized with the Yoast SEO plugin v15.5 - https:\/\/yoast.com\/wordpress\/plugins\/seo\/ -->\n<title>Makita - HR2810 - Ferretera del norte<\/title>\n<meta name=\"robots\" content=\"index, follow, max-snippet:-1, max-image-preview:large, max-video-preview:-1\" \/>\n<link rel=\"canonical\" href=\"https:\/\/ferreteradelnorte.com.ar\/web\/producto\/rotomartillo-makita-3-8-kg-800w-hr2810\/\" \/>\n<meta property=\"og:locale\" content=\"es_ES\" \/>\n<meta property=\"og:type\" content=\"article\" \/>\n<meta property=\"og:title\" content=\"Makita - HR2810 - Ferretera del norte\" \/>\n<meta property=\"og:description\" content=\"El rotomartillo combinado Makita HR2810 de 28 mm (1-1 \/ 8 &quot;) posee un potente motor de 800 W que entrega 2,9 J (procedimiento EPTA 05\/2009) de energ\u00eda de impacto para manejar las aplicaciones m\u00e1s exigentes. Ofrece 3 modos de operaci\u00f3n: &quot;martilleo&quot;, &quot;martilleo con rotaci\u00f3n&quot; y &quot;rotaci\u00f3n&quot;.\" \/>\n<meta property=\"og:url\" content=\"https:\/\/ferreteradelnorte.com.ar\/web\/producto\/rotomartillo-makita-3-8-kg-800w-hr2810\/\" \/>\n<meta property=\"og:site_name\" content=\"Ferretera del norte\" \/>\n<meta property=\"article:publisher\" content=\"https:\/\/www.facebook.com\/FerreteradelnorteSrl\" \/>\n<meta property=\"article:modified_time\" content=\"2020-10-29T23:45:28+00:00\" \/>\n<meta property=\"og:image\" content=\"https:\/\/ferreteradelnorte.com.ar\/web\/wp-content\/uploads\/2020\/10\/1561406231-51506.jpg\" \/>\n\t<meta property=\"og:image:width\" content=\"1000\" \/>\n\t<meta property=\"og:image:height\" content=\"1000\" \/>\n<meta name=\"twitter:card\" content=\"summary_large_image\" \/>\n<script type=\"application\/ld+json\" class=\"yoast-schema-graph\">{\"@context\":\"https:\/\/schema.org\",\"@graph\":[{\"@type\":\"WebSite\",\"@id\":\"https:\/\/ferreteradelnorte.com.ar\/web\/#website\",\"url\":\"https:\/\/ferreteradelnorte.com.ar\/web\/\",\"name\":\"Ferretera del norte\",\"description\":\"Te ayudamos a crecer\",\"potentialAction\":[{\"@type\":\"SearchAction\",\"target\":\"https:\/\/ferreteradelnorte.com.ar\/web\/?s={search_term_string}\",\"query-input\":\"required name=search_term_string\"}],\"inLanguage\":\"es\"},{\"@type\":\"ImageObject\",\"@id\":\"https:\/\/ferreteradelnorte.com.ar\/web\/producto\/rotomartillo-makita-3-8-kg-800w-hr2810\/#primaryimage\",\"inLanguage\":\"es\",\"url\":\"https:\/\/ferreteradelnorte.com.ar\/web\/wp-content\/uploads\/2020\/10\/1561406231-51506.jpg\",\"width\":1000,\"height\":1000},{\"@type\":\"WebPage\",\"@id\":\"https:\/\/ferreteradelnorte.com.ar\/web\/producto\/rotomartillo-makita-3-8-kg-800w-hr2810\/#webpage\",\"url\":\"https:\/\/ferreteradelnorte.com.ar\/web\/producto\/rotomartillo-makita-3-8-kg-800w-hr2810\/\",\"name\":\"Makita - HR2810 - Ferretera del norte\",\"isPartOf\":{\"@id\":\"https:\/\/ferreteradelnorte.com.ar\/web\/#website\"},\"primaryImageOfPage\":{\"@id\":\"https:\/\/ferreteradelnorte.com.ar\/web\/producto\/rotomartillo-makita-3-8-kg-800w-hr2810\/#primaryimage\"},\"datePublished\":\"2020-10-27T23:04:39+00:00\",\"dateModified\":\"2020-10-29T23:45:28+00:00\",\"inLanguage\":\"es\",\"potentialAction\":[{\"@type\":\"ReadAction\",\"target\":[\"https:\/\/ferreteradelnorte.com.ar\/web\/producto\/rotomartillo-makita-3-8-kg-800w-hr2810\/\"]}]}]}<\/script>\n<!-- \/ Yoast SEO plugin. -->","_links":{"self":[{"href":"https:\/\/ferreteradelnorte.com.ar\/web\/wp-json\/wp\/v2\/product\/13743"}],"collection":[{"href":"https:\/\/ferreteradelnorte.com.ar\/web\/wp-json\/wp\/v2\/product"}],"about":[{"href":"https:\/\/ferreteradelnorte.com.ar\/web\/wp-json\/wp\/v2\/types\/product"}],"replies":[{"embeddable":true,"href":"https:\/\/ferreteradelnorte.com.ar\/web\/wp-json\/wp\/v2\/comments?post=13743"}],"wp:featuredmedia":[{"embeddable":true,"href":"https:\/\/ferreteradelnorte.com.ar\/web\/wp-json\/wp\/v2\/media\/13744"}],"wp:attachment":[{"href":"https:\/\/ferreteradelnorte.com.ar\/web\/wp-json\/wp\/v2\/media?parent=13743"}],"curies":[{"name":"wp","href":"https:\/\/api.w.org\/{rel}","templated":true}]}}