{"id":13736,"date":"2020-10-27T22:40:48","date_gmt":"2020-10-27T22:40:48","guid":{"rendered":"http:\/\/ferreteradelnorte.com.ar\/web\/?post_type=product&#038;p=13736"},"modified":"2020-10-29T23:46:01","modified_gmt":"2020-10-29T23:46:01","slug":"taladro-percutor-makita-mt-con-mandril-de-13-mm-500-w-m0801g","status":"publish","type":"product","link":"https:\/\/ferreteradelnorte.com.ar\/web\/producto\/taladro-percutor-makita-mt-con-mandril-de-13-mm-500-w-m0801g\/","title":{"rendered":"Makita MT &#8211; M0801G"},"content":{"rendered":"","protected":false},"excerpt":{"rendered":"El taladro percutor Makita MT M0801G de 13 mm de mandril y 16 mm (5\/8 \u00ab) de capacidad, posee un potente motor de 500 W que proporciona 0-3,200 RPM y 0-48,000 BPM para las aplicaciones m\u00e1s exigentes. Ofrece una operaci\u00f3n de 2 modos para \u00abS\u00f3lo rotaci\u00f3n\u00bb o \u00abMartilleo con rotaci\u00f3n\u00bb para m\u00faltiples aplicaciones y un mango lateral giratorio de 360 ??\u00b0 para mayor comodidad.\r\nIncluye llave para mandril y mango lateral.\r\n\r\nESPECIFICACIONES","protected":false},"featured_media":13737,"comment_status":"open","ping_status":"closed","template":"","meta":[],"yoast_head":"<!-- This site is optimized with the Yoast SEO plugin v15.5 - https:\/\/yoast.com\/wordpress\/plugins\/seo\/ -->\n<title>Makita MT - M0801G - Ferretera del norte<\/title>\n<meta name=\"robots\" content=\"index, follow, max-snippet:-1, max-image-preview:large, max-video-preview:-1\" \/>\n<link rel=\"canonical\" href=\"https:\/\/ferreteradelnorte.com.ar\/web\/producto\/taladro-percutor-makita-mt-con-mandril-de-13-mm-500-w-m0801g\/\" \/>\n<meta property=\"og:locale\" content=\"es_ES\" \/>\n<meta property=\"og:type\" content=\"article\" \/>\n<meta property=\"og:title\" content=\"Makita MT - M0801G - Ferretera del norte\" \/>\n<meta property=\"og:description\" content=\"El taladro percutor Makita MT M0801G de 13 mm de mandril y 16 mm (5\/8 &quot;) de capacidad, posee un potente motor de 500 W que proporciona 0-3,200 RPM y 0-48,000 BPM para las aplicaciones m\u00e1s exigentes. Ofrece una operaci\u00f3n de 2 modos para &quot;S\u00f3lo rotaci\u00f3n&quot; o &quot;Martilleo con rotaci\u00f3n&quot; para m\u00faltiples aplicaciones y un mango lateral giratorio de 360 ??\u00b0 para mayor comodidad. Incluye llave para mandril y mango lateral.  ESPECIFICACIONES\" \/>\n<meta property=\"og:url\" content=\"https:\/\/ferreteradelnorte.com.ar\/web\/producto\/taladro-percutor-makita-mt-con-mandril-de-13-mm-500-w-m0801g\/\" \/>\n<meta property=\"og:site_name\" content=\"Ferretera del norte\" \/>\n<meta property=\"article:publisher\" content=\"https:\/\/www.facebook.com\/FerreteradelnorteSrl\" \/>\n<meta property=\"article:modified_time\" content=\"2020-10-29T23:46:01+00:00\" \/>\n<meta property=\"og:image\" content=\"https:\/\/ferreteradelnorte.com.ar\/web\/wp-content\/uploads\/2020\/10\/1561406260-21717.jpg\" \/>\n\t<meta property=\"og:image:width\" content=\"1000\" \/>\n\t<meta property=\"og:image:height\" content=\"1000\" \/>\n<meta name=\"twitter:card\" content=\"summary_large_image\" \/>\n<script type=\"application\/ld+json\" class=\"yoast-schema-graph\">{\"@context\":\"https:\/\/schema.org\",\"@graph\":[{\"@type\":\"WebSite\",\"@id\":\"https:\/\/ferreteradelnorte.com.ar\/web\/#website\",\"url\":\"https:\/\/ferreteradelnorte.com.ar\/web\/\",\"name\":\"Ferretera del norte\",\"description\":\"Te ayudamos a crecer\",\"potentialAction\":[{\"@type\":\"SearchAction\",\"target\":\"https:\/\/ferreteradelnorte.com.ar\/web\/?s={search_term_string}\",\"query-input\":\"required name=search_term_string\"}],\"inLanguage\":\"es\"},{\"@type\":\"ImageObject\",\"@id\":\"https:\/\/ferreteradelnorte.com.ar\/web\/producto\/taladro-percutor-makita-mt-con-mandril-de-13-mm-500-w-m0801g\/#primaryimage\",\"inLanguage\":\"es\",\"url\":\"https:\/\/ferreteradelnorte.com.ar\/web\/wp-content\/uploads\/2020\/10\/1561406260-21717.jpg\",\"width\":1000,\"height\":1000},{\"@type\":\"WebPage\",\"@id\":\"https:\/\/ferreteradelnorte.com.ar\/web\/producto\/taladro-percutor-makita-mt-con-mandril-de-13-mm-500-w-m0801g\/#webpage\",\"url\":\"https:\/\/ferreteradelnorte.com.ar\/web\/producto\/taladro-percutor-makita-mt-con-mandril-de-13-mm-500-w-m0801g\/\",\"name\":\"Makita MT - M0801G - Ferretera del norte\",\"isPartOf\":{\"@id\":\"https:\/\/ferreteradelnorte.com.ar\/web\/#website\"},\"primaryImageOfPage\":{\"@id\":\"https:\/\/ferreteradelnorte.com.ar\/web\/producto\/taladro-percutor-makita-mt-con-mandril-de-13-mm-500-w-m0801g\/#primaryimage\"},\"datePublished\":\"2020-10-27T22:40:48+00:00\",\"dateModified\":\"2020-10-29T23:46:01+00:00\",\"inLanguage\":\"es\",\"potentialAction\":[{\"@type\":\"ReadAction\",\"target\":[\"https:\/\/ferreteradelnorte.com.ar\/web\/producto\/taladro-percutor-makita-mt-con-mandril-de-13-mm-500-w-m0801g\/\"]}]}]}<\/script>\n<!-- \/ Yoast SEO plugin. -->","_links":{"self":[{"href":"https:\/\/ferreteradelnorte.com.ar\/web\/wp-json\/wp\/v2\/product\/13736"}],"collection":[{"href":"https:\/\/ferreteradelnorte.com.ar\/web\/wp-json\/wp\/v2\/product"}],"about":[{"href":"https:\/\/ferreteradelnorte.com.ar\/web\/wp-json\/wp\/v2\/types\/product"}],"replies":[{"embeddable":true,"href":"https:\/\/ferreteradelnorte.com.ar\/web\/wp-json\/wp\/v2\/comments?post=13736"}],"wp:featuredmedia":[{"embeddable":true,"href":"https:\/\/ferreteradelnorte.com.ar\/web\/wp-json\/wp\/v2\/media\/13737"}],"wp:attachment":[{"href":"https:\/\/ferreteradelnorte.com.ar\/web\/wp-json\/wp\/v2\/media?parent=13736"}],"curies":[{"name":"wp","href":"https:\/\/api.w.org\/{rel}","templated":true}]}}