{"id":13732,"date":"2020-10-27T22:09:38","date_gmt":"2020-10-27T22:09:38","guid":{"rendered":"http:\/\/ferreteradelnorte.com.ar\/web\/?post_type=product&#038;p=13732"},"modified":"2020-10-29T23:46:32","modified_gmt":"2020-10-29T23:46:32","slug":"taladro-makita-percutor-13-mm-680w-hp1640","status":"publish","type":"product","link":"https:\/\/ferreteradelnorte.com.ar\/web\/producto\/taladro-makita-percutor-13-mm-680w-hp1640\/","title":{"rendered":"Makita  &#8211; HP1640"},"content":{"rendered":"","protected":false},"excerpt":{"rendered":"Ligero y manejable para trabajos en mamposter\u00eda con portabrocas manual.\r\nSistema de cambio de giro que permite cambiar la posici\u00f3n de las escobillas respecto del inducido, consiguiendo as\u00ed m\u00e1s potencia y alargando la vida \u00fatil de las mismas 3 veces m\u00e1s de lo habitual.\r\nGran selector, f\u00e1cil cambio de modo de trabajo (Rotaci\u00f3n m\u00e1s Percusi\u00f3n y s\u00f3lo Rotaci\u00f3n)\r\nEmpu\u00f1adura antideslizante para mayor control de la herramienta. Bot\u00f3n de bloqueo en el gatillo para mayor comodidad del operario. Gatillo para accionarlo con dos dedos","protected":false},"featured_media":13733,"comment_status":"open","ping_status":"closed","template":"","meta":[],"yoast_head":"<!-- This site is optimized with the Yoast SEO plugin v15.5 - https:\/\/yoast.com\/wordpress\/plugins\/seo\/ -->\n<title>Makita - HP1640 - Ferretera del norte<\/title>\n<meta name=\"robots\" content=\"index, follow, max-snippet:-1, max-image-preview:large, max-video-preview:-1\" \/>\n<link rel=\"canonical\" href=\"https:\/\/ferreteradelnorte.com.ar\/web\/producto\/taladro-makita-percutor-13-mm-680w-hp1640\/\" \/>\n<meta property=\"og:locale\" content=\"es_ES\" \/>\n<meta property=\"og:type\" content=\"article\" \/>\n<meta property=\"og:title\" content=\"Makita - HP1640 - Ferretera del norte\" \/>\n<meta property=\"og:description\" content=\"Ligero y manejable para trabajos en mamposter\u00eda con portabrocas manual. Sistema de cambio de giro que permite cambiar la posici\u00f3n de las escobillas respecto del inducido, consiguiendo as\u00ed m\u00e1s potencia y alargando la vida \u00fatil de las mismas 3 veces m\u00e1s de lo habitual. Gran selector, f\u00e1cil cambio de modo de trabajo (Rotaci\u00f3n m\u00e1s Percusi\u00f3n y s\u00f3lo Rotaci\u00f3n) Empu\u00f1adura antideslizante para mayor control de la herramienta. Bot\u00f3n de bloqueo en el gatillo para mayor comodidad del operario. Gatillo para accionarlo con dos dedos\" \/>\n<meta property=\"og:url\" content=\"https:\/\/ferreteradelnorte.com.ar\/web\/producto\/taladro-makita-percutor-13-mm-680w-hp1640\/\" \/>\n<meta property=\"og:site_name\" content=\"Ferretera del norte\" \/>\n<meta property=\"article:publisher\" content=\"https:\/\/www.facebook.com\/FerreteradelnorteSrl\" \/>\n<meta property=\"article:modified_time\" content=\"2020-10-29T23:46:32+00:00\" \/>\n<meta property=\"og:image\" content=\"https:\/\/ferreteradelnorte.com.ar\/web\/wp-content\/uploads\/2020\/10\/makita-hp1640.jpg\" \/>\n\t<meta property=\"og:image:width\" content=\"704\" \/>\n\t<meta property=\"og:image:height\" content=\"747\" \/>\n<meta name=\"twitter:card\" content=\"summary_large_image\" \/>\n<script type=\"application\/ld+json\" class=\"yoast-schema-graph\">{\"@context\":\"https:\/\/schema.org\",\"@graph\":[{\"@type\":\"WebSite\",\"@id\":\"https:\/\/ferreteradelnorte.com.ar\/web\/#website\",\"url\":\"https:\/\/ferreteradelnorte.com.ar\/web\/\",\"name\":\"Ferretera del norte\",\"description\":\"Te ayudamos a crecer\",\"potentialAction\":[{\"@type\":\"SearchAction\",\"target\":\"https:\/\/ferreteradelnorte.com.ar\/web\/?s={search_term_string}\",\"query-input\":\"required name=search_term_string\"}],\"inLanguage\":\"es\"},{\"@type\":\"ImageObject\",\"@id\":\"https:\/\/ferreteradelnorte.com.ar\/web\/producto\/taladro-makita-percutor-13-mm-680w-hp1640\/#primaryimage\",\"inLanguage\":\"es\",\"url\":\"https:\/\/ferreteradelnorte.com.ar\/web\/wp-content\/uploads\/2020\/10\/makita-hp1640.jpg\",\"width\":704,\"height\":747},{\"@type\":\"WebPage\",\"@id\":\"https:\/\/ferreteradelnorte.com.ar\/web\/producto\/taladro-makita-percutor-13-mm-680w-hp1640\/#webpage\",\"url\":\"https:\/\/ferreteradelnorte.com.ar\/web\/producto\/taladro-makita-percutor-13-mm-680w-hp1640\/\",\"name\":\"Makita - HP1640 - Ferretera del norte\",\"isPartOf\":{\"@id\":\"https:\/\/ferreteradelnorte.com.ar\/web\/#website\"},\"primaryImageOfPage\":{\"@id\":\"https:\/\/ferreteradelnorte.com.ar\/web\/producto\/taladro-makita-percutor-13-mm-680w-hp1640\/#primaryimage\"},\"datePublished\":\"2020-10-27T22:09:38+00:00\",\"dateModified\":\"2020-10-29T23:46:32+00:00\",\"inLanguage\":\"es\",\"potentialAction\":[{\"@type\":\"ReadAction\",\"target\":[\"https:\/\/ferreteradelnorte.com.ar\/web\/producto\/taladro-makita-percutor-13-mm-680w-hp1640\/\"]}]}]}<\/script>\n<!-- \/ Yoast SEO plugin. -->","_links":{"self":[{"href":"https:\/\/ferreteradelnorte.com.ar\/web\/wp-json\/wp\/v2\/product\/13732"}],"collection":[{"href":"https:\/\/ferreteradelnorte.com.ar\/web\/wp-json\/wp\/v2\/product"}],"about":[{"href":"https:\/\/ferreteradelnorte.com.ar\/web\/wp-json\/wp\/v2\/types\/product"}],"replies":[{"embeddable":true,"href":"https:\/\/ferreteradelnorte.com.ar\/web\/wp-json\/wp\/v2\/comments?post=13732"}],"wp:featuredmedia":[{"embeddable":true,"href":"https:\/\/ferreteradelnorte.com.ar\/web\/wp-json\/wp\/v2\/media\/13733"}],"wp:attachment":[{"href":"https:\/\/ferreteradelnorte.com.ar\/web\/wp-json\/wp\/v2\/media?parent=13732"}],"curies":[{"name":"wp","href":"https:\/\/api.w.org\/{rel}","templated":true}]}}