{"id":13723,"date":"2020-10-27T19:02:06","date_gmt":"2020-10-27T19:02:06","guid":{"rendered":"http:\/\/ferreteradelnorte.com.ar\/web\/?post_type=product&#038;p=13723"},"modified":"2020-10-30T00:01:35","modified_gmt":"2020-10-30T00:01:35","slug":"taladro-percusion-v-r-13-mm-6060","status":"publish","type":"product","link":"https:\/\/ferreteradelnorte.com.ar\/web\/producto\/taladro-percusion-v-r-13-mm-6060\/","title":{"rendered":"Skil &#8211; 6060"},"content":{"rendered":"","protected":false},"excerpt":{"rendered":"Taladro Percutor Skil 6060 700w Vel Variable 13mm Maletin + Guantes de Regalo\r\n\r\nRobusto y moderno.\r\nPara la perforaci\u00f3n con y sin impacto.\r\nModelo 6060 ,con malet\u00edn pl\u00e1stico\r\nTaladro de impacto.\r\nMandril: 13mm.(1\/2&#8243;).\r\nPotencia: 700 Watts.\r\nVelocidad Variable y Reversible.\r\nBot\u00f3n de Bloqueo:m\u00e1s comodidad para servicio continuo.\r\nCapacidad de perforaci\u00f3n:\r\nMadera: hasta 25mm.\r\nAcero: hasta 10mm.\r\nConcreto: hasta 13mm.\r\nGarant\u00eda: 1 a\u00f1o.\r\n\r\nIncluye: 1 llave de mandril, malet\u00edn y Varilla de profundidad","protected":false},"featured_media":13724,"comment_status":"open","ping_status":"closed","template":"","meta":[],"yoast_head":"<!-- This site is optimized with the Yoast SEO plugin v15.5 - https:\/\/yoast.com\/wordpress\/plugins\/seo\/ -->\n<title>Skil - 6060 - Ferretera del norte<\/title>\n<meta name=\"robots\" content=\"index, follow, max-snippet:-1, max-image-preview:large, max-video-preview:-1\" \/>\n<link rel=\"canonical\" href=\"https:\/\/ferreteradelnorte.com.ar\/web\/producto\/taladro-percusion-v-r-13-mm-6060\/\" \/>\n<meta property=\"og:locale\" content=\"es_ES\" \/>\n<meta property=\"og:type\" content=\"article\" \/>\n<meta property=\"og:title\" content=\"Skil - 6060 - Ferretera del norte\" \/>\n<meta property=\"og:description\" content=\"Taladro Percutor Skil 6060 700w Vel Variable 13mm Maletin + Guantes de Regalo  Robusto y moderno. Para la perforaci\u00f3n con y sin impacto. Modelo 6060 ,con malet\u00edn pl\u00e1stico Taladro de impacto. Mandril: 13mm.(1\/2&quot;). Potencia: 700 Watts. Velocidad Variable y Reversible. Bot\u00f3n de Bloqueo:m\u00e1s comodidad para servicio continuo. Capacidad de perforaci\u00f3n: Madera: hasta 25mm. Acero: hasta 10mm. Concreto: hasta 13mm. Garant\u00eda: 1 a\u00f1o.  Incluye: 1 llave de mandril, malet\u00edn y Varilla de profundidad\" \/>\n<meta property=\"og:url\" content=\"https:\/\/ferreteradelnorte.com.ar\/web\/producto\/taladro-percusion-v-r-13-mm-6060\/\" \/>\n<meta property=\"og:site_name\" content=\"Ferretera del norte\" \/>\n<meta property=\"article:publisher\" content=\"https:\/\/www.facebook.com\/FerreteradelnorteSrl\" \/>\n<meta property=\"article:modified_time\" content=\"2020-10-30T00:01:35+00:00\" \/>\n<meta property=\"og:image\" content=\"https:\/\/ferreteradelnorte.com.ar\/web\/wp-content\/uploads\/2020\/10\/SKIL-6060.jpg\" \/>\n\t<meta property=\"og:image:width\" content=\"900\" \/>\n\t<meta property=\"og:image:height\" content=\"672\" \/>\n<meta name=\"twitter:card\" content=\"summary_large_image\" \/>\n<script type=\"application\/ld+json\" class=\"yoast-schema-graph\">{\"@context\":\"https:\/\/schema.org\",\"@graph\":[{\"@type\":\"WebSite\",\"@id\":\"https:\/\/ferreteradelnorte.com.ar\/web\/#website\",\"url\":\"https:\/\/ferreteradelnorte.com.ar\/web\/\",\"name\":\"Ferretera del norte\",\"description\":\"Te ayudamos a crecer\",\"potentialAction\":[{\"@type\":\"SearchAction\",\"target\":\"https:\/\/ferreteradelnorte.com.ar\/web\/?s={search_term_string}\",\"query-input\":\"required name=search_term_string\"}],\"inLanguage\":\"es\"},{\"@type\":\"ImageObject\",\"@id\":\"https:\/\/ferreteradelnorte.com.ar\/web\/producto\/taladro-percusion-v-r-13-mm-6060\/#primaryimage\",\"inLanguage\":\"es\",\"url\":\"https:\/\/ferreteradelnorte.com.ar\/web\/wp-content\/uploads\/2020\/10\/SKIL-6060.jpg\",\"width\":900,\"height\":672},{\"@type\":\"WebPage\",\"@id\":\"https:\/\/ferreteradelnorte.com.ar\/web\/producto\/taladro-percusion-v-r-13-mm-6060\/#webpage\",\"url\":\"https:\/\/ferreteradelnorte.com.ar\/web\/producto\/taladro-percusion-v-r-13-mm-6060\/\",\"name\":\"Skil - 6060 - Ferretera del norte\",\"isPartOf\":{\"@id\":\"https:\/\/ferreteradelnorte.com.ar\/web\/#website\"},\"primaryImageOfPage\":{\"@id\":\"https:\/\/ferreteradelnorte.com.ar\/web\/producto\/taladro-percusion-v-r-13-mm-6060\/#primaryimage\"},\"datePublished\":\"2020-10-27T19:02:06+00:00\",\"dateModified\":\"2020-10-30T00:01:35+00:00\",\"inLanguage\":\"es\",\"potentialAction\":[{\"@type\":\"ReadAction\",\"target\":[\"https:\/\/ferreteradelnorte.com.ar\/web\/producto\/taladro-percusion-v-r-13-mm-6060\/\"]}]}]}<\/script>\n<!-- \/ Yoast SEO plugin. -->","_links":{"self":[{"href":"https:\/\/ferreteradelnorte.com.ar\/web\/wp-json\/wp\/v2\/product\/13723"}],"collection":[{"href":"https:\/\/ferreteradelnorte.com.ar\/web\/wp-json\/wp\/v2\/product"}],"about":[{"href":"https:\/\/ferreteradelnorte.com.ar\/web\/wp-json\/wp\/v2\/types\/product"}],"replies":[{"embeddable":true,"href":"https:\/\/ferreteradelnorte.com.ar\/web\/wp-json\/wp\/v2\/comments?post=13723"}],"wp:featuredmedia":[{"embeddable":true,"href":"https:\/\/ferreteradelnorte.com.ar\/web\/wp-json\/wp\/v2\/media\/13724"}],"wp:attachment":[{"href":"https:\/\/ferreteradelnorte.com.ar\/web\/wp-json\/wp\/v2\/media?parent=13723"}],"curies":[{"name":"wp","href":"https:\/\/api.w.org\/{rel}","templated":true}]}}