{"id":13721,"date":"2020-10-27T18:55:29","date_gmt":"2020-10-27T18:55:29","guid":{"rendered":"http:\/\/ferreteradelnorte.com.ar\/web\/?post_type=product&#038;p=13721"},"modified":"2022-09-21T13:36:59","modified_gmt":"2022-09-21T13:36:59","slug":"taladro-percusion-v-r-13-mm-6555","status":"publish","type":"product","link":"https:\/\/ferreteradelnorte.com.ar\/web\/producto\/taladro-percusion-v-r-13-mm-6555\/","title":{"rendered":"Skil &#8211; 6555"},"content":{"rendered":"DETALLE DEL PRODUCTO:\r\n\r\n_ Taladro percutor de mano semi-profesional ideal para uso dom\u00e9stico , sus 570 watts de potencia lo convierten en una excelente herramienta para taladrar madera, acero y hormig\u00f3n dentro de sus l\u00edmites. El taladro 6555 produce hasta 2.800 vueltas por minuto y a\u00fan ofrece una funci\u00f3n reversible, lo que ofrece la posibilidad de atornillar y desatornillar. Excelente dise\u00f1o: Robusto, seguro, resistente y m\u00e1s ergon\u00f3mico.\r\n\r\nDATOS T\u00c9CNICOS:\r\n\r\n&#8211; Marca: SKIIL\r\n&#8211; Modelo: 6555\r\n&#8211; Potencia: 570 Watts\r\n&#8211; Velocidad: 2800 Rpm\r\n&#8211; Tama\u00f1o del mandril : 13 Mm\r\n&#8211; Golpes por minuto : 48000 Gpm\r\n&#8211; Capacidad de perforaci\u00f3n en Acero: 10 mm\r\n&#8211; Capacidad de perforaci\u00f3n en madera: 25 mm\r\n&#8211; Capacidad de perforaci\u00f3n en hormig\u00f3n: 13 mm\r\n&#8211; Incluye: llave de ajuste mandril\r\n&#8211; NO incluye: empu\u00f1adura lateral, barra de profundidad.","protected":false},"excerpt":{"rendered":"DETALLE DEL PRODUCTO: _ Taladro percutor de mano semi-profesional ideal para uso dom\u00e9stico , sus 570 watts de potencia lo convierten en una excelente herramienta para taladrar madera, acero y hormig\u00f3n dentro de sus l\u00edmites. El taladro 6555 produce hasta&#8230;","protected":false},"featured_media":13722,"comment_status":"open","ping_status":"closed","template":"","meta":[],"yoast_head":"<!-- This site is optimized with the Yoast SEO plugin v15.5 - https:\/\/yoast.com\/wordpress\/plugins\/seo\/ -->\n<title>Skil - 6555 - Ferretera del norte<\/title>\n<meta name=\"robots\" content=\"index, follow, max-snippet:-1, max-image-preview:large, max-video-preview:-1\" \/>\n<link rel=\"canonical\" href=\"https:\/\/ferreteradelnorte.com.ar\/web\/producto\/taladro-percusion-v-r-13-mm-6555\/\" \/>\n<meta property=\"og:locale\" content=\"es_ES\" \/>\n<meta property=\"og:type\" content=\"article\" \/>\n<meta property=\"og:title\" content=\"Skil - 6555 - Ferretera del norte\" \/>\n<meta property=\"og:description\" content=\"DETALLE DEL PRODUCTO: _ Taladro percutor de mano semi-profesional ideal para uso dom\u00e9stico , sus 570 watts de potencia lo convierten en una excelente herramienta para taladrar madera, acero y hormig\u00f3n dentro de sus l\u00edmites. El taladro 6555 produce hasta...\" \/>\n<meta property=\"og:url\" content=\"https:\/\/ferreteradelnorte.com.ar\/web\/producto\/taladro-percusion-v-r-13-mm-6555\/\" \/>\n<meta property=\"og:site_name\" content=\"Ferretera del norte\" \/>\n<meta property=\"article:publisher\" content=\"https:\/\/www.facebook.com\/FerreteradelnorteSrl\" \/>\n<meta property=\"article:modified_time\" content=\"2022-09-21T13:36:59+00:00\" \/>\n<meta property=\"og:image\" content=\"https:\/\/ferreteradelnorte.com.ar\/web\/wp-content\/uploads\/2020\/10\/796869-mla32861685926_112019-f-1c8f6207ff333ea2d015924246629472-1024-1024.jpg\" \/>\n\t<meta property=\"og:image:width\" content=\"1024\" \/>\n\t<meta property=\"og:image:height\" content=\"1013\" \/>\n<meta name=\"twitter:card\" content=\"summary_large_image\" \/>\n<meta name=\"twitter:label1\" content=\"Tiempo de lectura\">\n\t<meta name=\"twitter:data1\" content=\"1 minuto\">\n<script type=\"application\/ld+json\" class=\"yoast-schema-graph\">{\"@context\":\"https:\/\/schema.org\",\"@graph\":[{\"@type\":\"WebSite\",\"@id\":\"https:\/\/ferreteradelnorte.com.ar\/web\/#website\",\"url\":\"https:\/\/ferreteradelnorte.com.ar\/web\/\",\"name\":\"Ferretera del norte\",\"description\":\"Te ayudamos a crecer\",\"potentialAction\":[{\"@type\":\"SearchAction\",\"target\":\"https:\/\/ferreteradelnorte.com.ar\/web\/?s={search_term_string}\",\"query-input\":\"required name=search_term_string\"}],\"inLanguage\":\"es\"},{\"@type\":\"ImageObject\",\"@id\":\"https:\/\/ferreteradelnorte.com.ar\/web\/producto\/taladro-percusion-v-r-13-mm-6555\/#primaryimage\",\"inLanguage\":\"es\",\"url\":\"https:\/\/ferreteradelnorte.com.ar\/web\/wp-content\/uploads\/2020\/10\/796869-mla32861685926_112019-f-1c8f6207ff333ea2d015924246629472-1024-1024.jpg\",\"width\":1024,\"height\":1013},{\"@type\":\"WebPage\",\"@id\":\"https:\/\/ferreteradelnorte.com.ar\/web\/producto\/taladro-percusion-v-r-13-mm-6555\/#webpage\",\"url\":\"https:\/\/ferreteradelnorte.com.ar\/web\/producto\/taladro-percusion-v-r-13-mm-6555\/\",\"name\":\"Skil - 6555 - Ferretera del norte\",\"isPartOf\":{\"@id\":\"https:\/\/ferreteradelnorte.com.ar\/web\/#website\"},\"primaryImageOfPage\":{\"@id\":\"https:\/\/ferreteradelnorte.com.ar\/web\/producto\/taladro-percusion-v-r-13-mm-6555\/#primaryimage\"},\"datePublished\":\"2020-10-27T18:55:29+00:00\",\"dateModified\":\"2022-09-21T13:36:59+00:00\",\"inLanguage\":\"es\",\"potentialAction\":[{\"@type\":\"ReadAction\",\"target\":[\"https:\/\/ferreteradelnorte.com.ar\/web\/producto\/taladro-percusion-v-r-13-mm-6555\/\"]}]}]}<\/script>\n<!-- \/ Yoast SEO plugin. -->","_links":{"self":[{"href":"https:\/\/ferreteradelnorte.com.ar\/web\/wp-json\/wp\/v2\/product\/13721"}],"collection":[{"href":"https:\/\/ferreteradelnorte.com.ar\/web\/wp-json\/wp\/v2\/product"}],"about":[{"href":"https:\/\/ferreteradelnorte.com.ar\/web\/wp-json\/wp\/v2\/types\/product"}],"replies":[{"embeddable":true,"href":"https:\/\/ferreteradelnorte.com.ar\/web\/wp-json\/wp\/v2\/comments?post=13721"}],"wp:featuredmedia":[{"embeddable":true,"href":"https:\/\/ferreteradelnorte.com.ar\/web\/wp-json\/wp\/v2\/media\/13722"}],"wp:attachment":[{"href":"https:\/\/ferreteradelnorte.com.ar\/web\/wp-json\/wp\/v2\/media?parent=13721"}],"curies":[{"name":"wp","href":"https:\/\/api.w.org\/{rel}","templated":true}]}}