{"id":13719,"date":"2020-10-27T18:47:09","date_gmt":"2020-10-27T18:47:09","guid":{"rendered":"http:\/\/ferreteradelnorte.com.ar\/web\/?post_type=product&#038;p=13719"},"modified":"2020-10-30T00:02:29","modified_gmt":"2020-10-30T00:02:29","slug":"13719","status":"publish","type":"product","link":"https:\/\/ferreteradelnorte.com.ar\/web\/producto\/13719\/","title":{"rendered":"Skil &#8211; 6604"},"content":{"rendered":"","protected":false},"excerpt":{"rendered":"Robusto y moderno\r\n\r\nInterruptor electr\u00f3nico, permite adaptar la velocidad al tipo de material\r\n\r\nSoft grip, pu\u00f1o de goma para una mejor ergonom\u00eda\r\n\r\nMandril de 10 mm\r\n\r\nMotor 100% rodamientado, Bot\u00f3n conmutador para la perforaci\u00f3n con o sin impacto, Ideal para madera (25 mm), acero (10 mm) y concreto (13 mm), Bot\u00f3n de bloqueo, m\u00e1s comodidad para servicio continuo\r\n<ul>\r\n \t<li>Tama\u00f1o: 3\/8&#8243; (10 mm)<\/li>\r\n \t<li>Potencia: 550 W<\/li>\r\n \t<li>Frecuencia: 127V &#8211; 60 Hz<\/li>\r\n \t<li>Amperes: 4,6 A<\/li>\r\n \t<li>Incluye: Taldro 3\/8&#8243; Skil, Empu\u00f1adura auxiliar, Llave de madril, Tope de profundidad, Manual de instrucciones<\/li>\r\n<\/ul>","protected":false},"featured_media":13720,"comment_status":"open","ping_status":"closed","template":"","meta":[],"yoast_head":"<!-- This site is optimized with the Yoast SEO plugin v15.5 - https:\/\/yoast.com\/wordpress\/plugins\/seo\/ -->\n<title>Skil - 6604 - Ferretera del norte<\/title>\n<meta name=\"robots\" content=\"index, follow, max-snippet:-1, max-image-preview:large, max-video-preview:-1\" \/>\n<link rel=\"canonical\" href=\"https:\/\/ferreteradelnorte.com.ar\/web\/producto\/13719\/\" \/>\n<meta property=\"og:locale\" content=\"es_ES\" \/>\n<meta property=\"og:type\" content=\"article\" \/>\n<meta property=\"og:title\" content=\"Skil - 6604 - Ferretera del norte\" \/>\n<meta property=\"og:description\" content=\"Robusto y moderno  Interruptor electr\u00f3nico, permite adaptar la velocidad al tipo de material  Soft grip, pu\u00f1o de goma para una mejor ergonom\u00eda  Mandril de 10 mm  Motor 100% rodamientado, Bot\u00f3n conmutador para la perforaci\u00f3n con o sin impacto, Ideal para madera (25 mm), acero (10 mm) y concreto (13 mm), Bot\u00f3n de bloqueo, m\u00e1s comodidad para servicio continuo   Tama\u00f1o: 3\/8&quot; (10 mm)  Potencia: 550 W  Frecuencia: 127V - 60 Hz  Amperes: 4,6 A  Incluye: Taldro 3\/8&quot; Skil, Empu\u00f1adura auxiliar, Llave de madril, Tope de profundidad, Manual de instrucciones\" \/>\n<meta property=\"og:url\" content=\"https:\/\/ferreteradelnorte.com.ar\/web\/producto\/13719\/\" \/>\n<meta property=\"og:site_name\" content=\"Ferretera del norte\" \/>\n<meta property=\"article:publisher\" content=\"https:\/\/www.facebook.com\/FerreteradelnorteSrl\" \/>\n<meta property=\"article:modified_time\" content=\"2020-10-30T00:02:29+00:00\" \/>\n<meta property=\"og:image\" content=\"https:\/\/ferreteradelnorte.com.ar\/web\/wp-content\/uploads\/2020\/10\/960473-MLM26171501397_102017-O_1cef523d-094c-4e50-a21b-83651a65a12c_800x.jpg\" \/>\n\t<meta property=\"og:image:width\" content=\"500\" \/>\n\t<meta property=\"og:image:height\" content=\"500\" \/>\n<meta name=\"twitter:card\" content=\"summary_large_image\" \/>\n<script type=\"application\/ld+json\" class=\"yoast-schema-graph\">{\"@context\":\"https:\/\/schema.org\",\"@graph\":[{\"@type\":\"WebSite\",\"@id\":\"https:\/\/ferreteradelnorte.com.ar\/web\/#website\",\"url\":\"https:\/\/ferreteradelnorte.com.ar\/web\/\",\"name\":\"Ferretera del norte\",\"description\":\"Te ayudamos a crecer\",\"potentialAction\":[{\"@type\":\"SearchAction\",\"target\":\"https:\/\/ferreteradelnorte.com.ar\/web\/?s={search_term_string}\",\"query-input\":\"required name=search_term_string\"}],\"inLanguage\":\"es\"},{\"@type\":\"ImageObject\",\"@id\":\"https:\/\/ferreteradelnorte.com.ar\/web\/producto\/13719\/#primaryimage\",\"inLanguage\":\"es\",\"url\":\"https:\/\/ferreteradelnorte.com.ar\/web\/wp-content\/uploads\/2020\/10\/960473-MLM26171501397_102017-O_1cef523d-094c-4e50-a21b-83651a65a12c_800x.jpg\",\"width\":500,\"height\":500},{\"@type\":\"WebPage\",\"@id\":\"https:\/\/ferreteradelnorte.com.ar\/web\/producto\/13719\/#webpage\",\"url\":\"https:\/\/ferreteradelnorte.com.ar\/web\/producto\/13719\/\",\"name\":\"Skil - 6604 - Ferretera del norte\",\"isPartOf\":{\"@id\":\"https:\/\/ferreteradelnorte.com.ar\/web\/#website\"},\"primaryImageOfPage\":{\"@id\":\"https:\/\/ferreteradelnorte.com.ar\/web\/producto\/13719\/#primaryimage\"},\"datePublished\":\"2020-10-27T18:47:09+00:00\",\"dateModified\":\"2020-10-30T00:02:29+00:00\",\"inLanguage\":\"es\",\"potentialAction\":[{\"@type\":\"ReadAction\",\"target\":[\"https:\/\/ferreteradelnorte.com.ar\/web\/producto\/13719\/\"]}]}]}<\/script>\n<!-- \/ Yoast SEO plugin. -->","_links":{"self":[{"href":"https:\/\/ferreteradelnorte.com.ar\/web\/wp-json\/wp\/v2\/product\/13719"}],"collection":[{"href":"https:\/\/ferreteradelnorte.com.ar\/web\/wp-json\/wp\/v2\/product"}],"about":[{"href":"https:\/\/ferreteradelnorte.com.ar\/web\/wp-json\/wp\/v2\/types\/product"}],"replies":[{"embeddable":true,"href":"https:\/\/ferreteradelnorte.com.ar\/web\/wp-json\/wp\/v2\/comments?post=13719"}],"wp:featuredmedia":[{"embeddable":true,"href":"https:\/\/ferreteradelnorte.com.ar\/web\/wp-json\/wp\/v2\/media\/13720"}],"wp:attachment":[{"href":"https:\/\/ferreteradelnorte.com.ar\/web\/wp-json\/wp\/v2\/media?parent=13719"}],"curies":[{"name":"wp","href":"https:\/\/api.w.org\/{rel}","templated":true}]}}