{"id":13717,"date":"2020-10-27T18:43:11","date_gmt":"2020-10-27T18:43:11","guid":{"rendered":"http:\/\/ferreteradelnorte.com.ar\/web\/?post_type=product&#038;p=13717"},"modified":"2020-10-29T23:47:50","modified_gmt":"2020-10-29T23:47:50","slug":"rotopercutor-sds-24-mm-2-1j-1859","status":"publish","type":"product","link":"https:\/\/ferreteradelnorte.com.ar\/web\/producto\/rotopercutor-sds-24-mm-2-1j-1859\/","title":{"rendered":"Skil SDS 24 mm -2.1J &#8211; 1859"},"content":{"rendered":"","protected":false},"excerpt":{"rendered":"Carcaza de Aluminio &#8211; Regulaci\u00f3n del Angulo del Cincel\r\n3 funciones: Cincelado, Perforaci\u00f3n con y sin Impacto\r\n750 Watts &#8211; Velocidad Variable de 0 a 1.000 RPM &#8211; Reversible\r\nMalet\u00edn PVC &#8211; Mandril adicional con adaptador\r\nBroca SDS 8, 10 y 12 mm","protected":false},"featured_media":13718,"comment_status":"open","ping_status":"closed","template":"","meta":[],"yoast_head":"<!-- This site is optimized with the Yoast SEO plugin v15.5 - https:\/\/yoast.com\/wordpress\/plugins\/seo\/ -->\n<title>Skil SDS 24 mm -2.1J - 1859 - Ferretera del norte<\/title>\n<meta name=\"robots\" content=\"index, follow, max-snippet:-1, max-image-preview:large, max-video-preview:-1\" \/>\n<link rel=\"canonical\" href=\"https:\/\/ferreteradelnorte.com.ar\/web\/producto\/rotopercutor-sds-24-mm-2-1j-1859\/\" \/>\n<meta property=\"og:locale\" content=\"es_ES\" \/>\n<meta property=\"og:type\" content=\"article\" \/>\n<meta property=\"og:title\" content=\"Skil SDS 24 mm -2.1J - 1859 - Ferretera del norte\" \/>\n<meta property=\"og:description\" content=\"Carcaza de Aluminio - Regulaci\u00f3n del Angulo del Cincel 3 funciones: Cincelado, Perforaci\u00f3n con y sin Impacto 750 Watts - Velocidad Variable de 0 a 1.000 RPM - Reversible Malet\u00edn PVC - Mandril adicional con adaptador Broca SDS 8, 10 y 12 mm\" \/>\n<meta property=\"og:url\" content=\"https:\/\/ferreteradelnorte.com.ar\/web\/producto\/rotopercutor-sds-24-mm-2-1j-1859\/\" \/>\n<meta property=\"og:site_name\" content=\"Ferretera del norte\" \/>\n<meta property=\"article:publisher\" content=\"https:\/\/www.facebook.com\/FerreteradelnorteSrl\" \/>\n<meta property=\"article:modified_time\" content=\"2020-10-29T23:47:50+00:00\" \/>\n<meta property=\"og:image\" content=\"https:\/\/ferreteradelnorte.com.ar\/web\/wp-content\/uploads\/2020\/10\/D_726146-MLA40078507086_122019-O.jpg\" \/>\n\t<meta property=\"og:image:width\" content=\"499\" \/>\n\t<meta property=\"og:image:height\" content=\"500\" \/>\n<meta name=\"twitter:card\" content=\"summary_large_image\" \/>\n<script type=\"application\/ld+json\" class=\"yoast-schema-graph\">{\"@context\":\"https:\/\/schema.org\",\"@graph\":[{\"@type\":\"WebSite\",\"@id\":\"https:\/\/ferreteradelnorte.com.ar\/web\/#website\",\"url\":\"https:\/\/ferreteradelnorte.com.ar\/web\/\",\"name\":\"Ferretera del norte\",\"description\":\"Te ayudamos a crecer\",\"potentialAction\":[{\"@type\":\"SearchAction\",\"target\":\"https:\/\/ferreteradelnorte.com.ar\/web\/?s={search_term_string}\",\"query-input\":\"required name=search_term_string\"}],\"inLanguage\":\"es\"},{\"@type\":\"ImageObject\",\"@id\":\"https:\/\/ferreteradelnorte.com.ar\/web\/producto\/rotopercutor-sds-24-mm-2-1j-1859\/#primaryimage\",\"inLanguage\":\"es\",\"url\":\"https:\/\/ferreteradelnorte.com.ar\/web\/wp-content\/uploads\/2020\/10\/D_726146-MLA40078507086_122019-O.jpg\",\"width\":499,\"height\":500},{\"@type\":\"WebPage\",\"@id\":\"https:\/\/ferreteradelnorte.com.ar\/web\/producto\/rotopercutor-sds-24-mm-2-1j-1859\/#webpage\",\"url\":\"https:\/\/ferreteradelnorte.com.ar\/web\/producto\/rotopercutor-sds-24-mm-2-1j-1859\/\",\"name\":\"Skil SDS 24 mm -2.1J - 1859 - Ferretera del norte\",\"isPartOf\":{\"@id\":\"https:\/\/ferreteradelnorte.com.ar\/web\/#website\"},\"primaryImageOfPage\":{\"@id\":\"https:\/\/ferreteradelnorte.com.ar\/web\/producto\/rotopercutor-sds-24-mm-2-1j-1859\/#primaryimage\"},\"datePublished\":\"2020-10-27T18:43:11+00:00\",\"dateModified\":\"2020-10-29T23:47:50+00:00\",\"inLanguage\":\"es\",\"potentialAction\":[{\"@type\":\"ReadAction\",\"target\":[\"https:\/\/ferreteradelnorte.com.ar\/web\/producto\/rotopercutor-sds-24-mm-2-1j-1859\/\"]}]}]}<\/script>\n<!-- \/ Yoast SEO plugin. -->","_links":{"self":[{"href":"https:\/\/ferreteradelnorte.com.ar\/web\/wp-json\/wp\/v2\/product\/13717"}],"collection":[{"href":"https:\/\/ferreteradelnorte.com.ar\/web\/wp-json\/wp\/v2\/product"}],"about":[{"href":"https:\/\/ferreteradelnorte.com.ar\/web\/wp-json\/wp\/v2\/types\/product"}],"replies":[{"embeddable":true,"href":"https:\/\/ferreteradelnorte.com.ar\/web\/wp-json\/wp\/v2\/comments?post=13717"}],"wp:featuredmedia":[{"embeddable":true,"href":"https:\/\/ferreteradelnorte.com.ar\/web\/wp-json\/wp\/v2\/media\/13718"}],"wp:attachment":[{"href":"https:\/\/ferreteradelnorte.com.ar\/web\/wp-json\/wp\/v2\/media?parent=13717"}],"curies":[{"name":"wp","href":"https:\/\/api.w.org\/{rel}","templated":true}]}}