{"id":13710,"date":"2020-10-27T02:07:00","date_gmt":"2020-10-27T02:07:00","guid":{"rendered":"http:\/\/ferreteradelnorte.com.ar\/web\/?post_type=product&#038;p=13710"},"modified":"2024-05-02T08:04:25","modified_gmt":"2024-05-02T08:04:25","slug":"rotopercutor-sds-24-mm-gbh-2-24-d","status":"publish","type":"product","link":"https:\/\/ferreteradelnorte.com.ar\/web\/producto\/rotopercutor-sds-24-mm-gbh-2-24-d\/","title":{"rendered":"Bosch GBH 2-24 D"},"content":{"rendered":"","protected":false},"excerpt":{"rendered":"Martillo Rotopercutor Sds-Plus Bosch Gbh 2 24 D + Maletin\r\n\r\nPotencia absorbida: 820 W\r\n\r\nPotencia de percusi\u00f3n: 2,7 J\r\n\r\nN\u00famero de impactos en velocidad nominal de rotaci\u00f3n: 0 &#8211; 5100 bpm\r\n\r\nVelocidad de rotaci\u00f3n: 0 &#8211; 1300 rpm\r\n\r\nPeso: 2.8 kg","protected":false},"featured_media":13711,"comment_status":"open","ping_status":"closed","template":"","meta":[],"yoast_head":"<!-- This site is optimized with the Yoast SEO plugin v15.5 - https:\/\/yoast.com\/wordpress\/plugins\/seo\/ -->\n<title>Bosch GBH 2-24 D - Ferretera del norte<\/title>\n<meta name=\"robots\" content=\"index, follow, max-snippet:-1, max-image-preview:large, max-video-preview:-1\" \/>\n<link rel=\"canonical\" href=\"https:\/\/ferreteradelnorte.com.ar\/web\/producto\/rotopercutor-sds-24-mm-gbh-2-24-d\/\" \/>\n<meta property=\"og:locale\" content=\"es_ES\" \/>\n<meta property=\"og:type\" content=\"article\" \/>\n<meta property=\"og:title\" content=\"Bosch GBH 2-24 D - Ferretera del norte\" \/>\n<meta property=\"og:description\" content=\"Martillo Rotopercutor Sds-Plus Bosch Gbh 2 24 D + Maletin  Potencia absorbida: 820 W  Potencia de percusi\u00f3n: 2,7 J  N\u00famero de impactos en velocidad nominal de rotaci\u00f3n: 0 - 5100 bpm  Velocidad de rotaci\u00f3n: 0 - 1300 rpm  Peso: 2.8 kg\" \/>\n<meta property=\"og:url\" content=\"https:\/\/ferreteradelnorte.com.ar\/web\/producto\/rotopercutor-sds-24-mm-gbh-2-24-d\/\" \/>\n<meta property=\"og:site_name\" content=\"Ferretera del norte\" \/>\n<meta property=\"article:publisher\" content=\"https:\/\/www.facebook.com\/FerreteradelnorteSrl\" \/>\n<meta property=\"article:modified_time\" content=\"2024-05-02T08:04:25+00:00\" \/>\n<meta property=\"og:image\" content=\"https:\/\/ferreteradelnorte.com.ar\/web\/wp-content\/uploads\/2020\/10\/descarga-2.jpg\" \/>\n\t<meta property=\"og:image:width\" content=\"225\" \/>\n\t<meta property=\"og:image:height\" content=\"225\" \/>\n<meta name=\"twitter:card\" content=\"summary_large_image\" \/>\n<script type=\"application\/ld+json\" class=\"yoast-schema-graph\">{\"@context\":\"https:\/\/schema.org\",\"@graph\":[{\"@type\":\"WebSite\",\"@id\":\"https:\/\/ferreteradelnorte.com.ar\/web\/#website\",\"url\":\"https:\/\/ferreteradelnorte.com.ar\/web\/\",\"name\":\"Ferretera del norte\",\"description\":\"Te ayudamos a crecer\",\"potentialAction\":[{\"@type\":\"SearchAction\",\"target\":\"https:\/\/ferreteradelnorte.com.ar\/web\/?s={search_term_string}\",\"query-input\":\"required name=search_term_string\"}],\"inLanguage\":\"es\"},{\"@type\":\"ImageObject\",\"@id\":\"https:\/\/ferreteradelnorte.com.ar\/web\/producto\/rotopercutor-sds-24-mm-gbh-2-24-d\/#primaryimage\",\"inLanguage\":\"es\",\"url\":\"https:\/\/ferreteradelnorte.com.ar\/web\/wp-content\/uploads\/2020\/10\/descarga-2.jpg\",\"width\":225,\"height\":225},{\"@type\":\"WebPage\",\"@id\":\"https:\/\/ferreteradelnorte.com.ar\/web\/producto\/rotopercutor-sds-24-mm-gbh-2-24-d\/#webpage\",\"url\":\"https:\/\/ferreteradelnorte.com.ar\/web\/producto\/rotopercutor-sds-24-mm-gbh-2-24-d\/\",\"name\":\"Bosch GBH 2-24 D - Ferretera del norte\",\"isPartOf\":{\"@id\":\"https:\/\/ferreteradelnorte.com.ar\/web\/#website\"},\"primaryImageOfPage\":{\"@id\":\"https:\/\/ferreteradelnorte.com.ar\/web\/producto\/rotopercutor-sds-24-mm-gbh-2-24-d\/#primaryimage\"},\"datePublished\":\"2020-10-27T02:07:00+00:00\",\"dateModified\":\"2024-05-02T08:04:25+00:00\",\"inLanguage\":\"es\",\"potentialAction\":[{\"@type\":\"ReadAction\",\"target\":[\"https:\/\/ferreteradelnorte.com.ar\/web\/producto\/rotopercutor-sds-24-mm-gbh-2-24-d\/\"]}]}]}<\/script>\n<!-- \/ Yoast SEO plugin. -->","_links":{"self":[{"href":"https:\/\/ferreteradelnorte.com.ar\/web\/wp-json\/wp\/v2\/product\/13710"}],"collection":[{"href":"https:\/\/ferreteradelnorte.com.ar\/web\/wp-json\/wp\/v2\/product"}],"about":[{"href":"https:\/\/ferreteradelnorte.com.ar\/web\/wp-json\/wp\/v2\/types\/product"}],"replies":[{"embeddable":true,"href":"https:\/\/ferreteradelnorte.com.ar\/web\/wp-json\/wp\/v2\/comments?post=13710"}],"wp:featuredmedia":[{"embeddable":true,"href":"https:\/\/ferreteradelnorte.com.ar\/web\/wp-json\/wp\/v2\/media\/13711"}],"wp:attachment":[{"href":"https:\/\/ferreteradelnorte.com.ar\/web\/wp-json\/wp\/v2\/media?parent=13710"}],"curies":[{"name":"wp","href":"https:\/\/api.w.org\/{rel}","templated":true}]}}