{"id":13700,"date":"2020-10-27T00:24:02","date_gmt":"2020-10-27T00:24:02","guid":{"rendered":"http:\/\/ferreteradelnorte.com.ar\/web\/?post_type=product&#038;p=13700"},"modified":"2020-10-30T00:02:53","modified_gmt":"2020-10-30T00:02:53","slug":"taladro-percutor-bosch-gsb-550-re-13mm-550w","status":"publish","type":"product","link":"https:\/\/ferreteradelnorte.com.ar\/web\/producto\/taladro-percutor-bosch-gsb-550-re-13mm-550w\/","title":{"rendered":"Bosch Gsb 550 Re"},"content":{"rendered":"","protected":false},"excerpt":{"rendered":"<ul class=\"ui-pdp-list__wrapper\">\r\n \t<li class=\"ui-pdp-list__item\">\r\n<p class=\"ui-pdp-list__text\"><span class=\"ui-pdp-color--BLACK ui-pdp-size--XSMALL ui-pdp-family--BOLD\">Tama\u00f1o del mandril<\/span>: 13 mm<\/p>\r\n<\/li>\r\n<\/ul>\r\n<ul class=\"ui-pdp-list__wrapper\">\r\n \t<li class=\"ui-pdp-list__item\">\r\n<p class=\"ui-pdp-list__text\"><span class=\"ui-pdp-color--BLACK ui-pdp-size--XSMALL ui-pdp-family--BOLD\">Velocidad m\u00ednima de rotaci\u00f3n<\/span>: 3100 rpm<\/p>\r\n<\/li>\r\n \t<li class=\"ui-pdp-list__item\">\r\n<p class=\"ui-pdp-list__text\"><span class=\"ui-pdp-color--BLACK ui-pdp-size--XSMALL ui-pdp-family--BOLD\">Velocidad m\u00e1xima de rotaci\u00f3n<\/span>: 3100 rpm<\/p>\r\n<\/li>\r\n<\/ul>\r\n<ul class=\"ui-pdp-list__wrapper\">\r\n \t<li class=\"ui-pdp-list__item\">\r\n<p class=\"ui-pdp-list__text\"><span class=\"ui-pdp-color--BLACK ui-pdp-size--XSMALL ui-pdp-family--BOLD\">Golpes por minuto<\/span>: 44800<\/p>\r\n<\/li>\r\n \t<li class=\"ui-pdp-list__item\">\r\n<p class=\"ui-pdp-list__text\"><span class=\"ui-pdp-color--BLACK ui-pdp-size--XSMALL ui-pdp-family--BOLD\">Con funci\u00f3n percutor<\/span>: S\u00ed<\/p>\r\n<\/li>\r\n<\/ul>\r\n<ul class=\"ui-pdp-list__wrapper\">\r\n \t<li class=\"ui-pdp-list__item\">\r\n<p class=\"ui-pdp-list__text\"><span class=\"ui-pdp-color--BLACK ui-pdp-size--XSMALL ui-pdp-family--BOLD\">Con velocidad variable<\/span>: S\u00ed<\/p>\r\n<\/li>\r\n \t<li class=\"ui-pdp-list__item\">\r\n<p class=\"ui-pdp-list__text\"><span class=\"ui-pdp-color--BLACK ui-pdp-size--XSMALL ui-pdp-family--BOLD\">Con funci\u00f3n reversa<\/span>: S\u00ed<\/p>\r\n<\/li>\r\n<\/ul>\r\n<ul class=\"ui-pdp-list__wrapper\">\r\n \t<li class=\"ui-pdp-list__item\">\r\n<p class=\"ui-pdp-list__text\"><span class=\"ui-pdp-color--BLACK ui-pdp-size--XSMALL ui-pdp-family--BOLD\">Capacidad m\u00e1xima de perforaci\u00f3n en madera<\/span>: 25 mm<\/p>\r\n<\/li>\r\n \t<li class=\"ui-pdp-list__item\">\r\n<p class=\"ui-pdp-list__text\"><span class=\"ui-pdp-color--BLACK ui-pdp-size--XSMALL ui-pdp-family--BOLD\">Capacidad m\u00e1xima de perforaci\u00f3n en metal<\/span>: 10 mm<\/p>\r\n<\/li>\r\n<\/ul>\r\n<ul class=\"ui-pdp-list__wrapper\">\r\n \t<li class=\"ui-pdp-list__item\">\r\n<p class=\"ui-pdp-list__text\"><span class=\"ui-pdp-color--BLACK ui-pdp-size--XSMALL ui-pdp-family--BOLD\">Capacidad m\u00e1xima de perforaci\u00f3n en hormig\u00f3n<\/span>: 13 mm<\/p>\r\n<\/li>\r\n \t<li class=\"ui-pdp-list__item\">\r\n<p class=\"ui-pdp-list__text\"><span class=\"ui-pdp-color--BLACK ui-pdp-size--XSMALL ui-pdp-family--BOLD\">Peso<\/span>: 1.8 kg<\/p>\r\n<\/li>\r\n<\/ul>","protected":false},"featured_media":13701,"comment_status":"open","ping_status":"closed","template":"","meta":[],"yoast_head":"<!-- This site is optimized with the Yoast SEO plugin v15.5 - https:\/\/yoast.com\/wordpress\/plugins\/seo\/ -->\n<title>Bosch Gsb 550 Re - Ferretera del norte<\/title>\n<meta name=\"robots\" content=\"index, follow, max-snippet:-1, max-image-preview:large, max-video-preview:-1\" \/>\n<link rel=\"canonical\" href=\"https:\/\/ferreteradelnorte.com.ar\/web\/producto\/taladro-percutor-bosch-gsb-550-re-13mm-550w\/\" \/>\n<meta property=\"og:locale\" content=\"es_ES\" \/>\n<meta property=\"og:type\" content=\"article\" \/>\n<meta property=\"og:title\" content=\"Bosch Gsb 550 Re - Ferretera del norte\" \/>\n<meta property=\"og:description\" content=\"Tama\u00f1o del mandril: 13 mm      Velocidad m\u00ednima de rotaci\u00f3n: 3100 rpm    Velocidad m\u00e1xima de rotaci\u00f3n: 3100 rpm      Golpes por minuto: 44800    Con funci\u00f3n percutor: S\u00ed      Con velocidad variable: S\u00ed    Con funci\u00f3n reversa: S\u00ed      Capacidad m\u00e1xima de perforaci\u00f3n en madera: 25 mm    Capacidad m\u00e1xima de perforaci\u00f3n en metal: 10 mm      Capacidad m\u00e1xima de perforaci\u00f3n en hormig\u00f3n: 13 mm    Peso: 1.8 kg\" \/>\n<meta property=\"og:url\" content=\"https:\/\/ferreteradelnorte.com.ar\/web\/producto\/taladro-percutor-bosch-gsb-550-re-13mm-550w\/\" \/>\n<meta property=\"og:site_name\" content=\"Ferretera del norte\" \/>\n<meta property=\"article:publisher\" content=\"https:\/\/www.facebook.com\/FerreteradelnorteSrl\" \/>\n<meta property=\"article:modified_time\" content=\"2020-10-30T00:02:53+00:00\" \/>\n<meta property=\"og:image\" content=\"https:\/\/ferreteradelnorte.com.ar\/web\/wp-content\/uploads\/2020\/10\/taladro-percutor-bosch-gsb-550-re-13mm-550w-D_NQ_NP_844108-MLA31662474454_082019-F.jpg\" \/>\n\t<meta property=\"og:image:width\" content=\"1135\" \/>\n\t<meta property=\"og:image:height\" content=\"750\" \/>\n<meta name=\"twitter:card\" content=\"summary_large_image\" \/>\n<script type=\"application\/ld+json\" class=\"yoast-schema-graph\">{\"@context\":\"https:\/\/schema.org\",\"@graph\":[{\"@type\":\"WebSite\",\"@id\":\"https:\/\/ferreteradelnorte.com.ar\/web\/#website\",\"url\":\"https:\/\/ferreteradelnorte.com.ar\/web\/\",\"name\":\"Ferretera del norte\",\"description\":\"Te ayudamos a crecer\",\"potentialAction\":[{\"@type\":\"SearchAction\",\"target\":\"https:\/\/ferreteradelnorte.com.ar\/web\/?s={search_term_string}\",\"query-input\":\"required name=search_term_string\"}],\"inLanguage\":\"es\"},{\"@type\":\"ImageObject\",\"@id\":\"https:\/\/ferreteradelnorte.com.ar\/web\/producto\/taladro-percutor-bosch-gsb-550-re-13mm-550w\/#primaryimage\",\"inLanguage\":\"es\",\"url\":\"https:\/\/ferreteradelnorte.com.ar\/web\/wp-content\/uploads\/2020\/10\/taladro-percutor-bosch-gsb-550-re-13mm-550w-D_NQ_NP_844108-MLA31662474454_082019-F.jpg\",\"width\":1135,\"height\":750},{\"@type\":\"WebPage\",\"@id\":\"https:\/\/ferreteradelnorte.com.ar\/web\/producto\/taladro-percutor-bosch-gsb-550-re-13mm-550w\/#webpage\",\"url\":\"https:\/\/ferreteradelnorte.com.ar\/web\/producto\/taladro-percutor-bosch-gsb-550-re-13mm-550w\/\",\"name\":\"Bosch Gsb 550 Re - Ferretera del norte\",\"isPartOf\":{\"@id\":\"https:\/\/ferreteradelnorte.com.ar\/web\/#website\"},\"primaryImageOfPage\":{\"@id\":\"https:\/\/ferreteradelnorte.com.ar\/web\/producto\/taladro-percutor-bosch-gsb-550-re-13mm-550w\/#primaryimage\"},\"datePublished\":\"2020-10-27T00:24:02+00:00\",\"dateModified\":\"2020-10-30T00:02:53+00:00\",\"inLanguage\":\"es\",\"potentialAction\":[{\"@type\":\"ReadAction\",\"target\":[\"https:\/\/ferreteradelnorte.com.ar\/web\/producto\/taladro-percutor-bosch-gsb-550-re-13mm-550w\/\"]}]}]}<\/script>\n<!-- \/ Yoast SEO plugin. -->","_links":{"self":[{"href":"https:\/\/ferreteradelnorte.com.ar\/web\/wp-json\/wp\/v2\/product\/13700"}],"collection":[{"href":"https:\/\/ferreteradelnorte.com.ar\/web\/wp-json\/wp\/v2\/product"}],"about":[{"href":"https:\/\/ferreteradelnorte.com.ar\/web\/wp-json\/wp\/v2\/types\/product"}],"replies":[{"embeddable":true,"href":"https:\/\/ferreteradelnorte.com.ar\/web\/wp-json\/wp\/v2\/comments?post=13700"}],"wp:featuredmedia":[{"embeddable":true,"href":"https:\/\/ferreteradelnorte.com.ar\/web\/wp-json\/wp\/v2\/media\/13701"}],"wp:attachment":[{"href":"https:\/\/ferreteradelnorte.com.ar\/web\/wp-json\/wp\/v2\/media?parent=13700"}],"curies":[{"name":"wp","href":"https:\/\/api.w.org\/{rel}","templated":true}]}}