{"id":13697,"date":"2020-10-27T00:20:55","date_gmt":"2020-10-27T00:20:55","guid":{"rendered":"http:\/\/ferreteradelnorte.com.ar\/web\/?post_type=product&#038;p=13697"},"modified":"2024-03-23T22:17:14","modified_gmt":"2024-03-23T22:17:14","slug":"taladro-percusion-10-mm-gsb-450-re","status":"publish","type":"product","link":"https:\/\/ferreteradelnorte.com.ar\/web\/producto\/taladro-percusion-10-mm-gsb-450-re\/","title":{"rendered":"Bosch GSB 450 RE"},"content":{"rendered":"","protected":false},"excerpt":{"rendered":"Ventajas\r\nCompacto y robusto con opci\u00f3n para perforar con y sin percusi\u00f3n\r\nResistente mandril en metal de alta calidad (10 mm)\r\nFunci\u00f3n reversible, versatilidad para atornillar y desatornillar\r\nVelocidad variable, m\u00e1s control y un excelente desempe\u00f1o en todos los materiales\r\n\r\nCARACTER\u00cdSTICAS T\u00c9CNICAS\r\nPotencia: 450W\r\nMandril: 10 mm (3\/8&#8243;)\r\nVelocidad variable: 0-3100 rpm\r\nPercusiones por minuto: 0 &#8211; 49.600 ppm\r\nPeso: 1,6 kg\r\n\u00d8 de perforaci\u00f3n en mamposter\u00eda: 10 mm\r\n\u00d8 de perforaci\u00f3n en madera: 20 mm\r\n\u00d8 de perforaci\u00f3n en acero: 10 mm\r\nOrigen: Brasil","protected":false},"featured_media":13699,"comment_status":"open","ping_status":"closed","template":"","meta":[],"yoast_head":"<!-- This site is optimized with the Yoast SEO plugin v15.5 - https:\/\/yoast.com\/wordpress\/plugins\/seo\/ -->\n<title>Bosch GSB 450 RE - Ferretera del norte<\/title>\n<meta name=\"robots\" content=\"index, follow, max-snippet:-1, max-image-preview:large, max-video-preview:-1\" \/>\n<link rel=\"canonical\" href=\"https:\/\/ferreteradelnorte.com.ar\/web\/producto\/taladro-percusion-10-mm-gsb-450-re\/\" \/>\n<meta property=\"og:locale\" content=\"es_ES\" \/>\n<meta property=\"og:type\" content=\"article\" \/>\n<meta property=\"og:title\" content=\"Bosch GSB 450 RE - Ferretera del norte\" \/>\n<meta property=\"og:description\" content=\"Ventajas Compacto y robusto con opci\u00f3n para perforar con y sin percusi\u00f3n Resistente mandril en metal de alta calidad (10 mm) Funci\u00f3n reversible, versatilidad para atornillar y desatornillar Velocidad variable, m\u00e1s control y un excelente desempe\u00f1o en todos los materiales  CARACTER\u00cdSTICAS T\u00c9CNICAS Potencia: 450W Mandril: 10 mm (3\/8&quot;) Velocidad variable: 0-3100 rpm Percusiones por minuto: 0 - 49.600 ppm Peso: 1,6 kg \u00d8 de perforaci\u00f3n en mamposter\u00eda: 10 mm \u00d8 de perforaci\u00f3n en madera: 20 mm \u00d8 de perforaci\u00f3n en acero: 10 mm Origen: Brasil\" \/>\n<meta property=\"og:url\" content=\"https:\/\/ferreteradelnorte.com.ar\/web\/producto\/taladro-percusion-10-mm-gsb-450-re\/\" \/>\n<meta property=\"og:site_name\" content=\"Ferretera del norte\" \/>\n<meta property=\"article:publisher\" content=\"https:\/\/www.facebook.com\/FerreteradelnorteSrl\" \/>\n<meta property=\"article:modified_time\" content=\"2024-03-23T22:17:14+00:00\" \/>\n<meta property=\"og:image\" content=\"https:\/\/ferreteradelnorte.com.ar\/web\/wp-content\/uploads\/2020\/10\/D_NQ_NP_698076-MLA31025430509_062019-O.jpg\" \/>\n\t<meta property=\"og:image:width\" content=\"500\" \/>\n\t<meta property=\"og:image:height\" content=\"472\" \/>\n<meta name=\"twitter:card\" content=\"summary_large_image\" \/>\n<script type=\"application\/ld+json\" class=\"yoast-schema-graph\">{\"@context\":\"https:\/\/schema.org\",\"@graph\":[{\"@type\":\"WebSite\",\"@id\":\"https:\/\/ferreteradelnorte.com.ar\/web\/#website\",\"url\":\"https:\/\/ferreteradelnorte.com.ar\/web\/\",\"name\":\"Ferretera del norte\",\"description\":\"Te ayudamos a crecer\",\"potentialAction\":[{\"@type\":\"SearchAction\",\"target\":\"https:\/\/ferreteradelnorte.com.ar\/web\/?s={search_term_string}\",\"query-input\":\"required name=search_term_string\"}],\"inLanguage\":\"es\"},{\"@type\":\"ImageObject\",\"@id\":\"https:\/\/ferreteradelnorte.com.ar\/web\/producto\/taladro-percusion-10-mm-gsb-450-re\/#primaryimage\",\"inLanguage\":\"es\",\"url\":\"https:\/\/ferreteradelnorte.com.ar\/web\/wp-content\/uploads\/2020\/10\/D_NQ_NP_698076-MLA31025430509_062019-O.jpg\",\"width\":500,\"height\":472},{\"@type\":\"WebPage\",\"@id\":\"https:\/\/ferreteradelnorte.com.ar\/web\/producto\/taladro-percusion-10-mm-gsb-450-re\/#webpage\",\"url\":\"https:\/\/ferreteradelnorte.com.ar\/web\/producto\/taladro-percusion-10-mm-gsb-450-re\/\",\"name\":\"Bosch GSB 450 RE - Ferretera del norte\",\"isPartOf\":{\"@id\":\"https:\/\/ferreteradelnorte.com.ar\/web\/#website\"},\"primaryImageOfPage\":{\"@id\":\"https:\/\/ferreteradelnorte.com.ar\/web\/producto\/taladro-percusion-10-mm-gsb-450-re\/#primaryimage\"},\"datePublished\":\"2020-10-27T00:20:55+00:00\",\"dateModified\":\"2024-03-23T22:17:14+00:00\",\"inLanguage\":\"es\",\"potentialAction\":[{\"@type\":\"ReadAction\",\"target\":[\"https:\/\/ferreteradelnorte.com.ar\/web\/producto\/taladro-percusion-10-mm-gsb-450-re\/\"]}]}]}<\/script>\n<!-- \/ Yoast SEO plugin. -->","_links":{"self":[{"href":"https:\/\/ferreteradelnorte.com.ar\/web\/wp-json\/wp\/v2\/product\/13697"}],"collection":[{"href":"https:\/\/ferreteradelnorte.com.ar\/web\/wp-json\/wp\/v2\/product"}],"about":[{"href":"https:\/\/ferreteradelnorte.com.ar\/web\/wp-json\/wp\/v2\/types\/product"}],"replies":[{"embeddable":true,"href":"https:\/\/ferreteradelnorte.com.ar\/web\/wp-json\/wp\/v2\/comments?post=13697"}],"wp:featuredmedia":[{"embeddable":true,"href":"https:\/\/ferreteradelnorte.com.ar\/web\/wp-json\/wp\/v2\/media\/13699"}],"wp:attachment":[{"href":"https:\/\/ferreteradelnorte.com.ar\/web\/wp-json\/wp\/v2\/media?parent=13697"}],"curies":[{"name":"wp","href":"https:\/\/api.w.org\/{rel}","templated":true}]}}