{"id":13685,"date":"2020-10-25T23:08:35","date_gmt":"2020-10-25T23:08:35","guid":{"rendered":"http:\/\/ferreteradelnorte.com.ar\/web\/?post_type=product&#038;p=13685"},"modified":"2023-05-18T05:11:56","modified_gmt":"2023-05-18T05:11:56","slug":"pulidora-makita-mod-9227cb-1200w","status":"publish","type":"product","link":"https:\/\/ferreteradelnorte.com.ar\/web\/producto\/pulidora-makita-mod-9227cb-1200w\/","title":{"rendered":"Makita . 9227CB"},"content":{"rendered":"","protected":false},"excerpt":{"rendered":"<strong>Caracteristicas:<\/strong>\r\n\r\n* C\u00e1cter de engranajes hermeticamente sellado\r\n* Control electr\u00f3nico de velocidad constante y variable\r\n* Forma de empu\u00f1adura bien preparada para mayor comodidad de uso\r\n* Plato pulidor por sistema de fijac\u00edon de velcro\r\n* Amplia asa frontal protegida contra posibles descargas de electricidad est\u00e1tica","protected":false},"featured_media":13686,"comment_status":"open","ping_status":"closed","template":"","meta":[],"yoast_head":"<!-- This site is optimized with the Yoast SEO plugin v15.5 - https:\/\/yoast.com\/wordpress\/plugins\/seo\/ -->\n<title>Makita . 9227CB - Ferretera del norte<\/title>\n<meta name=\"robots\" content=\"index, follow, max-snippet:-1, max-image-preview:large, max-video-preview:-1\" \/>\n<link rel=\"canonical\" href=\"https:\/\/ferreteradelnorte.com.ar\/web\/producto\/pulidora-makita-mod-9227cb-1200w\/\" \/>\n<meta property=\"og:locale\" content=\"es_ES\" \/>\n<meta property=\"og:type\" content=\"article\" \/>\n<meta property=\"og:title\" content=\"Makita . 9227CB - Ferretera del norte\" \/>\n<meta property=\"og:description\" content=\"Caracteristicas:  * C\u00e1cter de engranajes hermeticamente sellado * Control electr\u00f3nico de velocidad constante y variable * Forma de empu\u00f1adura bien preparada para mayor comodidad de uso * Plato pulidor por sistema de fijac\u00edon de velcro * Amplia asa frontal protegida contra posibles descargas de electricidad est\u00e1tica\" \/>\n<meta property=\"og:url\" content=\"https:\/\/ferreteradelnorte.com.ar\/web\/producto\/pulidora-makita-mod-9227cb-1200w\/\" \/>\n<meta property=\"og:site_name\" content=\"Ferretera del norte\" \/>\n<meta property=\"article:publisher\" content=\"https:\/\/www.facebook.com\/FerreteradelnorteSrl\" \/>\n<meta property=\"article:modified_time\" content=\"2023-05-18T05:11:56+00:00\" \/>\n<meta property=\"og:image\" content=\"https:\/\/ferreteradelnorte.com.ar\/web\/wp-content\/uploads\/2020\/10\/9227CB.jpg\" \/>\n\t<meta property=\"og:image:width\" content=\"1253\" \/>\n\t<meta property=\"og:image:height\" content=\"768\" \/>\n<meta name=\"twitter:card\" content=\"summary_large_image\" \/>\n<script type=\"application\/ld+json\" class=\"yoast-schema-graph\">{\"@context\":\"https:\/\/schema.org\",\"@graph\":[{\"@type\":\"WebSite\",\"@id\":\"https:\/\/ferreteradelnorte.com.ar\/web\/#website\",\"url\":\"https:\/\/ferreteradelnorte.com.ar\/web\/\",\"name\":\"Ferretera del norte\",\"description\":\"Te ayudamos a crecer\",\"potentialAction\":[{\"@type\":\"SearchAction\",\"target\":\"https:\/\/ferreteradelnorte.com.ar\/web\/?s={search_term_string}\",\"query-input\":\"required name=search_term_string\"}],\"inLanguage\":\"es\"},{\"@type\":\"ImageObject\",\"@id\":\"https:\/\/ferreteradelnorte.com.ar\/web\/producto\/pulidora-makita-mod-9227cb-1200w\/#primaryimage\",\"inLanguage\":\"es\",\"url\":\"https:\/\/ferreteradelnorte.com.ar\/web\/wp-content\/uploads\/2020\/10\/9227CB.jpg\",\"width\":1253,\"height\":768,\"caption\":\"This image was generated using Interchange and WM95, both from HighWater Designs Ltd.\"},{\"@type\":\"WebPage\",\"@id\":\"https:\/\/ferreteradelnorte.com.ar\/web\/producto\/pulidora-makita-mod-9227cb-1200w\/#webpage\",\"url\":\"https:\/\/ferreteradelnorte.com.ar\/web\/producto\/pulidora-makita-mod-9227cb-1200w\/\",\"name\":\"Makita . 9227CB - Ferretera del norte\",\"isPartOf\":{\"@id\":\"https:\/\/ferreteradelnorte.com.ar\/web\/#website\"},\"primaryImageOfPage\":{\"@id\":\"https:\/\/ferreteradelnorte.com.ar\/web\/producto\/pulidora-makita-mod-9227cb-1200w\/#primaryimage\"},\"datePublished\":\"2020-10-25T23:08:35+00:00\",\"dateModified\":\"2023-05-18T05:11:56+00:00\",\"inLanguage\":\"es\",\"potentialAction\":[{\"@type\":\"ReadAction\",\"target\":[\"https:\/\/ferreteradelnorte.com.ar\/web\/producto\/pulidora-makita-mod-9227cb-1200w\/\"]}]}]}<\/script>\n<!-- \/ Yoast SEO plugin. -->","_links":{"self":[{"href":"https:\/\/ferreteradelnorte.com.ar\/web\/wp-json\/wp\/v2\/product\/13685"}],"collection":[{"href":"https:\/\/ferreteradelnorte.com.ar\/web\/wp-json\/wp\/v2\/product"}],"about":[{"href":"https:\/\/ferreteradelnorte.com.ar\/web\/wp-json\/wp\/v2\/types\/product"}],"replies":[{"embeddable":true,"href":"https:\/\/ferreteradelnorte.com.ar\/web\/wp-json\/wp\/v2\/comments?post=13685"}],"wp:featuredmedia":[{"embeddable":true,"href":"https:\/\/ferreteradelnorte.com.ar\/web\/wp-json\/wp\/v2\/media\/13686"}],"wp:attachment":[{"href":"https:\/\/ferreteradelnorte.com.ar\/web\/wp-json\/wp\/v2\/media?parent=13685"}],"curies":[{"name":"wp","href":"https:\/\/api.w.org\/{rel}","templated":true}]}}