{"id":13680,"date":"2020-10-25T22:51:58","date_gmt":"2020-10-25T22:51:58","guid":{"rendered":"http:\/\/ferreteradelnorte.com.ar\/web\/?post_type=product&#038;p=13680"},"modified":"2020-10-30T00:06:28","modified_gmt":"2020-10-30T00:06:28","slug":"amoladora-makita-230mm-9-2200-w-ga9020","status":"publish","type":"product","link":"https:\/\/ferreteradelnorte.com.ar\/web\/producto\/amoladora-makita-230mm-9-2200-w-ga9020\/","title":{"rendered":"Makita &#8211; GA9020"},"content":{"rendered":"","protected":false},"excerpt":{"rendered":"<div class=\"row\">\r\n<div class=\"col-md-6 prod-info\">\r\n<p class=\"desc\">La amoladora Makita GA9020 cuenta con sistema anti-reinicio evitando que la herramienta se ponga en marcha con el lock-on activado luego de un corte de corriente. Con nuevo formato del cabezal m\u00e1s robusta y duradera. Entre otras caracter\u00edsticas posee protecci\u00f3n contra la perdida de grasa, as\u00ed como contra el polvo de empu\u00f1adura antideslizante, para mayor control y confort para el usuario.\r\nIncluye agarre lateral, cubierta de rueda, llave de tuerca de seguridad.<\/p>\r\n\r\n<\/div>\r\n<\/div>\r\n<div id=\"extra-info-desk\" class=\"extra-info\">\r\n<ul id=\"pills-tab\" class=\"nav nav-pills\" role=\"tablist\">\r\n \t<li class=\"nav-item\"><\/li>\r\n<\/ul>\r\n<\/div>","protected":false},"featured_media":13681,"comment_status":"open","ping_status":"closed","template":"","meta":[],"yoast_head":"<!-- This site is optimized with the Yoast SEO plugin v15.5 - https:\/\/yoast.com\/wordpress\/plugins\/seo\/ -->\n<title>Makita - GA9020 - Ferretera del norte<\/title>\n<meta name=\"robots\" content=\"index, follow, max-snippet:-1, max-image-preview:large, max-video-preview:-1\" \/>\n<link rel=\"canonical\" href=\"https:\/\/ferreteradelnorte.com.ar\/web\/producto\/amoladora-makita-230mm-9-2200-w-ga9020\/\" \/>\n<meta property=\"og:locale\" content=\"es_ES\" \/>\n<meta property=\"og:type\" content=\"article\" \/>\n<meta property=\"og:title\" content=\"Makita - GA9020 - Ferretera del norte\" \/>\n<meta property=\"og:description\" content=\"La amoladora Makita GA9020 cuenta con sistema anti-reinicio evitando que la herramienta se ponga en marcha con el lock-on activado luego de un corte de corriente. Con nuevo formato del cabezal m\u00e1s robusta y duradera. Entre otras caracter\u00edsticas posee protecci\u00f3n contra la perdida de grasa, as\u00ed como contra el polvo de empu\u00f1adura antideslizante, para mayor control y confort para el usuario. Incluye agarre lateral, cubierta de rueda, llave de tuerca de seguridad.\" \/>\n<meta property=\"og:url\" content=\"https:\/\/ferreteradelnorte.com.ar\/web\/producto\/amoladora-makita-230mm-9-2200-w-ga9020\/\" \/>\n<meta property=\"og:site_name\" content=\"Ferretera del norte\" \/>\n<meta property=\"article:publisher\" content=\"https:\/\/www.facebook.com\/FerreteradelnorteSrl\" \/>\n<meta property=\"article:modified_time\" content=\"2020-10-30T00:06:28+00:00\" \/>\n<meta property=\"og:image\" content=\"https:\/\/ferreteradelnorte.com.ar\/web\/wp-content\/uploads\/2020\/10\/1561406221-66752.jpg\" \/>\n\t<meta property=\"og:image:width\" content=\"1000\" \/>\n\t<meta property=\"og:image:height\" content=\"1000\" \/>\n<meta name=\"twitter:card\" content=\"summary_large_image\" \/>\n<script type=\"application\/ld+json\" class=\"yoast-schema-graph\">{\"@context\":\"https:\/\/schema.org\",\"@graph\":[{\"@type\":\"WebSite\",\"@id\":\"https:\/\/ferreteradelnorte.com.ar\/web\/#website\",\"url\":\"https:\/\/ferreteradelnorte.com.ar\/web\/\",\"name\":\"Ferretera del norte\",\"description\":\"Te ayudamos a crecer\",\"potentialAction\":[{\"@type\":\"SearchAction\",\"target\":\"https:\/\/ferreteradelnorte.com.ar\/web\/?s={search_term_string}\",\"query-input\":\"required name=search_term_string\"}],\"inLanguage\":\"es\"},{\"@type\":\"ImageObject\",\"@id\":\"https:\/\/ferreteradelnorte.com.ar\/web\/producto\/amoladora-makita-230mm-9-2200-w-ga9020\/#primaryimage\",\"inLanguage\":\"es\",\"url\":\"https:\/\/ferreteradelnorte.com.ar\/web\/wp-content\/uploads\/2020\/10\/1561406221-66752.jpg\",\"width\":1000,\"height\":1000},{\"@type\":\"WebPage\",\"@id\":\"https:\/\/ferreteradelnorte.com.ar\/web\/producto\/amoladora-makita-230mm-9-2200-w-ga9020\/#webpage\",\"url\":\"https:\/\/ferreteradelnorte.com.ar\/web\/producto\/amoladora-makita-230mm-9-2200-w-ga9020\/\",\"name\":\"Makita - GA9020 - Ferretera del norte\",\"isPartOf\":{\"@id\":\"https:\/\/ferreteradelnorte.com.ar\/web\/#website\"},\"primaryImageOfPage\":{\"@id\":\"https:\/\/ferreteradelnorte.com.ar\/web\/producto\/amoladora-makita-230mm-9-2200-w-ga9020\/#primaryimage\"},\"datePublished\":\"2020-10-25T22:51:58+00:00\",\"dateModified\":\"2020-10-30T00:06:28+00:00\",\"inLanguage\":\"es\",\"potentialAction\":[{\"@type\":\"ReadAction\",\"target\":[\"https:\/\/ferreteradelnorte.com.ar\/web\/producto\/amoladora-makita-230mm-9-2200-w-ga9020\/\"]}]}]}<\/script>\n<!-- \/ Yoast SEO plugin. -->","_links":{"self":[{"href":"https:\/\/ferreteradelnorte.com.ar\/web\/wp-json\/wp\/v2\/product\/13680"}],"collection":[{"href":"https:\/\/ferreteradelnorte.com.ar\/web\/wp-json\/wp\/v2\/product"}],"about":[{"href":"https:\/\/ferreteradelnorte.com.ar\/web\/wp-json\/wp\/v2\/types\/product"}],"replies":[{"embeddable":true,"href":"https:\/\/ferreteradelnorte.com.ar\/web\/wp-json\/wp\/v2\/comments?post=13680"}],"wp:featuredmedia":[{"embeddable":true,"href":"https:\/\/ferreteradelnorte.com.ar\/web\/wp-json\/wp\/v2\/media\/13681"}],"wp:attachment":[{"href":"https:\/\/ferreteradelnorte.com.ar\/web\/wp-json\/wp\/v2\/media?parent=13680"}],"curies":[{"name":"wp","href":"https:\/\/api.w.org\/{rel}","templated":true}]}}