{"id":13672,"date":"2020-10-25T22:30:28","date_gmt":"2020-10-25T22:30:28","guid":{"rendered":"http:\/\/ferreteradelnorte.com.ar\/web\/?post_type=product&#038;p=13672"},"modified":"2025-06-01T10:06:57","modified_gmt":"2025-06-01T10:06:57","slug":"amoladora-angular-makita-m9507g-720w-115mm-4-1-2","status":"publish","type":"product","link":"https:\/\/ferreteradelnorte.com.ar\/web\/producto\/amoladora-angular-makita-m9507g-720w-115mm-4-1-2\/","title":{"rendered":"Makita M9507g"},"content":{"rendered":"","protected":false},"excerpt":{"rendered":"<div class=\"row\">\r\n<div class=\"col-md-6 prod-info\">\r\n<p class=\"desc\">La amoladora Makita MT M9507G cuenta con un potente motor de 720W y ofrece 11,000 RPM para las aplicaciones m\u00e1s exigentes. Con engranajes c\u00f3nicos en espiral para rotaciones m\u00e1s suaves y una transferencia de energ\u00eda m\u00e1s eficiente.\r\nIncluye agarre lateral, cubierta de rueda, llave de tuerca de seguridad.<\/p>\r\n\r\n<\/div>\r\n<\/div>","protected":false},"featured_media":13673,"comment_status":"open","ping_status":"closed","template":"","meta":[],"yoast_head":"<!-- This site is optimized with the Yoast SEO plugin v15.5 - https:\/\/yoast.com\/wordpress\/plugins\/seo\/ -->\n<title>Makita M9507g - Ferretera del norte<\/title>\n<meta name=\"robots\" content=\"index, follow, max-snippet:-1, max-image-preview:large, max-video-preview:-1\" \/>\n<link rel=\"canonical\" href=\"https:\/\/ferreteradelnorte.com.ar\/web\/producto\/amoladora-angular-makita-m9507g-720w-115mm-4-1-2\/\" \/>\n<meta property=\"og:locale\" content=\"es_ES\" \/>\n<meta property=\"og:type\" content=\"article\" \/>\n<meta property=\"og:title\" content=\"Makita M9507g - Ferretera del norte\" \/>\n<meta property=\"og:description\" content=\"La amoladora Makita MT M9507G cuenta con un potente motor de 720W y ofrece 11,000 RPM para las aplicaciones m\u00e1s exigentes. Con engranajes c\u00f3nicos en espiral para rotaciones m\u00e1s suaves y una transferencia de energ\u00eda m\u00e1s eficiente. Incluye agarre lateral, cubierta de rueda, llave de tuerca de seguridad.\" \/>\n<meta property=\"og:url\" content=\"https:\/\/ferreteradelnorte.com.ar\/web\/producto\/amoladora-angular-makita-m9507g-720w-115mm-4-1-2\/\" \/>\n<meta property=\"og:site_name\" content=\"Ferretera del norte\" \/>\n<meta property=\"article:publisher\" content=\"https:\/\/www.facebook.com\/FerreteradelnorteSrl\" \/>\n<meta property=\"article:modified_time\" content=\"2025-06-01T10:06:57+00:00\" \/>\n<meta property=\"og:image\" content=\"https:\/\/ferreteradelnorte.com.ar\/web\/wp-content\/uploads\/2020\/10\/M9507G-Angle-Grinder.jpg\" \/>\n\t<meta property=\"og:image:width\" content=\"453\" \/>\n\t<meta property=\"og:image:height\" content=\"427\" \/>\n<meta name=\"twitter:card\" content=\"summary_large_image\" \/>\n<script type=\"application\/ld+json\" class=\"yoast-schema-graph\">{\"@context\":\"https:\/\/schema.org\",\"@graph\":[{\"@type\":\"WebSite\",\"@id\":\"https:\/\/ferreteradelnorte.com.ar\/web\/#website\",\"url\":\"https:\/\/ferreteradelnorte.com.ar\/web\/\",\"name\":\"Ferretera del norte\",\"description\":\"Te ayudamos a crecer\",\"potentialAction\":[{\"@type\":\"SearchAction\",\"target\":\"https:\/\/ferreteradelnorte.com.ar\/web\/?s={search_term_string}\",\"query-input\":\"required name=search_term_string\"}],\"inLanguage\":\"es\"},{\"@type\":\"ImageObject\",\"@id\":\"https:\/\/ferreteradelnorte.com.ar\/web\/producto\/amoladora-angular-makita-m9507g-720w-115mm-4-1-2\/#primaryimage\",\"inLanguage\":\"es\",\"url\":\"https:\/\/ferreteradelnorte.com.ar\/web\/wp-content\/uploads\/2020\/10\/M9507G-Angle-Grinder.jpg\",\"width\":453,\"height\":427},{\"@type\":\"WebPage\",\"@id\":\"https:\/\/ferreteradelnorte.com.ar\/web\/producto\/amoladora-angular-makita-m9507g-720w-115mm-4-1-2\/#webpage\",\"url\":\"https:\/\/ferreteradelnorte.com.ar\/web\/producto\/amoladora-angular-makita-m9507g-720w-115mm-4-1-2\/\",\"name\":\"Makita M9507g - Ferretera del norte\",\"isPartOf\":{\"@id\":\"https:\/\/ferreteradelnorte.com.ar\/web\/#website\"},\"primaryImageOfPage\":{\"@id\":\"https:\/\/ferreteradelnorte.com.ar\/web\/producto\/amoladora-angular-makita-m9507g-720w-115mm-4-1-2\/#primaryimage\"},\"datePublished\":\"2020-10-25T22:30:28+00:00\",\"dateModified\":\"2025-06-01T10:06:57+00:00\",\"inLanguage\":\"es\",\"potentialAction\":[{\"@type\":\"ReadAction\",\"target\":[\"https:\/\/ferreteradelnorte.com.ar\/web\/producto\/amoladora-angular-makita-m9507g-720w-115mm-4-1-2\/\"]}]}]}<\/script>\n<!-- \/ Yoast SEO plugin. -->","_links":{"self":[{"href":"https:\/\/ferreteradelnorte.com.ar\/web\/wp-json\/wp\/v2\/product\/13672"}],"collection":[{"href":"https:\/\/ferreteradelnorte.com.ar\/web\/wp-json\/wp\/v2\/product"}],"about":[{"href":"https:\/\/ferreteradelnorte.com.ar\/web\/wp-json\/wp\/v2\/types\/product"}],"replies":[{"embeddable":true,"href":"https:\/\/ferreteradelnorte.com.ar\/web\/wp-json\/wp\/v2\/comments?post=13672"}],"wp:featuredmedia":[{"embeddable":true,"href":"https:\/\/ferreteradelnorte.com.ar\/web\/wp-json\/wp\/v2\/media\/13673"}],"wp:attachment":[{"href":"https:\/\/ferreteradelnorte.com.ar\/web\/wp-json\/wp\/v2\/media?parent=13672"}],"curies":[{"name":"wp","href":"https:\/\/api.w.org\/{rel}","templated":true}]}}