{"id":13668,"date":"2020-10-25T22:18:59","date_gmt":"2020-10-25T22:18:59","guid":{"rendered":"http:\/\/ferreteradelnorte.com.ar\/web\/?post_type=product&#038;p=13668"},"modified":"2024-02-17T21:14:22","modified_gmt":"2024-02-17T21:14:22","slug":"amoladora-makita-mini-esmeril-71w-mod-9554hn","status":"publish","type":"product","link":"https:\/\/ferreteradelnorte.com.ar\/web\/producto\/amoladora-makita-mini-esmeril-71w-mod-9554hn\/","title":{"rendered":"Makita  -MOD.9554HN"},"content":{"rendered":"","protected":false},"excerpt":{"rendered":"<h2>Descripci\u00f3n<\/h2>\r\nCuerpo de peque\u00f1a circunferencia para una f\u00e1cil manipulaci\u00f3n.\r\n\r\nArmadura con protecci\u00f3n de barniz zig-zag y campo con polvo de barniz para protecci\u00f3n del motor de polvo y ruptura de alambre asegura durabilidad y es suficiente para corte en concreto.\r\n\r\nCompacta y poderosa, esmerila con una sola mano.\r\n\r\nConstrucci\u00f3n de laberinto protege todos los rodamientos del polvo y restos.","protected":false},"featured_media":13669,"comment_status":"open","ping_status":"closed","template":"","meta":[],"yoast_head":"<!-- This site is optimized with the Yoast SEO plugin v15.5 - https:\/\/yoast.com\/wordpress\/plugins\/seo\/ -->\n<title>Makita -MOD.9554HN - Ferretera del norte<\/title>\n<meta name=\"robots\" content=\"index, follow, max-snippet:-1, max-image-preview:large, max-video-preview:-1\" \/>\n<link rel=\"canonical\" href=\"https:\/\/ferreteradelnorte.com.ar\/web\/producto\/amoladora-makita-mini-esmeril-71w-mod-9554hn\/\" \/>\n<meta property=\"og:locale\" content=\"es_ES\" \/>\n<meta property=\"og:type\" content=\"article\" \/>\n<meta property=\"og:title\" content=\"Makita -MOD.9554HN - Ferretera del norte\" \/>\n<meta property=\"og:description\" content=\"Descripci\u00f3n Cuerpo de peque\u00f1a circunferencia para una f\u00e1cil manipulaci\u00f3n.  Armadura con protecci\u00f3n de barniz zig-zag y campo con polvo de barniz para protecci\u00f3n del motor de polvo y ruptura de alambre asegura durabilidad y es suficiente para corte en concreto.  Compacta y poderosa, esmerila con una sola mano.  Construcci\u00f3n de laberinto protege todos los rodamientos del polvo y restos.\" \/>\n<meta property=\"og:url\" content=\"https:\/\/ferreteradelnorte.com.ar\/web\/producto\/amoladora-makita-mini-esmeril-71w-mod-9554hn\/\" \/>\n<meta property=\"og:site_name\" content=\"Ferretera del norte\" \/>\n<meta property=\"article:publisher\" content=\"https:\/\/www.facebook.com\/FerreteradelnorteSrl\" \/>\n<meta property=\"article:modified_time\" content=\"2024-02-17T21:14:22+00:00\" \/>\n<meta property=\"og:image\" content=\"https:\/\/ferreteradelnorte.com.ar\/web\/wp-content\/uploads\/2020\/10\/d58ac454-f03b-4e83-9a42-c714647fd5b5_9557nb_p_1500px.png\" \/>\n\t<meta property=\"og:image:width\" content=\"1500\" \/>\n\t<meta property=\"og:image:height\" content=\"1500\" \/>\n<meta name=\"twitter:card\" content=\"summary_large_image\" \/>\n<script type=\"application\/ld+json\" class=\"yoast-schema-graph\">{\"@context\":\"https:\/\/schema.org\",\"@graph\":[{\"@type\":\"WebSite\",\"@id\":\"https:\/\/ferreteradelnorte.com.ar\/web\/#website\",\"url\":\"https:\/\/ferreteradelnorte.com.ar\/web\/\",\"name\":\"Ferretera del norte\",\"description\":\"Te ayudamos a crecer\",\"potentialAction\":[{\"@type\":\"SearchAction\",\"target\":\"https:\/\/ferreteradelnorte.com.ar\/web\/?s={search_term_string}\",\"query-input\":\"required name=search_term_string\"}],\"inLanguage\":\"es\"},{\"@type\":\"ImageObject\",\"@id\":\"https:\/\/ferreteradelnorte.com.ar\/web\/producto\/amoladora-makita-mini-esmeril-71w-mod-9554hn\/#primaryimage\",\"inLanguage\":\"es\",\"url\":\"https:\/\/ferreteradelnorte.com.ar\/web\/wp-content\/uploads\/2020\/10\/d58ac454-f03b-4e83-9a42-c714647fd5b5_9557nb_p_1500px.png\",\"width\":1500,\"height\":1500},{\"@type\":\"WebPage\",\"@id\":\"https:\/\/ferreteradelnorte.com.ar\/web\/producto\/amoladora-makita-mini-esmeril-71w-mod-9554hn\/#webpage\",\"url\":\"https:\/\/ferreteradelnorte.com.ar\/web\/producto\/amoladora-makita-mini-esmeril-71w-mod-9554hn\/\",\"name\":\"Makita -MOD.9554HN - Ferretera del norte\",\"isPartOf\":{\"@id\":\"https:\/\/ferreteradelnorte.com.ar\/web\/#website\"},\"primaryImageOfPage\":{\"@id\":\"https:\/\/ferreteradelnorte.com.ar\/web\/producto\/amoladora-makita-mini-esmeril-71w-mod-9554hn\/#primaryimage\"},\"datePublished\":\"2020-10-25T22:18:59+00:00\",\"dateModified\":\"2024-02-17T21:14:22+00:00\",\"inLanguage\":\"es\",\"potentialAction\":[{\"@type\":\"ReadAction\",\"target\":[\"https:\/\/ferreteradelnorte.com.ar\/web\/producto\/amoladora-makita-mini-esmeril-71w-mod-9554hn\/\"]}]}]}<\/script>\n<!-- \/ Yoast SEO plugin. -->","_links":{"self":[{"href":"https:\/\/ferreteradelnorte.com.ar\/web\/wp-json\/wp\/v2\/product\/13668"}],"collection":[{"href":"https:\/\/ferreteradelnorte.com.ar\/web\/wp-json\/wp\/v2\/product"}],"about":[{"href":"https:\/\/ferreteradelnorte.com.ar\/web\/wp-json\/wp\/v2\/types\/product"}],"replies":[{"embeddable":true,"href":"https:\/\/ferreteradelnorte.com.ar\/web\/wp-json\/wp\/v2\/comments?post=13668"}],"wp:featuredmedia":[{"embeddable":true,"href":"https:\/\/ferreteradelnorte.com.ar\/web\/wp-json\/wp\/v2\/media\/13669"}],"wp:attachment":[{"href":"https:\/\/ferreteradelnorte.com.ar\/web\/wp-json\/wp\/v2\/media?parent=13668"}],"curies":[{"name":"wp","href":"https:\/\/api.w.org\/{rel}","templated":true}]}}