{"id":13649,"date":"2020-10-24T14:41:49","date_gmt":"2020-10-24T14:41:49","guid":{"rendered":"http:\/\/ferreteradelnorte.com.ar\/web\/?post_type=product&#038;p=13649"},"modified":"2020-10-30T00:05:52","modified_gmt":"2020-10-30T00:05:52","slug":"amoladora-ang-230-mm-gws-20-230-2","status":"publish","type":"product","link":"https:\/\/ferreteradelnorte.com.ar\/web\/producto\/amoladora-ang-230-mm-gws-20-230-2\/","title":{"rendered":"Bosch GWS 20-230"},"content":{"rendered":"","protected":false},"excerpt":{"rendered":"<ul class=\"ui-pdp-list__wrapper\">\r\n \t<li class=\"ui-pdp-list__item\">\r\n<p class=\"ui-pdp-list__text\"><span class=\"ui-pdp-color--BLACK ui-pdp-size--XSMALL ui-pdp-family--BOLD\">otencia<\/span>: 2000 W<\/p>\r\n<\/li>\r\n \t<li class=\"ui-pdp-list__item\">\r\n<p class=\"ui-pdp-list__text\"><span class=\"ui-pdp-color--BLACK ui-pdp-size--XSMALL ui-pdp-family--BOLD\">Di\u00e1metro del disco<\/span>: 230 mm<\/p>\r\n<\/li>\r\n<\/ul>\r\n<ul class=\"ui-pdp-list__wrapper\">\r\n \t<li class=\"ui-pdp-list__item\">\r\n<p class=\"ui-pdp-list__text\"><span class=\"ui-pdp-color--BLACK ui-pdp-size--XSMALL ui-pdp-family--BOLD\">Tipo de interruptor<\/span>: Gatillo<\/p>\r\n<\/li>\r\n \t<li class=\"ui-pdp-list__item\">\r\n<p class=\"ui-pdp-list__text\"><span class=\"ui-pdp-color--BLACK ui-pdp-size--XSMALL ui-pdp-family--BOLD\">Peso<\/span>: 5.2 kg<\/p>\r\n<\/li>\r\n<\/ul>\r\n<ul class=\"ui-pdp-list__wrapper\">\r\n \t<li class=\"ui-pdp-list__item\">\r\n<p class=\"ui-pdp-list__text\"><span class=\"ui-pdp-color--BLACK ui-pdp-size--XSMALL ui-pdp-family--BOLD\">Largo<\/span>: 515 mm<\/p>\r\n<\/li>\r\n \t<li class=\"ui-pdp-list__item\">\r\n<p class=\"ui-pdp-list__text\"><span class=\"ui-pdp-color--BLACK ui-pdp-size--XSMALL ui-pdp-family--BOLD\">Altura<\/span>: 130 mm<\/p>\r\n<\/li>\r\n<\/ul>\r\n<ul class=\"ui-pdp-list__wrapper\">\r\n \t<li class=\"ui-pdp-list__item\">\r\n<p class=\"ui-pdp-list__text\"><span class=\"ui-pdp-color--BLACK ui-pdp-size--XSMALL ui-pdp-family--BOLD\">Con regulaci\u00f3n de velocidad<\/span>: No<\/p>\r\n<\/li>\r\n \t<li class=\"ui-pdp-list__item\">\r\n<p class=\"ui-pdp-list__text\"><span class=\"ui-pdp-color--BLACK ui-pdp-size--XSMALL ui-pdp-family--BOLD\">Con bot\u00f3n de bloqueo de disco<\/span>: S\u00ed<\/p>\r\n<\/li>\r\n<\/ul>\r\n<ul class=\"ui-pdp-list__wrapper\">\r\n \t<li class=\"ui-pdp-list__item\">\r\n<p class=\"ui-pdp-list__text\"><span class=\"ui-pdp-color--BLACK ui-pdp-size--XSMALL ui-pdp-family--BOLD\">Es antipolvo<\/span>: S\u00ed<\/p>\r\n<\/li>\r\n \t<li class=\"ui-pdp-list__item\">\r\n<p class=\"ui-pdp-list__text\"><span class=\"ui-pdp-color--BLACK ui-pdp-size--XSMALL ui-pdp-family--BOLD\">Es inal\u00e1mbrico<\/span>: No<\/p>\r\n<\/li>\r\n<\/ul>\r\n<ul class=\"ui-pdp-list__wrapper\">\r\n \t<li class=\"ui-pdp-list__item\">\r\n<p class=\"ui-pdp-list__text\"><span class=\"ui-pdp-color--BLACK ui-pdp-size--XSMALL ui-pdp-family--BOLD\">Incluye colector de polvo<\/span>: No<\/p>\r\n<\/li>\r\n \t<li class=\"ui-pdp-list__item\">\r\n<p class=\"ui-pdp-list__text\"><span class=\"ui-pdp-color--BLACK ui-pdp-size--XSMALL ui-pdp-family--BOLD\">Incluye bater\u00eda<\/span>: No<\/p>\r\n<\/li>\r\n<\/ul>\r\n<ul class=\"ui-pdp-list__wrapper\">\r\n \t<li class=\"ui-pdp-list__item\">\r\n<p class=\"ui-pdp-list__text\"><span class=\"ui-pdp-color--BLACK ui-pdp-size--XSMALL ui-pdp-family--BOLD\">Accesorios incluidos<\/span>: 1 llave,1 empu\u00f1adura<\/p>\r\n<\/li>\r\n<\/ul>","protected":false},"featured_media":13650,"comment_status":"open","ping_status":"closed","template":"","meta":[],"yoast_head":"<!-- This site is optimized with the Yoast SEO plugin v15.5 - https:\/\/yoast.com\/wordpress\/plugins\/seo\/ -->\n<title>Bosch GWS 20-230 - Ferretera del norte<\/title>\n<meta name=\"robots\" content=\"index, follow, max-snippet:-1, max-image-preview:large, max-video-preview:-1\" \/>\n<link rel=\"canonical\" href=\"https:\/\/ferreteradelnorte.com.ar\/web\/producto\/amoladora-ang-230-mm-gws-20-230-2\/\" \/>\n<meta property=\"og:locale\" content=\"es_ES\" \/>\n<meta property=\"og:type\" content=\"article\" \/>\n<meta property=\"og:title\" content=\"Bosch GWS 20-230 - Ferretera del norte\" \/>\n<meta property=\"og:description\" content=\"otencia: 2000 W    Di\u00e1metro del disco: 230 mm      Tipo de interruptor: Gatillo    Peso: 5.2 kg      Largo: 515 mm    Altura: 130 mm      Con regulaci\u00f3n de velocidad: No    Con bot\u00f3n de bloqueo de disco: S\u00ed      Es antipolvo: S\u00ed    Es inal\u00e1mbrico: No      Incluye colector de polvo: No    Incluye bater\u00eda: No      Accesorios incluidos: 1 llave,1 empu\u00f1adura\" \/>\n<meta property=\"og:url\" content=\"https:\/\/ferreteradelnorte.com.ar\/web\/producto\/amoladora-ang-230-mm-gws-20-230-2\/\" \/>\n<meta property=\"og:site_name\" content=\"Ferretera del norte\" \/>\n<meta property=\"article:publisher\" content=\"https:\/\/www.facebook.com\/FerreteradelnorteSrl\" \/>\n<meta property=\"article:modified_time\" content=\"2020-10-30T00:05:52+00:00\" \/>\n<meta property=\"og:image\" content=\"https:\/\/ferreteradelnorte.com.ar\/web\/wp-content\/uploads\/2020\/10\/gws9125_21-afc0158445a4c015db16014659159142-1024-1024-2.jpg\" \/>\n\t<meta property=\"og:image:width\" content=\"1024\" \/>\n\t<meta property=\"og:image:height\" content=\"1007\" \/>\n<meta name=\"twitter:card\" content=\"summary_large_image\" \/>\n<script type=\"application\/ld+json\" class=\"yoast-schema-graph\">{\"@context\":\"https:\/\/schema.org\",\"@graph\":[{\"@type\":\"WebSite\",\"@id\":\"https:\/\/ferreteradelnorte.com.ar\/web\/#website\",\"url\":\"https:\/\/ferreteradelnorte.com.ar\/web\/\",\"name\":\"Ferretera del norte\",\"description\":\"Te ayudamos a crecer\",\"potentialAction\":[{\"@type\":\"SearchAction\",\"target\":\"https:\/\/ferreteradelnorte.com.ar\/web\/?s={search_term_string}\",\"query-input\":\"required name=search_term_string\"}],\"inLanguage\":\"es\"},{\"@type\":\"ImageObject\",\"@id\":\"https:\/\/ferreteradelnorte.com.ar\/web\/producto\/amoladora-ang-230-mm-gws-20-230-2\/#primaryimage\",\"inLanguage\":\"es\",\"url\":\"https:\/\/ferreteradelnorte.com.ar\/web\/wp-content\/uploads\/2020\/10\/gws9125_21-afc0158445a4c015db16014659159142-1024-1024-2.jpg\",\"width\":1024,\"height\":1007},{\"@type\":\"WebPage\",\"@id\":\"https:\/\/ferreteradelnorte.com.ar\/web\/producto\/amoladora-ang-230-mm-gws-20-230-2\/#webpage\",\"url\":\"https:\/\/ferreteradelnorte.com.ar\/web\/producto\/amoladora-ang-230-mm-gws-20-230-2\/\",\"name\":\"Bosch GWS 20-230 - Ferretera del norte\",\"isPartOf\":{\"@id\":\"https:\/\/ferreteradelnorte.com.ar\/web\/#website\"},\"primaryImageOfPage\":{\"@id\":\"https:\/\/ferreteradelnorte.com.ar\/web\/producto\/amoladora-ang-230-mm-gws-20-230-2\/#primaryimage\"},\"datePublished\":\"2020-10-24T14:41:49+00:00\",\"dateModified\":\"2020-10-30T00:05:52+00:00\",\"inLanguage\":\"es\",\"potentialAction\":[{\"@type\":\"ReadAction\",\"target\":[\"https:\/\/ferreteradelnorte.com.ar\/web\/producto\/amoladora-ang-230-mm-gws-20-230-2\/\"]}]}]}<\/script>\n<!-- \/ Yoast SEO plugin. -->","_links":{"self":[{"href":"https:\/\/ferreteradelnorte.com.ar\/web\/wp-json\/wp\/v2\/product\/13649"}],"collection":[{"href":"https:\/\/ferreteradelnorte.com.ar\/web\/wp-json\/wp\/v2\/product"}],"about":[{"href":"https:\/\/ferreteradelnorte.com.ar\/web\/wp-json\/wp\/v2\/types\/product"}],"replies":[{"embeddable":true,"href":"https:\/\/ferreteradelnorte.com.ar\/web\/wp-json\/wp\/v2\/comments?post=13649"}],"wp:featuredmedia":[{"embeddable":true,"href":"https:\/\/ferreteradelnorte.com.ar\/web\/wp-json\/wp\/v2\/media\/13650"}],"wp:attachment":[{"href":"https:\/\/ferreteradelnorte.com.ar\/web\/wp-json\/wp\/v2\/media?parent=13649"}],"curies":[{"name":"wp","href":"https:\/\/api.w.org\/{rel}","templated":true}]}}