{"id":13645,"date":"2020-10-24T14:27:39","date_gmt":"2020-10-24T14:27:39","guid":{"rendered":"http:\/\/ferreteradelnorte.com.ar\/web\/?post_type=product&#038;p=13645"},"modified":"2020-10-29T23:54:16","modified_gmt":"2020-10-29T23:54:16","slug":"amoladora-ang-230-mm-gws-20-230","status":"publish","type":"product","link":"https:\/\/ferreteradelnorte.com.ar\/web\/producto\/amoladora-ang-230-mm-gws-20-230\/","title":{"rendered":"Bosch GWS 20-230"},"content":{"rendered":"","protected":false},"excerpt":{"rendered":"Ventajas\r\nNuevo motor: todav\u00eda m\u00e1s liviana, potente y durable, con protecci\u00f3n del inducido contra polvo y chispas y pr\u00e1ctico sistema de cambio de los carbones.\r\nInterruptor Tri-Control: evita el accionamiento involuntario de la herramienta.\r\nEmpu\u00f1adura auxiliar con Vibration Control: hasta un 50% menos vibraciones","protected":false},"featured_media":13646,"comment_status":"open","ping_status":"closed","template":"","meta":[],"yoast_head":"<!-- This site is optimized with the Yoast SEO plugin v15.5 - https:\/\/yoast.com\/wordpress\/plugins\/seo\/ -->\n<title>Bosch GWS 20-230 - Ferretera del norte<\/title>\n<meta name=\"robots\" content=\"index, follow, max-snippet:-1, max-image-preview:large, max-video-preview:-1\" \/>\n<link rel=\"canonical\" href=\"https:\/\/ferreteradelnorte.com.ar\/web\/producto\/amoladora-ang-230-mm-gws-20-230\/\" \/>\n<meta property=\"og:locale\" content=\"es_ES\" \/>\n<meta property=\"og:type\" content=\"article\" \/>\n<meta property=\"og:title\" content=\"Bosch GWS 20-230 - Ferretera del norte\" \/>\n<meta property=\"og:description\" content=\"Ventajas Nuevo motor: todav\u00eda m\u00e1s liviana, potente y durable, con protecci\u00f3n del inducido contra polvo y chispas y pr\u00e1ctico sistema de cambio de los carbones. Interruptor Tri-Control: evita el accionamiento involuntario de la herramienta. Empu\u00f1adura auxiliar con Vibration Control: hasta un 50% menos vibraciones\" \/>\n<meta property=\"og:url\" content=\"https:\/\/ferreteradelnorte.com.ar\/web\/producto\/amoladora-ang-230-mm-gws-20-230\/\" \/>\n<meta property=\"og:site_name\" content=\"Ferretera del norte\" \/>\n<meta property=\"article:publisher\" content=\"https:\/\/www.facebook.com\/FerreteradelnorteSrl\" \/>\n<meta property=\"article:modified_time\" content=\"2020-10-29T23:54:16+00:00\" \/>\n<meta property=\"og:image\" content=\"https:\/\/ferreteradelnorte.com.ar\/web\/wp-content\/uploads\/2020\/10\/41EUtpaKszL.jpg\" \/>\n\t<meta property=\"og:image:width\" content=\"500\" \/>\n\t<meta property=\"og:image:height\" content=\"287\" \/>\n<meta name=\"twitter:card\" content=\"summary_large_image\" \/>\n<script type=\"application\/ld+json\" class=\"yoast-schema-graph\">{\"@context\":\"https:\/\/schema.org\",\"@graph\":[{\"@type\":\"WebSite\",\"@id\":\"https:\/\/ferreteradelnorte.com.ar\/web\/#website\",\"url\":\"https:\/\/ferreteradelnorte.com.ar\/web\/\",\"name\":\"Ferretera del norte\",\"description\":\"Te ayudamos a crecer\",\"potentialAction\":[{\"@type\":\"SearchAction\",\"target\":\"https:\/\/ferreteradelnorte.com.ar\/web\/?s={search_term_string}\",\"query-input\":\"required name=search_term_string\"}],\"inLanguage\":\"es\"},{\"@type\":\"ImageObject\",\"@id\":\"https:\/\/ferreteradelnorte.com.ar\/web\/producto\/amoladora-ang-230-mm-gws-20-230\/#primaryimage\",\"inLanguage\":\"es\",\"url\":\"https:\/\/ferreteradelnorte.com.ar\/web\/wp-content\/uploads\/2020\/10\/41EUtpaKszL.jpg\",\"width\":500,\"height\":287},{\"@type\":\"WebPage\",\"@id\":\"https:\/\/ferreteradelnorte.com.ar\/web\/producto\/amoladora-ang-230-mm-gws-20-230\/#webpage\",\"url\":\"https:\/\/ferreteradelnorte.com.ar\/web\/producto\/amoladora-ang-230-mm-gws-20-230\/\",\"name\":\"Bosch GWS 20-230 - Ferretera del norte\",\"isPartOf\":{\"@id\":\"https:\/\/ferreteradelnorte.com.ar\/web\/#website\"},\"primaryImageOfPage\":{\"@id\":\"https:\/\/ferreteradelnorte.com.ar\/web\/producto\/amoladora-ang-230-mm-gws-20-230\/#primaryimage\"},\"datePublished\":\"2020-10-24T14:27:39+00:00\",\"dateModified\":\"2020-10-29T23:54:16+00:00\",\"inLanguage\":\"es\",\"potentialAction\":[{\"@type\":\"ReadAction\",\"target\":[\"https:\/\/ferreteradelnorte.com.ar\/web\/producto\/amoladora-ang-230-mm-gws-20-230\/\"]}]}]}<\/script>\n<!-- \/ Yoast SEO plugin. -->","_links":{"self":[{"href":"https:\/\/ferreteradelnorte.com.ar\/web\/wp-json\/wp\/v2\/product\/13645"}],"collection":[{"href":"https:\/\/ferreteradelnorte.com.ar\/web\/wp-json\/wp\/v2\/product"}],"about":[{"href":"https:\/\/ferreteradelnorte.com.ar\/web\/wp-json\/wp\/v2\/types\/product"}],"replies":[{"embeddable":true,"href":"https:\/\/ferreteradelnorte.com.ar\/web\/wp-json\/wp\/v2\/comments?post=13645"}],"wp:featuredmedia":[{"embeddable":true,"href":"https:\/\/ferreteradelnorte.com.ar\/web\/wp-json\/wp\/v2\/media\/13646"}],"wp:attachment":[{"href":"https:\/\/ferreteradelnorte.com.ar\/web\/wp-json\/wp\/v2\/media?parent=13645"}],"curies":[{"name":"wp","href":"https:\/\/api.w.org\/{rel}","templated":true}]}}