{"id":13641,"date":"2020-10-24T14:20:12","date_gmt":"2020-10-24T14:20:12","guid":{"rendered":"http:\/\/ferreteradelnorte.com.ar\/web\/?post_type=product&#038;p=13641"},"modified":"2024-05-02T08:02:54","modified_gmt":"2024-05-02T08:02:54","slug":"bosch-amoladora-gws-20-180","status":"publish","type":"product","link":"https:\/\/ferreteradelnorte.com.ar\/web\/producto\/bosch-amoladora-gws-20-180\/","title":{"rendered":"BOSCH  GWS 20-180"},"content":{"rendered":"","protected":false},"excerpt":{"rendered":"Amoladora con engranajes mec\u00e1nicos y estator protegido con resina que aumentan la durabilidad de la herramienta.\r\nBot\u00f3n trabja desarrollado para impedir escapes de grasa.\r\nCabeza de engranaje giratoria que permite una adaptaci\u00f3n \u00f3ptima a cada situaci\u00f3n de trabajo. cuenta con interruptor de seguridad de triple control.","protected":false},"featured_media":13642,"comment_status":"open","ping_status":"closed","template":"","meta":[],"yoast_head":"<!-- This site is optimized with the Yoast SEO plugin v15.5 - https:\/\/yoast.com\/wordpress\/plugins\/seo\/ -->\n<title>BOSCH GWS 20-180 - Ferretera del norte<\/title>\n<meta name=\"robots\" content=\"index, follow, max-snippet:-1, max-image-preview:large, max-video-preview:-1\" \/>\n<link rel=\"canonical\" href=\"https:\/\/ferreteradelnorte.com.ar\/web\/producto\/bosch-amoladora-gws-20-180\/\" \/>\n<meta property=\"og:locale\" content=\"es_ES\" \/>\n<meta property=\"og:type\" content=\"article\" \/>\n<meta property=\"og:title\" content=\"BOSCH GWS 20-180 - Ferretera del norte\" \/>\n<meta property=\"og:description\" content=\"Amoladora con engranajes mec\u00e1nicos y estator protegido con resina que aumentan la durabilidad de la herramienta. Bot\u00f3n trabja desarrollado para impedir escapes de grasa. Cabeza de engranaje giratoria que permite una adaptaci\u00f3n \u00f3ptima a cada situaci\u00f3n de trabajo. cuenta con interruptor de seguridad de triple control.\" \/>\n<meta property=\"og:url\" content=\"https:\/\/ferreteradelnorte.com.ar\/web\/producto\/bosch-amoladora-gws-20-180\/\" \/>\n<meta property=\"og:site_name\" content=\"Ferretera del norte\" \/>\n<meta property=\"article:publisher\" content=\"https:\/\/www.facebook.com\/FerreteradelnorteSrl\" \/>\n<meta property=\"article:modified_time\" content=\"2024-05-02T08:02:54+00:00\" \/>\n<meta property=\"og:image\" content=\"https:\/\/ferreteradelnorte.com.ar\/web\/wp-content\/uploads\/2020\/10\/gws9125_21-afc0158445a4c015db16014659159142-1024-1024-1.jpg\" \/>\n\t<meta property=\"og:image:width\" content=\"1024\" \/>\n\t<meta property=\"og:image:height\" content=\"1007\" \/>\n<meta name=\"twitter:card\" content=\"summary_large_image\" \/>\n<script type=\"application\/ld+json\" class=\"yoast-schema-graph\">{\"@context\":\"https:\/\/schema.org\",\"@graph\":[{\"@type\":\"WebSite\",\"@id\":\"https:\/\/ferreteradelnorte.com.ar\/web\/#website\",\"url\":\"https:\/\/ferreteradelnorte.com.ar\/web\/\",\"name\":\"Ferretera del norte\",\"description\":\"Te ayudamos a crecer\",\"potentialAction\":[{\"@type\":\"SearchAction\",\"target\":\"https:\/\/ferreteradelnorte.com.ar\/web\/?s={search_term_string}\",\"query-input\":\"required name=search_term_string\"}],\"inLanguage\":\"es\"},{\"@type\":\"ImageObject\",\"@id\":\"https:\/\/ferreteradelnorte.com.ar\/web\/producto\/bosch-amoladora-gws-20-180\/#primaryimage\",\"inLanguage\":\"es\",\"url\":\"https:\/\/ferreteradelnorte.com.ar\/web\/wp-content\/uploads\/2020\/10\/gws9125_21-afc0158445a4c015db16014659159142-1024-1024-1.jpg\",\"width\":1024,\"height\":1007},{\"@type\":\"WebPage\",\"@id\":\"https:\/\/ferreteradelnorte.com.ar\/web\/producto\/bosch-amoladora-gws-20-180\/#webpage\",\"url\":\"https:\/\/ferreteradelnorte.com.ar\/web\/producto\/bosch-amoladora-gws-20-180\/\",\"name\":\"BOSCH GWS 20-180 - Ferretera del norte\",\"isPartOf\":{\"@id\":\"https:\/\/ferreteradelnorte.com.ar\/web\/#website\"},\"primaryImageOfPage\":{\"@id\":\"https:\/\/ferreteradelnorte.com.ar\/web\/producto\/bosch-amoladora-gws-20-180\/#primaryimage\"},\"datePublished\":\"2020-10-24T14:20:12+00:00\",\"dateModified\":\"2024-05-02T08:02:54+00:00\",\"inLanguage\":\"es\",\"potentialAction\":[{\"@type\":\"ReadAction\",\"target\":[\"https:\/\/ferreteradelnorte.com.ar\/web\/producto\/bosch-amoladora-gws-20-180\/\"]}]}]}<\/script>\n<!-- \/ Yoast SEO plugin. -->","_links":{"self":[{"href":"https:\/\/ferreteradelnorte.com.ar\/web\/wp-json\/wp\/v2\/product\/13641"}],"collection":[{"href":"https:\/\/ferreteradelnorte.com.ar\/web\/wp-json\/wp\/v2\/product"}],"about":[{"href":"https:\/\/ferreteradelnorte.com.ar\/web\/wp-json\/wp\/v2\/types\/product"}],"replies":[{"embeddable":true,"href":"https:\/\/ferreteradelnorte.com.ar\/web\/wp-json\/wp\/v2\/comments?post=13641"}],"wp:featuredmedia":[{"embeddable":true,"href":"https:\/\/ferreteradelnorte.com.ar\/web\/wp-json\/wp\/v2\/media\/13642"}],"wp:attachment":[{"href":"https:\/\/ferreteradelnorte.com.ar\/web\/wp-json\/wp\/v2\/media?parent=13641"}],"curies":[{"name":"wp","href":"https:\/\/api.w.org\/{rel}","templated":true}]}}