{"id":13515,"date":"2020-09-26T00:32:18","date_gmt":"2020-09-26T00:32:18","guid":{"rendered":"http:\/\/ferreteradelnorte.com.ar\/web\/?post_type=product&#038;p=13515"},"modified":"2020-10-29T23:55:39","modified_gmt":"2020-10-29T23:55:39","slug":"taladro-atornillador-bosch-gsr-7-14-e-electrico-400w","status":"publish","type":"product","link":"https:\/\/ferreteradelnorte.com.ar\/web\/producto\/taladro-atornillador-bosch-gsr-7-14-e-electrico-400w\/","title":{"rendered":"Bosch Gsr 7-14 E"},"content":{"rendered":"TALADRO ATORNILLADOR ELECTRICO &#8211; Bosch\r\nMod. GSR 7-14E\r\n\r\nCaracter\u00edsticas\r\n\u2022 El \u00fanico atornillador\/taladro con cable que posee control de torque (24+1) y embrague de seguridad.\r\n\u2022 Cable de 4 metros.\r\n\u2022 Dos velocidades: mejor combinaci\u00f3n de torque y velocidad para atornillados y perforaciones.\r\n\u2022 Interruptor electr\u00f3nico: velocidad bajo control en los atornillados.\r\n\u2022 Motor de 400 W de alto rendimiento.\r\n\u2022 Mandril sin llave de 0,8 a 10 mm.\r\n\r\n*- Datos t\u00e9cnicos\r\n\u2022 Potencia absorbida 400 W\r\n\u2022 Velocidad nominal de rotaci\u00f3n 0 &#8211; 450 rpm\r\n\u2022 Velocidad de giro en vac\u00edo 0 &#8211; 1400 rpm\r\n\u2022 Peso sin cable 1.6 kg\r\n\u2022 Par de giro nominal 10.3 Nm\r\n\u2022 Atornillar \u00d8 de los tornillos 7 mm\r\n\u2022 Medidas: 260x260x75mm","protected":false},"excerpt":{"rendered":"<div class=\"ui-pdp-container__row ui-pdp-container__row--technical-specifications\">\r\n<div class=\"ui-pdp-specs\">\r\n<div class=\"ui-pdp-list ui-pdp-specs__list\">\r\n<ul class=\"ui-pdp-list__wrapper\">\r\n \t<li class=\"ui-pdp-list__item\">\r\n<p class=\"ui-pdp-list__text\"><span class=\"ui-pdp-color--BLACK ui-pdp-size--XSMALL ui-pdp-family--BOLD\">Tipo de taladros-destornilladores<\/span>: Taladro\/Destornillador<\/p>\r\n<\/li>\r\n \t<li class=\"ui-pdp-list__item\">\r\n<p class=\"ui-pdp-list__text\"><span class=\"ui-pdp-color--BLACK ui-pdp-size--XSMALL ui-pdp-family--BOLD\">Potencia<\/span>: 400 W<\/p>\r\n<\/li>\r\n<\/ul>\r\n<ul class=\"ui-pdp-list__wrapper\">\r\n \t<li class=\"ui-pdp-list__item\">\r\n<p class=\"ui-pdp-list__text\"><span class=\"ui-pdp-color--BLACK ui-pdp-size--XSMALL ui-pdp-family--BOLD\">Velocidad de rotaci\u00f3n<\/span>: 1400 rpm<\/p>\r\n<\/li>\r\n \t<li class=\"ui-pdp-list__item\">\r\n<p class=\"ui-pdp-list__text\"><span class=\"ui-pdp-color--BLACK ui-pdp-size--XSMALL ui-pdp-family--BOLD\">Torque<\/span>: 10.3 Nm<\/p>\r\n<\/li>\r\n<\/ul>\r\n<ul class=\"ui-pdp-list__wrapper\">\r\n \t<li class=\"ui-pdp-list__item\">\r\n<p class=\"ui-pdp-list__text\"><span class=\"ui-pdp-color--BLACK ui-pdp-size--XSMALL ui-pdp-family--BOLD\">Es inal\u00e1mbrico<\/span>: No<\/p>\r\n<\/li>\r\n \t<li class=\"ui-pdp-list__item\">\r\n<p class=\"ui-pdp-list__text\"><span class=\"ui-pdp-color--BLACK ui-pdp-size--XSMALL ui-pdp-family--BOLD\">Con velocidad variable<\/span>: S\u00ed<\/p>\r\n<\/li>\r\n<\/ul>\r\n<ul class=\"ui-pdp-list__wrapper\">\r\n \t<li class=\"ui-pdp-list__item\">\r\n<p class=\"ui-pdp-list__text\"><span class=\"ui-pdp-color--BLACK ui-pdp-size--XSMALL ui-pdp-family--BOLD\">Modelo detallado<\/span>: GSR 1000<\/p>\r\n<\/li>\r\n \t<li class=\"ui-pdp-list__item\">\r\n<p class=\"ui-pdp-list__text\"><span class=\"ui-pdp-color--BLACK ui-pdp-size--XSMALL ui-pdp-family--BOLD\">Cantidad de accesorios<\/span>: 4<\/p>\r\n<\/li>\r\n<\/ul>\r\n<\/div>\r\n<\/div>\r\n<\/div>\r\n<div class=\"ui-pdp-container__row ui-pdp-container__row--description\">\r\n<div class=\"ui-pdp-description\"><\/div>\r\n<\/div>","protected":false},"featured_media":13500,"comment_status":"open","ping_status":"closed","template":"","meta":[],"yoast_head":"<!-- This site is optimized with the Yoast SEO plugin v15.5 - https:\/\/yoast.com\/wordpress\/plugins\/seo\/ -->\n<title>Bosch Gsr 7-14 E - Ferretera del norte<\/title>\n<meta name=\"robots\" content=\"index, follow, max-snippet:-1, max-image-preview:large, max-video-preview:-1\" \/>\n<link rel=\"canonical\" href=\"https:\/\/ferreteradelnorte.com.ar\/web\/producto\/taladro-atornillador-bosch-gsr-7-14-e-electrico-400w\/\" \/>\n<meta property=\"og:locale\" content=\"es_ES\" \/>\n<meta property=\"og:type\" content=\"article\" \/>\n<meta property=\"og:title\" content=\"Bosch Gsr 7-14 E - Ferretera del norte\" \/>\n<meta property=\"og:description\" content=\"Tipo de taladros-destornilladores: Taladro\/Destornillador    Potencia: 400 W      Velocidad de rotaci\u00f3n: 1400 rpm    Torque: 10.3 Nm      Es inal\u00e1mbrico: No    Con velocidad variable: S\u00ed      Modelo detallado: GSR 1000    Cantidad de accesorios: 4\" \/>\n<meta property=\"og:url\" content=\"https:\/\/ferreteradelnorte.com.ar\/web\/producto\/taladro-atornillador-bosch-gsr-7-14-e-electrico-400w\/\" \/>\n<meta property=\"og:site_name\" content=\"Ferretera del norte\" \/>\n<meta property=\"article:publisher\" content=\"https:\/\/www.facebook.com\/FerreteradelnorteSrl\" \/>\n<meta property=\"article:modified_time\" content=\"2020-10-29T23:55:39+00:00\" \/>\n<meta property=\"og:image\" content=\"https:\/\/ferreteradelnorte.com.ar\/web\/wp-content\/uploads\/2020\/09\/Atornillador-400W-GSR-7-14E-Taladro-Atornillador-Inalambrico.jpg\" \/>\n\t<meta property=\"og:image:width\" content=\"502\" \/>\n\t<meta property=\"og:image:height\" content=\"500\" \/>\n<meta name=\"twitter:card\" content=\"summary_large_image\" \/>\n<meta name=\"twitter:label1\" content=\"Tiempo de lectura\">\n\t<meta name=\"twitter:data1\" content=\"0 minutos\">\n<script type=\"application\/ld+json\" class=\"yoast-schema-graph\">{\"@context\":\"https:\/\/schema.org\",\"@graph\":[{\"@type\":\"WebSite\",\"@id\":\"https:\/\/ferreteradelnorte.com.ar\/web\/#website\",\"url\":\"https:\/\/ferreteradelnorte.com.ar\/web\/\",\"name\":\"Ferretera del norte\",\"description\":\"Te ayudamos a crecer\",\"potentialAction\":[{\"@type\":\"SearchAction\",\"target\":\"https:\/\/ferreteradelnorte.com.ar\/web\/?s={search_term_string}\",\"query-input\":\"required name=search_term_string\"}],\"inLanguage\":\"es\"},{\"@type\":\"ImageObject\",\"@id\":\"https:\/\/ferreteradelnorte.com.ar\/web\/producto\/taladro-atornillador-bosch-gsr-7-14-e-electrico-400w\/#primaryimage\",\"inLanguage\":\"es\",\"url\":\"https:\/\/ferreteradelnorte.com.ar\/web\/wp-content\/uploads\/2020\/09\/Atornillador-400W-GSR-7-14E-Taladro-Atornillador-Inalambrico.jpg\",\"width\":502,\"height\":500},{\"@type\":\"WebPage\",\"@id\":\"https:\/\/ferreteradelnorte.com.ar\/web\/producto\/taladro-atornillador-bosch-gsr-7-14-e-electrico-400w\/#webpage\",\"url\":\"https:\/\/ferreteradelnorte.com.ar\/web\/producto\/taladro-atornillador-bosch-gsr-7-14-e-electrico-400w\/\",\"name\":\"Bosch Gsr 7-14 E - Ferretera del norte\",\"isPartOf\":{\"@id\":\"https:\/\/ferreteradelnorte.com.ar\/web\/#website\"},\"primaryImageOfPage\":{\"@id\":\"https:\/\/ferreteradelnorte.com.ar\/web\/producto\/taladro-atornillador-bosch-gsr-7-14-e-electrico-400w\/#primaryimage\"},\"datePublished\":\"2020-09-26T00:32:18+00:00\",\"dateModified\":\"2020-10-29T23:55:39+00:00\",\"inLanguage\":\"es\",\"potentialAction\":[{\"@type\":\"ReadAction\",\"target\":[\"https:\/\/ferreteradelnorte.com.ar\/web\/producto\/taladro-atornillador-bosch-gsr-7-14-e-electrico-400w\/\"]}]}]}<\/script>\n<!-- \/ Yoast SEO plugin. -->","_links":{"self":[{"href":"https:\/\/ferreteradelnorte.com.ar\/web\/wp-json\/wp\/v2\/product\/13515"}],"collection":[{"href":"https:\/\/ferreteradelnorte.com.ar\/web\/wp-json\/wp\/v2\/product"}],"about":[{"href":"https:\/\/ferreteradelnorte.com.ar\/web\/wp-json\/wp\/v2\/types\/product"}],"replies":[{"embeddable":true,"href":"https:\/\/ferreteradelnorte.com.ar\/web\/wp-json\/wp\/v2\/comments?post=13515"}],"wp:featuredmedia":[{"embeddable":true,"href":"https:\/\/ferreteradelnorte.com.ar\/web\/wp-json\/wp\/v2\/media\/13500"}],"wp:attachment":[{"href":"https:\/\/ferreteradelnorte.com.ar\/web\/wp-json\/wp\/v2\/media?parent=13515"}],"curies":[{"name":"wp","href":"https:\/\/api.w.org\/{rel}","templated":true}]}}