{"id":13514,"date":"2020-09-26T00:18:34","date_gmt":"2020-09-26T00:18:34","guid":{"rendered":"http:\/\/ferreteradelnorte.com.ar\/web\/?post_type=product&#038;p=13514"},"modified":"2025-06-04T00:31:58","modified_gmt":"2025-06-04T00:31:58","slug":"amoladora-angular-bosch-professional-gws-670-azul-230v","status":"publish","type":"product","link":"https:\/\/ferreteradelnorte.com.ar\/web\/producto\/amoladora-angular-bosch-professional-gws-670-azul-230v\/","title":{"rendered":"Bosch GWS 670 azul"},"content":{"rendered":"<ul class=\"ui-pdp-features mt-24\">\r\n \t<li class=\"ui-pdp-features__item\">El disco tiene un di\u00e1metro de 115mm.<\/li>\r\n \t<li class=\"ui-pdp-features__item\">Tiene interruptor de tecla.<\/li>\r\n \t<li class=\"ui-pdp-features__item\">Su potencia es de 670W.<\/li>\r\n \t<li class=\"ui-pdp-features__item\">Velocidad m\u00e1xima de rotaci\u00f3n de 12000rpm.<\/li>\r\n \t<li class=\"ui-pdp-features__item\">Pesa 1.5kg.<\/li>\r\n \t<li class=\"ui-pdp-features__item\">Herramienta vers\u00e1til para lijar, pulir y cortar.<\/li>\r\n \t<li class=\"ui-pdp-features__item\">Contiene accesorios.<\/li>\r\n<\/ul>\r\n<h2 class=\"ui-pdp-description__title\">Descripci\u00f3n<\/h2>\r\n<p class=\"ui-pdp-description__content\">Equip\u00e1 tu casa o taller y \u00a1hacelo vos mismo! Esta amoladora angular es perfecta para realizar distintos trabajos de amolado, cepillado y pulido. A su vez, se destaca por ser un elemento indispensable para cortar, desbastar y lijar diversos materiales derivados del metal.\r\n\r\nSegura y f\u00e1cil de maniobrar\r\nA la hora de trabajar con herramientas es importante que tu seguridad est\u00e9 garantizada. Con el bot\u00f3n de bloqueo de disco que trae incorporado reduc\u00eds al m\u00e1ximo el riesgo cuando trabaj\u00e1s con discos de corte.<\/p>","protected":false},"excerpt":{"rendered":"<ul class=\"ui-pdp-features mt-24\">\r\n \t<li class=\"ui-pdp-features__item\">El disco tiene un di\u00e1metro de 115mm.<\/li>\r\n \t<li class=\"ui-pdp-features__item\">Tiene interruptor de tecla.<\/li>\r\n \t<li class=\"ui-pdp-features__item\">Su potencia es de 670W.<\/li>\r\n \t<li class=\"ui-pdp-features__item\">Velocidad m\u00e1xima de rotaci\u00f3n de 12000rpm.<\/li>\r\n \t<li class=\"ui-pdp-features__item\">Pesa 1.5kg.<\/li>\r\n \t<li class=\"ui-pdp-features__item\">Herramienta vers\u00e1til para lijar, pulir y cortar.<\/li>\r\n \t<li class=\"ui-pdp-features__item\">Contiene accesorios.<\/li>\r\n<\/ul>","protected":false},"featured_media":13501,"comment_status":"open","ping_status":"closed","template":"","meta":[],"yoast_head":"<!-- This site is optimized with the Yoast SEO plugin v15.5 - https:\/\/yoast.com\/wordpress\/plugins\/seo\/ -->\n<title>Bosch GWS 670 azul - Ferretera del norte<\/title>\n<meta name=\"robots\" content=\"index, follow, max-snippet:-1, max-image-preview:large, max-video-preview:-1\" \/>\n<link rel=\"canonical\" href=\"https:\/\/ferreteradelnorte.com.ar\/web\/producto\/amoladora-angular-bosch-professional-gws-670-azul-230v\/\" \/>\n<meta property=\"og:locale\" content=\"es_ES\" \/>\n<meta property=\"og:type\" content=\"article\" \/>\n<meta property=\"og:title\" content=\"Bosch GWS 670 azul - Ferretera del norte\" \/>\n<meta property=\"og:description\" content=\"El disco tiene un di\u00e1metro de 115mm.  Tiene interruptor de tecla.  Su potencia es de 670W.  Velocidad m\u00e1xima de rotaci\u00f3n de 12000rpm.  Pesa 1.5kg.  Herramienta vers\u00e1til para lijar, pulir y cortar.  Contiene accesorios.\" \/>\n<meta property=\"og:url\" content=\"https:\/\/ferreteradelnorte.com.ar\/web\/producto\/amoladora-angular-bosch-professional-gws-670-azul-230v\/\" \/>\n<meta property=\"og:site_name\" content=\"Ferretera del norte\" \/>\n<meta property=\"article:publisher\" content=\"https:\/\/www.facebook.com\/FerreteradelnorteSrl\" \/>\n<meta property=\"article:modified_time\" content=\"2025-06-04T00:31:58+00:00\" \/>\n<meta property=\"og:image\" content=\"https:\/\/ferreteradelnorte.com.ar\/web\/wp-content\/uploads\/2020\/09\/bosch-gws-670.jpg\" \/>\n\t<meta property=\"og:image:width\" content=\"700\" \/>\n\t<meta property=\"og:image:height\" content=\"525\" \/>\n<meta name=\"twitter:card\" content=\"summary_large_image\" \/>\n<meta name=\"twitter:label1\" content=\"Tiempo de lectura\">\n\t<meta name=\"twitter:data1\" content=\"1 minuto\">\n<script type=\"application\/ld+json\" class=\"yoast-schema-graph\">{\"@context\":\"https:\/\/schema.org\",\"@graph\":[{\"@type\":\"WebSite\",\"@id\":\"https:\/\/ferreteradelnorte.com.ar\/web\/#website\",\"url\":\"https:\/\/ferreteradelnorte.com.ar\/web\/\",\"name\":\"Ferretera del norte\",\"description\":\"Te ayudamos a crecer\",\"potentialAction\":[{\"@type\":\"SearchAction\",\"target\":\"https:\/\/ferreteradelnorte.com.ar\/web\/?s={search_term_string}\",\"query-input\":\"required name=search_term_string\"}],\"inLanguage\":\"es\"},{\"@type\":\"ImageObject\",\"@id\":\"https:\/\/ferreteradelnorte.com.ar\/web\/producto\/amoladora-angular-bosch-professional-gws-670-azul-230v\/#primaryimage\",\"inLanguage\":\"es\",\"url\":\"https:\/\/ferreteradelnorte.com.ar\/web\/wp-content\/uploads\/2020\/09\/bosch-gws-670.jpg\",\"width\":700,\"height\":525},{\"@type\":\"WebPage\",\"@id\":\"https:\/\/ferreteradelnorte.com.ar\/web\/producto\/amoladora-angular-bosch-professional-gws-670-azul-230v\/#webpage\",\"url\":\"https:\/\/ferreteradelnorte.com.ar\/web\/producto\/amoladora-angular-bosch-professional-gws-670-azul-230v\/\",\"name\":\"Bosch GWS 670 azul - Ferretera del norte\",\"isPartOf\":{\"@id\":\"https:\/\/ferreteradelnorte.com.ar\/web\/#website\"},\"primaryImageOfPage\":{\"@id\":\"https:\/\/ferreteradelnorte.com.ar\/web\/producto\/amoladora-angular-bosch-professional-gws-670-azul-230v\/#primaryimage\"},\"datePublished\":\"2020-09-26T00:18:34+00:00\",\"dateModified\":\"2025-06-04T00:31:58+00:00\",\"inLanguage\":\"es\",\"potentialAction\":[{\"@type\":\"ReadAction\",\"target\":[\"https:\/\/ferreteradelnorte.com.ar\/web\/producto\/amoladora-angular-bosch-professional-gws-670-azul-230v\/\"]}]}]}<\/script>\n<!-- \/ Yoast SEO plugin. -->","_links":{"self":[{"href":"https:\/\/ferreteradelnorte.com.ar\/web\/wp-json\/wp\/v2\/product\/13514"}],"collection":[{"href":"https:\/\/ferreteradelnorte.com.ar\/web\/wp-json\/wp\/v2\/product"}],"about":[{"href":"https:\/\/ferreteradelnorte.com.ar\/web\/wp-json\/wp\/v2\/types\/product"}],"replies":[{"embeddable":true,"href":"https:\/\/ferreteradelnorte.com.ar\/web\/wp-json\/wp\/v2\/comments?post=13514"}],"wp:featuredmedia":[{"embeddable":true,"href":"https:\/\/ferreteradelnorte.com.ar\/web\/wp-json\/wp\/v2\/media\/13501"}],"wp:attachment":[{"href":"https:\/\/ferreteradelnorte.com.ar\/web\/wp-json\/wp\/v2\/media?parent=13514"}],"curies":[{"name":"wp","href":"https:\/\/api.w.org\/{rel}","templated":true}]}}