{"id":13499,"date":"2020-09-26T00:03:46","date_gmt":"2020-09-26T00:03:46","guid":{"rendered":"http:\/\/ferreteradelnorte.com.ar\/web\/?post_type=product&#038;p=13499"},"modified":"2022-06-20T12:47:37","modified_gmt":"2022-06-20T12:47:37","slug":"amoladora-angular-makita-9557hpg-turquesa-220v","status":"publish","type":"product","link":"https:\/\/ferreteradelnorte.com.ar\/web\/producto\/amoladora-angular-makita-9557hpg-turquesa-220v\/","title":{"rendered":"Makita 9557HPG"},"content":{"rendered":"<ul class=\"ui-pdp-features mt-24\">\r\n \t<li class=\"ui-pdp-features__item\">El disco tiene un di\u00e1metro de 115mm.<\/li>\r\n \t<li class=\"ui-pdp-features__item\">Tiene interruptor de gatillo paleta.<\/li>\r\n \t<li class=\"ui-pdp-features__item\">Su potencia es de 840W.<\/li>\r\n \t<li class=\"ui-pdp-features__item\">Velocidad m\u00e1xima de rotaci\u00f3n de 11000rpm.<\/li>\r\n \t<li class=\"ui-pdp-features__item\">Es antipolvo y protege al motor de la suciedad entrante.<\/li>\r\n \t<li class=\"ui-pdp-features__item\">Pesa 2.2kg.<\/li>\r\n \t<li class=\"ui-pdp-features__item\">Herramienta vers\u00e1til para lijar, pulir y cortar.<\/li>\r\n<\/ul>\r\n<h2 class=\"ui-pdp-description__title\">Descripci\u00f3n<\/h2>\r\n<p class=\"ui-pdp-description__content\">Makita es una marca mundial, l\u00edder en innovaci\u00f3n y fabricante de diversas herramientas. Su trayectoria remarca la calidad de sus productos y asegura resultados \u00f3ptimos.<\/p>\r\nEquip\u00e1 tu casa o taller y \u00a1hacelo vos mismo! Esta amoladora angular es perfecta para realizar distintos trabajos de amolado, cepillado y pulido. A su vez, se destaca por ser un elemento indispensable para cortar, desbastar y lijar diversos materiales derivados del metal.\r\n\r\nSegura y f\u00e1cil de maniobrar\r\nA la hora de trabajar con herramientas es importante que tu seguridad est\u00e9 garantizada. Con el bot\u00f3n de bloqueo de disco que trae incorporado reduc\u00eds al m\u00e1ximo el riesgo cuando trabaj\u00e1s con discos de corte.","protected":false},"excerpt":{"rendered":"<ul class=\"ui-pdp-features mt-24\">\r\n \t<li class=\"ui-pdp-features__item\">El disco tiene un di\u00e1metro de 115mm.<\/li>\r\n \t<li class=\"ui-pdp-features__item\">Tiene interruptor de gatillo paleta.<\/li>\r\n \t<li class=\"ui-pdp-features__item\">Su potencia es de 840W.<\/li>\r\n \t<li class=\"ui-pdp-features__item\">Velocidad m\u00e1xima de rotaci\u00f3n de 11000rpm.<\/li>\r\n \t<li class=\"ui-pdp-features__item\">Es antipolvo y protege al motor de la suciedad entrante.<\/li>\r\n \t<li class=\"ui-pdp-features__item\">Pesa 2.2kg.<\/li>\r\n \t<li class=\"ui-pdp-features__item\">Herramienta vers\u00e1til para lijar, pulir y cortar.<\/li>\r\n<\/ul>","protected":false},"featured_media":13503,"comment_status":"open","ping_status":"closed","template":"","meta":[],"yoast_head":"<!-- This site is optimized with the Yoast SEO plugin v15.5 - https:\/\/yoast.com\/wordpress\/plugins\/seo\/ -->\n<title>Makita 9557HPG - Ferretera del norte<\/title>\n<meta name=\"robots\" content=\"index, follow, max-snippet:-1, max-image-preview:large, max-video-preview:-1\" \/>\n<link rel=\"canonical\" href=\"https:\/\/ferreteradelnorte.com.ar\/web\/producto\/amoladora-angular-makita-9557hpg-turquesa-220v\/\" \/>\n<meta property=\"og:locale\" content=\"es_ES\" \/>\n<meta property=\"og:type\" content=\"article\" \/>\n<meta property=\"og:title\" content=\"Makita 9557HPG - Ferretera del norte\" \/>\n<meta property=\"og:description\" content=\"El disco tiene un di\u00e1metro de 115mm.  Tiene interruptor de gatillo paleta.  Su potencia es de 840W.  Velocidad m\u00e1xima de rotaci\u00f3n de 11000rpm.  Es antipolvo y protege al motor de la suciedad entrante.  Pesa 2.2kg.  Herramienta vers\u00e1til para lijar, pulir y cortar.\" \/>\n<meta property=\"og:url\" content=\"https:\/\/ferreteradelnorte.com.ar\/web\/producto\/amoladora-angular-makita-9557hpg-turquesa-220v\/\" \/>\n<meta property=\"og:site_name\" content=\"Ferretera del norte\" \/>\n<meta property=\"article:publisher\" content=\"https:\/\/www.facebook.com\/FerreteradelnorteSrl\" \/>\n<meta property=\"article:modified_time\" content=\"2022-06-20T12:47:37+00:00\" \/>\n<meta property=\"og:image\" content=\"https:\/\/ferreteradelnorte.com.ar\/web\/wp-content\/uploads\/2020\/09\/makita-9557HP.jpg\" \/>\n\t<meta property=\"og:image:width\" content=\"800\" \/>\n\t<meta property=\"og:image:height\" content=\"800\" \/>\n<meta name=\"twitter:card\" content=\"summary_large_image\" \/>\n<meta name=\"twitter:label1\" content=\"Tiempo de lectura\">\n\t<meta name=\"twitter:data1\" content=\"1 minuto\">\n<script type=\"application\/ld+json\" class=\"yoast-schema-graph\">{\"@context\":\"https:\/\/schema.org\",\"@graph\":[{\"@type\":\"WebSite\",\"@id\":\"https:\/\/ferreteradelnorte.com.ar\/web\/#website\",\"url\":\"https:\/\/ferreteradelnorte.com.ar\/web\/\",\"name\":\"Ferretera del norte\",\"description\":\"Te ayudamos a crecer\",\"potentialAction\":[{\"@type\":\"SearchAction\",\"target\":\"https:\/\/ferreteradelnorte.com.ar\/web\/?s={search_term_string}\",\"query-input\":\"required name=search_term_string\"}],\"inLanguage\":\"es\"},{\"@type\":\"ImageObject\",\"@id\":\"https:\/\/ferreteradelnorte.com.ar\/web\/producto\/amoladora-angular-makita-9557hpg-turquesa-220v\/#primaryimage\",\"inLanguage\":\"es\",\"url\":\"https:\/\/ferreteradelnorte.com.ar\/web\/wp-content\/uploads\/2020\/09\/makita-9557HP.jpg\",\"width\":800,\"height\":800},{\"@type\":\"WebPage\",\"@id\":\"https:\/\/ferreteradelnorte.com.ar\/web\/producto\/amoladora-angular-makita-9557hpg-turquesa-220v\/#webpage\",\"url\":\"https:\/\/ferreteradelnorte.com.ar\/web\/producto\/amoladora-angular-makita-9557hpg-turquesa-220v\/\",\"name\":\"Makita 9557HPG - Ferretera del norte\",\"isPartOf\":{\"@id\":\"https:\/\/ferreteradelnorte.com.ar\/web\/#website\"},\"primaryImageOfPage\":{\"@id\":\"https:\/\/ferreteradelnorte.com.ar\/web\/producto\/amoladora-angular-makita-9557hpg-turquesa-220v\/#primaryimage\"},\"datePublished\":\"2020-09-26T00:03:46+00:00\",\"dateModified\":\"2022-06-20T12:47:37+00:00\",\"inLanguage\":\"es\",\"potentialAction\":[{\"@type\":\"ReadAction\",\"target\":[\"https:\/\/ferreteradelnorte.com.ar\/web\/producto\/amoladora-angular-makita-9557hpg-turquesa-220v\/\"]}]}]}<\/script>\n<!-- \/ Yoast SEO plugin. -->","_links":{"self":[{"href":"https:\/\/ferreteradelnorte.com.ar\/web\/wp-json\/wp\/v2\/product\/13499"}],"collection":[{"href":"https:\/\/ferreteradelnorte.com.ar\/web\/wp-json\/wp\/v2\/product"}],"about":[{"href":"https:\/\/ferreteradelnorte.com.ar\/web\/wp-json\/wp\/v2\/types\/product"}],"replies":[{"embeddable":true,"href":"https:\/\/ferreteradelnorte.com.ar\/web\/wp-json\/wp\/v2\/comments?post=13499"}],"wp:featuredmedia":[{"embeddable":true,"href":"https:\/\/ferreteradelnorte.com.ar\/web\/wp-json\/wp\/v2\/media\/13503"}],"wp:attachment":[{"href":"https:\/\/ferreteradelnorte.com.ar\/web\/wp-json\/wp\/v2\/media?parent=13499"}],"curies":[{"name":"wp","href":"https:\/\/api.w.org\/{rel}","templated":true}]}}