{"id":13448,"date":"2020-09-24T23:28:50","date_gmt":"2020-09-24T23:28:50","guid":{"rendered":"http:\/\/ferreteradelnorte.com.ar\/web\/?page_id=13448"},"modified":"2020-11-07T20:03:19","modified_gmt":"2020-11-07T20:03:19","slug":"contactos","status":"publish","type":"page","link":"https:\/\/ferreteradelnorte.com.ar\/web\/contactos\/","title":{"rendered":"Contactos"},"content":{"rendered":"<p>[vc_section full_width=\u00bbstretch_row\u00bb pix_over_visibility=\u00bb\u00bb css=\u00bb.vc_custom_1592344824196{padding-top: 100px !important;padding-bottom: 100px !important;background-color: #ffffff !important;}\u00bb el_id=\u00bbpix_section_contact\u00bb][vc_row equal_height=\u00bbyes\u00bb pix_particles_check=\u00bb\u00bb][vc_column width=\u00bb1\/2&#8243; content_align=\u00bbtext-center\u00bb][vc_empty_space height=\u00bb80px\u00bb][vc_column_text css=\u00bb.vc_custom_1604779107229{border-radius: 15px !important;}\u00bb]<iframe loading=\"lazy\" style=\"border: 0;\" tabindex=\"0\" src=\"https:\/\/www.google.com\/maps\/embed?pb=!1m18!1m12!1m3!1d3560.6917978015326!2d-65.22441988495709!3d-26.817940483168503!2m3!1f0!2f0!3f0!3m2!1i1024!2i768!4f13.1!3m3!1m2!1s0x94225c4441fbae6d%3A0xb88950a9821d2d4d!2sSan%20Miguel%20652%2C%20T4000JQM%20San%20Miguel%20de%20Tucum%C3%A1n%2C%20Tucum%C3%A1n!5e0!3m2!1ses-419!2sar!4v1604778580026!5m2!1ses-419!2sar\" width=\"540\" height=\"450\" frameborder=\"0\" allowfullscreen=\"allowfullscreen\" aria-hidden=\"false\"><\/iframe>[\/vc_column_text][\/vc_column][vc_column width=\u00bb1\/2&#8243; css=\u00bb.vc_custom_1592323090921{padding-top: 20px !important;padding-bottom: 20px !important;}\u00bb]<div  class=\"text-left  vc_custom_1601000389745\"><div><div class=\"slide-in-container\"><h3 class=\"text-heading-default font-weight-bold animate-in mb-1\" style=\"\" data-anim-type=\"fade-in-up\" data-anim-delay=\"0\">Contactanos<\/h3><\/div><\/div><\/div><div class=\"slide-in-container w-100   vc_custom_1601000541227\" ><div class=\"d-inline-block\" style=\"max-width:600px;\"><p class=\"text-20  text-body-default  \" ><span class=\"animate-in d-inline-block\" data-anim-delay=\"1000\" data-anim-type=\"fade-in-up\">Estamos situados en San Miguel de Tucum\u00e1n, centro geogr\u00e1fico de la regi\u00f3n. Desde donde atendemos con<br \/>\nun cuerpo de venta de 12 corredores a las provincias de Jujuy, Salta, Santiago del Estero, Catamarca, La Rioja y Tucum\u00e1n.<\/span><\/p><\/div><\/div><div class=\"media  vc_custom_1601037848330\"><div class=\"rounded-circle mr-3 d-inline-block bg-gradient-primary-light animate-in\" data-anim-type=\"fade-in-up\" data-anim-delay=\"400\" style=\" width:64.8px;height:64.8px;position:relative;line-height:64.8px;text-align:center;\"><div class=\"text-gradient-primary\" style=\"display:inline-block;width:36px;height:36px;font-size:36px;\">\n<svg width=\"100%\" height=\"100%\" viewBox=\"0 0 24 24\" version=\"1.1\" xmlns=\"http:\/\/www.w3.org\/2000\/svg\" xmlns:xlink=\"http:\/\/www.w3.org\/1999\/xlink\">\n\n\n    \n    <defs><\/defs>\n    <g stroke=\"none\" stroke-width=\"1\" fill=\"none\" fill-rule=\"evenodd\">\n        \n        <path d=\"M5,10.5 C5,6 8,3 12.5,3 C17,3 20,6.75 20,10.5 C20,12.8325623 17.8236613,16.03566 13.470984,20.1092932 C12.9154018,20.6292577 12.0585054,20.6508331 11.4774555,20.1594925 C7.15915182,16.5078313 5,13.2880005 5,10.5 Z M12.5,12 C13.8807119,12 15,10.8807119 15,9.5 C15,8.11928813 13.8807119,7 12.5,7 C11.1192881,7 10,8.11928813 10,9.5 C10,10.8807119 11.1192881,12 12.5,12 Z\" fill=\"#000000\" fill-rule=\"nonzero\"><\/path>\n    <\/g>\n<\/svg><\/div><\/div><div class=\"media-body\"><h6 class=\"font-weight-bold  secondary-font text-heading-default animate-in \" style=\"\" data-anim-type=\"fade-in-up\" data-anim-delay=\"500\">Ubicaci\u00f3n<\/h6><div class=\"text-body-default      animate-in\" style=\"padding-top:10px;\" data-anim-type=\"fade-in-up\" data-anim-delay=\"600\">San Miguel 652, San Miguel de Tucum\u00e1n<\/div><\/div><\/div><div class=\"media  vc_custom_1601000608977\"><div class=\"rounded-circle mr-3 d-inline-block bg-gradient-primary-light animate-in\" data-anim-type=\"fade-in-up\" data-anim-delay=\"600\" style=\" width:64.8px;height:64.8px;position:relative;line-height:64.8px;text-align:center;\"><div class=\"text-gradient-primary\" style=\"display:inline-block;width:36px;height:36px;font-size:36px;\">\n<svg width=\"100%\" height=\"100%\" viewBox=\"0 0 24 24\" version=\"1.1\" xmlns=\"http:\/\/www.w3.org\/2000\/svg\" xmlns:xlink=\"http:\/\/www.w3.org\/1999\/xlink\">\n\n\n    \n    <defs><\/defs>\n    <g stroke=\"none\" stroke-width=\"1\" fill=\"none\" fill-rule=\"evenodd\">\n        \n        <path d=\"M20.4061385,6.73606154 C20.7672665,6.89656288 21,7.25468437 21,7.64987309 L21,16.4115967 C21,16.7747638 20.8031081,17.1093844 20.4856429,17.2857539 L12.4856429,21.7301984 C12.1836204,21.8979887 11.8163796,21.8979887 11.5143571,21.7301984 L3.51435707,17.2857539 C3.19689188,17.1093844 3,16.7747638 3,16.4115967 L3,7.64987309 C3,7.25468437 3.23273352,6.89656288 3.59386153,6.73606154 L11.5938615,3.18050598 C11.8524269,3.06558805 12.1475731,3.06558805 12.4061385,3.18050598 L20.4061385,6.73606154 Z\" fill=\"#000000\" opacity=\"0.3\"><\/path>\n        <polygon fill=\"#000000\" points=\"14.9671522 4.22441676 7.5999999 8.31727912 7.5999999 12.9056825 9.5999999 13.9056825 9.5999999 9.49408582 17.25507 5.24126912\"><\/polygon>\n    <\/g>\n<\/svg><\/div><\/div><div class=\"media-body\"><h6 class=\"font-weight-bold  secondary-font text-heading-default animate-in \" style=\"\" data-anim-type=\"fade-in-up\" data-anim-delay=\"700\">Logistica Propia<\/h6><div class=\"text-body-default      animate-in\" style=\"padding-top:10px;\" data-anim-type=\"fade-in-up\" data-anim-delay=\"800\">Garantizamos el envio a trav\u00e9s de empresas lideres en el mercado<\/div><\/div><\/div><div class=\"media \"><div class=\"rounded-circle mr-3 d-inline-block bg-gradient-primary-light animate-in\" data-anim-type=\"fade-in-up\" data-anim-delay=\"800\" style=\" width:64.8px;height:64.8px;position:relative;line-height:64.8px;text-align:center;\"><div class=\"text-gradient-primary\" style=\"display:inline-block;width:36px;height:36px;font-size:36px;\">\n<svg width=\"100%\" height=\"100%\" viewBox=\"0 0 24 24\" version=\"1.1\" xmlns=\"http:\/\/www.w3.org\/2000\/svg\" xmlns:xlink=\"http:\/\/www.w3.org\/1999\/xlink\">\n\n\n    \n    <defs><\/defs>\n    <g stroke=\"none\" stroke-width=\"1\" fill=\"none\" fill-rule=\"evenodd\">\n        \n        <path d=\"M21.9999843,15.009808 L22.0249378,15 L22.0249378,19.5857864 C22.0249378,20.1380712 21.5772226,20.5857864 21.0249378,20.5857864 C20.7597213,20.5857864 20.5053674,20.4804296 20.317831,20.2928932 L18.0249378,18 L5,18 C3.34314575,18 2,16.6568542 2,15 L2,6 C2,4.34314575 3.34314575,3 5,3 L19,3 C20.6568542,3 22,4.34314575 22,6 L22,15 C22,15.0032706 21.9999948,15.0065399 21.9999843,15.009808 Z M6.16794971,10.5547002 C7.67758127,12.8191475 9.64566871,14 12,14 C14.3543313,14 16.3224187,12.8191475 17.8320503,10.5547002 C18.1384028,10.0951715 18.0142289,9.47430216 17.5547002,9.16794971 C17.0951715,8.86159725 16.4743022,8.98577112 16.1679497,9.4452998 C15.0109146,11.1808525 13.6456687,12 12,12 C10.3543313,12 8.9890854,11.1808525 7.83205029,9.4452998 C7.52569784,8.98577112 6.90482849,8.86159725 6.4452998,9.16794971 C5.98577112,9.47430216 5.86159725,10.0951715 6.16794971,10.5547002 Z\" fill=\"#000000\"><\/path>\n    <\/g>\n<\/svg><\/div><\/div><div class=\"media-body\"><h6 class=\"font-weight-bold  secondary-font text-heading-default animate-in \" style=\"\" data-anim-type=\"fade-in-up\" data-anim-delay=\"900\">Enviamos un mensaje<\/h6><div class=\"text-body-default      animate-in\" style=\"padding-top:10px;\" data-anim-type=\"fade-in-up\" data-anim-delay=\"1000\">info@ferreteradelnorte.com.ar<\/div><\/div><\/div>[\/vc_column][\/vc_row][\/vc_section]<\/p>\n","protected":false},"excerpt":{"rendered":"[vc_section full_width=\u00bbstretch_row\u00bb pix_over_visibility=\u00bb\u00bb css=\u00bb.vc_custom_1592344824196{padding-top: 100px !important;padding-bottom: 100px !important;background-color: #ffffff !important;}\u00bb el_id=\u00bbpix_section_contact\u00bb][vc_row equal_height=\u00bbyes\u00bb pix_particles_check=\u00bb\u00bb][vc_column width=\u00bb1\/2&#8243; content_align=\u00bbtext-center\u00bb][vc_empty_space height=\u00bb80px\u00bb][vc_column_text css=\u00bb.vc_custom_1604779107229{border-radius: 15px !important;}\u00bb][\/vc_column_text][\/vc_column][vc_column width=\u00bb1\/2&#8243; css=\u00bb.vc_custom_1592323090921{padding-top: 20px !important;padding-bottom: 20px !important;}\u00bb][\/vc_column][\/vc_row][\/vc_section]","protected":false},"author":1,"featured_media":13482,"parent":0,"menu_order":0,"comment_status":"closed","ping_status":"closed","template":"","meta":{"footnotes":""},"yoast_head":"<!-- This site is optimized with the Yoast SEO plugin v15.5 - https:\/\/yoast.com\/wordpress\/plugins\/seo\/ -->\n<title>Contactos - Ferretera del norte<\/title>\n<meta name=\"robots\" content=\"index, follow, max-snippet:-1, max-image-preview:large, max-video-preview:-1\" \/>\n<link rel=\"canonical\" href=\"https:\/\/ferreteradelnorte.com.ar\/web\/contactos\/\" \/>\n<meta property=\"og:locale\" content=\"es_ES\" \/>\n<meta property=\"og:type\" content=\"article\" \/>\n<meta property=\"og:title\" content=\"Contactos - Ferretera del norte\" \/>\n<meta property=\"og:description\" content=\"[vc_section full_width=\u00bbstretch_row\u00bb pix_over_visibility=\u00bb\u00bb css=\u00bb.vc_custom_1592344824196{padding-top: 100px !important;padding-bottom: 100px !important;background-color: #ffffff !important;}\u00bb el_id=\u00bbpix_section_contact\u00bb][vc_row equal_height=\u00bbyes\u00bb pix_particles_check=\u00bb\u00bb][vc_column width=\u00bb1\/2&#8243; content_align=\u00bbtext-center\u00bb][vc_empty_space height=\u00bb80px\u00bb][vc_column_text css=\u00bb.vc_custom_1604779107229{border-radius: 15px !important;}\u00bb][\/vc_column_text][\/vc_column][vc_column width=\u00bb1\/2&#8243; css=\u00bb.vc_custom_1592323090921{padding-top: 20px !important;padding-bottom: 20px !important;}\u00bb][\/vc_column][\/vc_row][\/vc_section]\" \/>\n<meta property=\"og:url\" content=\"https:\/\/ferreteradelnorte.com.ar\/web\/contactos\/\" \/>\n<meta property=\"og:site_name\" content=\"Ferretera del norte\" \/>\n<meta property=\"article:publisher\" content=\"https:\/\/www.facebook.com\/FerreteradelnorteSrl\" \/>\n<meta property=\"article:modified_time\" content=\"2020-11-07T20:03:19+00:00\" \/>\n<meta property=\"og:image\" content=\"https:\/\/ferreteradelnorte.com.ar\/web\/wp-content\/uploads\/2020\/09\/IMG_6647-scaled.jpg\" \/>\n\t<meta property=\"og:image:width\" content=\"2560\" \/>\n\t<meta property=\"og:image:height\" content=\"1707\" \/>\n<meta name=\"twitter:card\" content=\"summary_large_image\" \/>\n<meta name=\"twitter:label1\" content=\"Tiempo de lectura\">\n\t<meta name=\"twitter:data1\" content=\"1 minuto\">\n<script type=\"application\/ld+json\" class=\"yoast-schema-graph\">{\"@context\":\"https:\/\/schema.org\",\"@graph\":[{\"@type\":\"WebSite\",\"@id\":\"https:\/\/ferreteradelnorte.com.ar\/web\/#website\",\"url\":\"https:\/\/ferreteradelnorte.com.ar\/web\/\",\"name\":\"Ferretera del norte\",\"description\":\"Te ayudamos a crecer\",\"potentialAction\":[{\"@type\":\"SearchAction\",\"target\":\"https:\/\/ferreteradelnorte.com.ar\/web\/?s={search_term_string}\",\"query-input\":\"required name=search_term_string\"}],\"inLanguage\":\"es\"},{\"@type\":\"ImageObject\",\"@id\":\"https:\/\/ferreteradelnorte.com.ar\/web\/contactos\/#primaryimage\",\"inLanguage\":\"es\",\"url\":\"https:\/\/ferreteradelnorte.com.ar\/web\/wp-content\/uploads\/2020\/09\/IMG_6647-scaled.jpg\",\"width\":2560,\"height\":1707},{\"@type\":\"WebPage\",\"@id\":\"https:\/\/ferreteradelnorte.com.ar\/web\/contactos\/#webpage\",\"url\":\"https:\/\/ferreteradelnorte.com.ar\/web\/contactos\/\",\"name\":\"Contactos - Ferretera del norte\",\"isPartOf\":{\"@id\":\"https:\/\/ferreteradelnorte.com.ar\/web\/#website\"},\"primaryImageOfPage\":{\"@id\":\"https:\/\/ferreteradelnorte.com.ar\/web\/contactos\/#primaryimage\"},\"datePublished\":\"2020-09-24T23:28:50+00:00\",\"dateModified\":\"2020-11-07T20:03:19+00:00\",\"inLanguage\":\"es\",\"potentialAction\":[{\"@type\":\"ReadAction\",\"target\":[\"https:\/\/ferreteradelnorte.com.ar\/web\/contactos\/\"]}]}]}<\/script>\n<!-- \/ Yoast SEO plugin. -->","_links":{"self":[{"href":"https:\/\/ferreteradelnorte.com.ar\/web\/wp-json\/wp\/v2\/pages\/13448"}],"collection":[{"href":"https:\/\/ferreteradelnorte.com.ar\/web\/wp-json\/wp\/v2\/pages"}],"about":[{"href":"https:\/\/ferreteradelnorte.com.ar\/web\/wp-json\/wp\/v2\/types\/page"}],"author":[{"embeddable":true,"href":"https:\/\/ferreteradelnorte.com.ar\/web\/wp-json\/wp\/v2\/users\/1"}],"replies":[{"embeddable":true,"href":"https:\/\/ferreteradelnorte.com.ar\/web\/wp-json\/wp\/v2\/comments?post=13448"}],"version-history":[{"count":0,"href":"https:\/\/ferreteradelnorte.com.ar\/web\/wp-json\/wp\/v2\/pages\/13448\/revisions"}],"wp:featuredmedia":[{"embeddable":true,"href":"https:\/\/ferreteradelnorte.com.ar\/web\/wp-json\/wp\/v2\/media\/13482"}],"wp:attachment":[{"href":"https:\/\/ferreteradelnorte.com.ar\/web\/wp-json\/wp\/v2\/media?parent=13448"}],"curies":[{"name":"wp","href":"https:\/\/api.w.org\/{rel}","templated":true}]}}