{"id":13443,"date":"2020-09-24T20:24:17","date_gmt":"2020-09-24T20:24:17","guid":{"rendered":"http:\/\/ferreteradelnorte.com.ar\/web\/?page_id=13443"},"modified":"2023-12-27T23:11:47","modified_gmt":"2023-12-27T23:11:47","slug":"nosotros","status":"publish","type":"page","link":"https:\/\/ferreteradelnorte.com.ar\/web\/nosotros\/","title":{"rendered":"Nosotros"},"content":{"rendered":"<p>[vc_section full_width=\u00bbstretch_row\u00bb pix_over_visibility=\u00bb\u00bb css=\u00bb.vc_custom_1604106850549{padding-top: 80px !important;padding-bottom: 80px !important;background-color: #ffffff !important;}\u00bb el_id=\u00bbpix_section_pricing\u00bb][vc_row full_width=\u00bbstretch_row\u00bb content_placement=\u00bbmiddle\u00bb pix_particles_check=\u00bb\u00bb][vc_column content_align=\u00bbtext-center\u00bb css=\u00bb.vc_custom_1592137735614{padding-right: 30px !important;padding-left: 30px !important;}\u00bb]<div class=\"mb-3 text-center  vc_custom_1601036592138\"><h2 class=\"mb-32 pix-sliding-headline font-weight-bold secondary-font\" data-class=\"text-gradient-primary\" data-style=\"\">SOMOS FERRETERA DEL NORTE SRL<\/h2><\/div><div class=\"slide-in-container w-100   vc_custom_1601036564119\" ><div class=\"d-inline-block\" style=\"max-width:600px;\"><p class=\"text-18  text-body-default  \" ><span class=\"animate-in d-inline-block\" data-anim-delay=\"900\" data-anim-type=\"fade-in-up\">Distribuidora netamente mayorista, proveyendo a las ferreter\u00edas, a los corralones y a empresas de ramos generales, desde 1966. Referente de la Regi\u00f3n, tanto en calidad de<br \/>\nproductos, marcas y atenci\u00f3n al cliente<\/span><\/p><\/div><\/div>[\/vc_column][\/vc_row][vc_row full_width=\u00bbstretch_row_content\u00bb pix_particles_check=\u00bb\u00bb][vc_column offset=\u00bbvc_col-md-offset-1 vc_col-md-10&#8243; css=\u00bb.vc_custom_1601035747704{padding-top: 0px !important;padding-bottom: 0px !important;}\u00bb]<div id=\"pix-slider-749112270571\" class=\"pix-main-slider pix-fix-x2 pix-overflow-all-visible pix-style-standard pix-circular-slider pix-slider-scale  pix-slider-2 pix-slider-dots  \" data-flickity='{\"autoPlay\":false,\"freeScroll\":false,\"prevNextButtons\":true,\"wrapAround\":true,\"pageDots\":true,\"adaptiveHeight\":true,\"rightToLeft\":false,\"cellAlign\":\"center\",\"contain\":true,\"slider_effect\":\"pix-circular-slider\",\"pix_id\":\"#pix-slider-749112270571\"}'><div class=\"carousel-cell\"><div class=\"slide-inner pix-p-10\"><div class=\"pix-slider-effects\"><div class=\"animate-in d-inline-block2\" data-anim-type=\"fade-in-up\" data-anim-delay=\"0\"><div class=\"pix-video bg-gradient-primary rounded-10  \"  ><img decoding=\"async\" alt=\"Image\" src=\"https:\/\/ferreteradelnorte.com.ar\/web\/wp-content\/uploads\/2020\/10\/Captura-de-pantalla-2020-10-17-095947.jpg\" class=\"video-bg pix-opacity-8\" \/><div class=\"pix-video-popup video-play-btn d-flex align-items-center justify-content-center scale shadow-lg bg-white\" style=\"width:100px;height:100px;\" data-aspect=\"embed-responsive-16by9\" data-content=\"https:\/\/www.youtube.com\/watch?v=rhjLjF9kV9M&amp;feature=youtu.be\" ><span class=\"text-heading-default\" style=\"height:50px;width:50px;\"><svg xmlns=\"http:\/\/www.w3.org\/2000\/svg\" viewBox=\"0 0 24 24\" ><path d=\"M8 6.82v10.36c0 .79.87 1.27 1.54.84l8.14-5.18c.62-.39.62-1.29 0-1.69L9.54 5.98C8.87 5.55 8 6.03 8 6.82z\"\/><\/svg>\n<\/span><\/div><div class=\"embed-responsive embed-responsive-16by9\"><\/div><\/div><\/div><\/div><\/div><\/div><div class=\"carousel-cell\"><div class=\"slide-inner pix-p-10\"><div class=\"pix-slider-effects\"><div class=\"animate-in d-inline-block2\" data-anim-type=\"fade-in-up\" data-anim-delay=\"0\"><div class=\"pix-video bg-gradient-primary rounded-10  \"  ><img decoding=\"async\" alt=\"Image\" src=\"https:\/\/ferreteradelnorte.com.ar\/web\/wp-content\/uploads\/2020\/11\/1.jpg\" class=\"video-bg pix-opacity-8\" \/><div class=\"pix-video-popup video-play-btn d-flex align-items-center justify-content-center scale shadow-lg bg-white\" style=\"width:100px;height:100px;\" data-aspect=\"embed-responsive-16by9\" data-content=\"&lt;iframe width=&quot;560&quot; height=&quot;315&quot; src=&quot;https:\/\/www.youtube.com\/embed\/hRUvHkDGO48&quot; frameborder=&quot;0&quot; allow=&quot;accelerometer; autoplay; clipboard-write; encrypted-media; gyroscope; picture-in-picture&quot; allowfullscreen&gt;&lt;\/iframe&gt;\" ><span class=\"text-heading-default\" style=\"height:50px;width:50px;\"><svg xmlns=\"http:\/\/www.w3.org\/2000\/svg\" viewBox=\"0 0 24 24\" ><path d=\"M8 6.82v10.36c0 .79.87 1.27 1.54.84l8.14-5.18c.62-.39.62-1.29 0-1.69L9.54 5.98C8.87 5.55 8 6.03 8 6.82z\"\/><\/svg>\n<\/span><\/div><div class=\"embed-responsive embed-responsive-16by9\"><\/div><\/div><\/div><\/div><\/div><\/div><\/div>[\/vc_column][\/vc_row][\/vc_section][vc_section full_width=\u00bbstretch_row\u00bb pix_over_visibility=\u00bb\u00bb css=\u00bb.vc_custom_1601035709087{padding-top: 0px !important;padding-bottom: 60px !important;background-color: #ffffff !important;}\u00bb][vc_row full_width=\u00bbstretch_row\u00bb content_placement=\u00bbmiddle\u00bb pix_particles_check=\u00bb\u00bb][vc_column width=\u00bb1\/2&#8243; css=\u00bb.vc_custom_1601035661343{padding-top: 10px !important;padding-right: 30px !important;padding-bottom: 30px !important;padding-left: 30px !important;}\u00bb]<div class=\"text-left  vc_custom_1601035978770\"><h3 class=\"font-weight-bold   text-heading-default animate-in\" style=\"padding-top:20px;\" data-anim-type=\"fade-in-up\" data-anim-delay=\"500\">NUESTRA MISI\u00d3N<\/h3><div class=\"text-body-default text-18     animate-in\" style=\"padding-top:20px;\" data-anim-type=\"fade-in-up\" data-anim-delay=\"600\">Somos una empresa familiar, que cumpliendo el sue\u00f1o de Don Juan Luis. M- Alfaro, distribuimos en forma mayoristta productos de la linea ferreteria, corralones, veterinarias y ramos generales. Brindando un servicio de c\u00e1lidad.<\/div><\/div><div class=\"slide-in-container w-100   vc_custom_1601036694414\" ><div class=\"py-2 animate-in\" data-anim-type=\"fade-in-up\" data-anim-delay=\"0\"><div class=\"pix-feature-list text-20  font-weight-bold  secondary-font   py-2 d-flex align-items-center\" ><div class=\"pix-mr-10 text-primary\" style=\"width:1.5em;height:1.5em;position:relative;line-height:1em;text-align:center;\">\n<svg width=\"100%\" height=\"100%\" viewBox=\"0 0 24 24\" version=\"1.1\" xmlns=\"http:\/\/www.w3.org\/2000\/svg\" xmlns:xlink=\"http:\/\/www.w3.org\/1999\/xlink\">\n\n\n\n    <defs><\/defs>\n    <g stroke=\"none\" stroke-width=\"1\" fill=\"none\" fill-rule=\"evenodd\">\n\n        <circle fill=\"#000000\" opacity=\"0.3\" cx=\"12\" cy=\"12\" r=\"10\"><\/circle>\n        <path d=\"M16.7689447,7.81768175 C17.1457787,7.41393107 17.7785676,7.39211077 18.1823183,7.76894473 C18.5860689,8.1457787 18.6078892,8.77856757 18.2310553,9.18231825 L11.2310553,16.6823183 C10.8654446,17.0740439 10.2560456,17.107974 9.84920863,16.7592566 L6.34920863,13.7592566 C5.92988278,13.3998345 5.88132125,12.7685345 6.2407434,12.3492086 C6.60016555,11.9298828 7.23146553,11.8813212 7.65079137,12.2407434 L10.4229928,14.616916 L16.7689447,7.81768175 Z\" fill=\"#000000\" fill-rule=\"nonzero\"><\/path>\n    <\/g>\n<\/svg>\n<\/div><span class=\"text-body-default\">Desarrollamos una log\u00edstica lider en rapidez y eficacia, aprovechando nuevas tecnolog\u00edas y m\u00e9todos en forma gradual y constante<\/span><\/div><div class=\"pix-feature-list text-20  font-weight-bold  secondary-font   py-2 d-flex align-items-center\" ><div class=\"pix-mr-10 text-primary\" style=\"width:1.5em;height:1.5em;position:relative;line-height:1em;text-align:center;\">\n<svg width=\"100%\" height=\"100%\" viewBox=\"0 0 24 24\" version=\"1.1\" xmlns=\"http:\/\/www.w3.org\/2000\/svg\" xmlns:xlink=\"http:\/\/www.w3.org\/1999\/xlink\">\n\n\n\n    <defs><\/defs>\n    <g stroke=\"none\" stroke-width=\"1\" fill=\"none\" fill-rule=\"evenodd\">\n\n        <circle fill=\"#000000\" opacity=\"0.3\" cx=\"12\" cy=\"12\" r=\"10\"><\/circle>\n        <path d=\"M16.7689447,7.81768175 C17.1457787,7.41393107 17.7785676,7.39211077 18.1823183,7.76894473 C18.5860689,8.1457787 18.6078892,8.77856757 18.2310553,9.18231825 L11.2310553,16.6823183 C10.8654446,17.0740439 10.2560456,17.107974 9.84920863,16.7592566 L6.34920863,13.7592566 C5.92988278,13.3998345 5.88132125,12.7685345 6.2407434,12.3492086 C6.60016555,11.9298828 7.23146553,11.8813212 7.65079137,12.2407434 L10.4229928,14.616916 L16.7689447,7.81768175 Z\" fill=\"#000000\" fill-rule=\"nonzero\"><\/path>\n    <\/g>\n<\/svg>\n<\/div><span class=\"text-body-default\">Somos un equipo de trabajo, en donde nos enfocamos en cumplir objetivos para lograr una mejor calidad de vida, desarrollando excelencia, en nuestro emprendimiento<\/span><\/div><\/div><\/div>[\/vc_column][vc_column width=\u00bb1\/2&#8243;][vc_single_image image=\u00bb13840&#8243; img_size=\u00bbfull\u00bb css=\u00bb.vc_custom_1606220325396{padding-top: -100px !important;}\u00bb][\/vc_column][\/vc_row][vc_row pix_particles_check=\u00bb\u00bb][vc_column][vc_single_image image=\u00bb14240&#8243; img_size=\u00bbfull\u00bb alignment=\u00bbcenter\u00bb][\/vc_column][\/vc_row][\/vc_section][vc_row full_width=\u00bbstretch_row\u00bb content_placement=\u00bbmiddle\u00bb pix_particles_check=\u00bb\u00bb css=\u00bb.vc_custom_1590623903705{padding-top: 80px !important;padding-bottom: 80px !important;background-color: #ffffff !important;}\u00bb][vc_column width=\u00bb1\/2&#8243; css=\u00bb.vc_custom_1559101053478{padding: 30px !important;}\u00bb]<div class=\"text-left  vc_custom_1606219778461\"><h3 class=\"font-weight-bold   text-heading-default animate-in\" style=\"\" data-anim-type=\"fade-in-up\" data-anim-delay=\"500\">Contactanos<\/h3><div class=\"text-body-default text-18     animate-in\" style=\"padding-top:20px;\" data-anim-type=\"fade-in-up\" data-anim-delay=\"600\">Dejanos un mensaje, un comentario o una duda.<br \/>\nEstamos para ayudarte a crecer!<\/div><\/div>[\/vc_column][vc_column width=\u00bb1\/2&#8243;]<div role=\"form\" class=\"wpcf7\" id=\"wpcf7-f2939-o1\" lang=\"en-US\" dir=\"ltr\">\n<div class=\"screen-reader-response\" role=\"alert\" aria-live=\"polite\"><\/div>\n<form action=\"\/web\/wp-json\/wp\/v2\/pages\/13443#wpcf7-f2939-o1\" method=\"post\" class=\"wpcf7-form init\" novalidate=\"novalidate\">\n<div style=\"display: none;\">\n<input type=\"hidden\" name=\"_wpcf7\" value=\"2939\" \/>\n<input type=\"hidden\" name=\"_wpcf7_version\" value=\"5.2.2\" \/>\n<input type=\"hidden\" name=\"_wpcf7_locale\" value=\"en_US\" \/>\n<input type=\"hidden\" name=\"_wpcf7_unit_tag\" value=\"wpcf7-f2939-o1\" \/>\n<input type=\"hidden\" name=\"_wpcf7_container_post\" value=\"0\" \/>\n<input type=\"hidden\" name=\"_wpcf7_posted_data_hash\" value=\"\" \/>\n<\/div>\n<div class=\"pix-contact7-form\"><div class=\"row\">\n<div class=\"col-md-6\"><label class=\"w-100\">Nombre Completo<br \/>\n<span class=\"wpcf7-form-control-wrap your-name\"><input type=\"text\" name=\"your-name\" value=\"\" size=\"40\" class=\"wpcf7-form-control wpcf7-text pix-my-5 form-control bg-gray-1 shadow-0\" aria-invalid=\"false\" placeholder=\"John Doe\" \/><\/span><\/label><\/div>\n<div class=\"col-md-6\"><label class=\"w-100\">Direcci\u00f3n de correo electr\u00f3nico*<br \/>\n<span class=\"wpcf7-form-control-wrap your-email\"><input type=\"email\" name=\"your-email\" value=\"\" size=\"40\" class=\"wpcf7-form-control wpcf7-text wpcf7-email wpcf7-validates-as-required wpcf7-validates-as-email pix-my-5 form-control bg-gray-1 shadow-0\" aria-required=\"true\" aria-invalid=\"false\" placeholder=\"tunombre@gmail.com\" \/><\/span><\/label><\/div>\n<\/div>\n<p><label class=\"w-100\">Escribe t\u00fa mensaje<span class=\"wpcf7-form-control-wrap your-message\"><textarea name=\"your-message\" cols=\"40\" rows=\"4\" class=\"wpcf7-form-control wpcf7-textarea pix-my-5 form-control bg-gray-1 shadow-0\" aria-invalid=\"false\" placeholder=\"T\u00fa mensaje\"><\/textarea><\/span> <\/label><\/p>\n<div class=\"row\">\n<div class=\"col-md-6\"><label class=\"w-100\">Provincia<span class=\"wpcf7-form-control-wrap menu-747\"><select name=\"menu-747\" class=\"wpcf7-form-control wpcf7-select wpcf7-validates-as-required pixfort-select pix-my-5 form-control bg-gray-1 shadow-0\" aria-required=\"true\" aria-invalid=\"false\"><option value=\"\">---<\/option><option value=\"Buenos Aires\">Buenos Aires<\/option><option value=\"Catamarca\">Catamarca<\/option><option value=\"Chaco\">Chaco<\/option><option value=\"Chubut\">Chubut<\/option><option value=\"Chaco\">Chaco<\/option><option value=\"C\u00f3rdoba\">C\u00f3rdoba<\/option><option value=\"Corrientes\">Corrientes<\/option><option value=\"Entre R\u00edos\">Entre R\u00edos<\/option><option value=\"Formosa\">Formosa<\/option><option value=\"Jujuy\">Jujuy<\/option><option value=\"La Pampa\">La Pampa<\/option><option value=\"La Rioja\">La Rioja<\/option><option value=\"Mendoza\">Mendoza<\/option><option value=\"Misiones\">Misiones<\/option><option value=\"Neuqu\u00e9n\">Neuqu\u00e9n<\/option><option value=\"R\u00edo Negro\">R\u00edo Negro<\/option><option value=\"Salta\">Salta<\/option><option value=\"San Juan\">San Juan<\/option><option value=\"San Luis\">San Luis<\/option><option value=\"Santa Cruz\">Santa Cruz<\/option><option value=\"Santa Fe\">Santa Fe<\/option><option value=\"Santiago del Estero\">Santiago del Estero<\/option><option value=\"Tucum\u00e1n\">Tucum\u00e1n<\/option><\/select><\/span> <\/label><\/div>\n<div class=\"col-md-6\"><label class=\"w-100\">Ingrese su numero de tel\u00e9fono<span class=\"wpcf7-form-control-wrap tel-996\"><input type=\"tel\" name=\"tel-996\" value=\"\" size=\"40\" class=\"wpcf7-form-control wpcf7-text wpcf7-tel wpcf7-validates-as-required wpcf7-validates-as-tel pix-mt-5 form-control bg-gray-1 shadow-0\" aria-required=\"true\" aria-invalid=\"false\" placeholder=\"Tel: +54 3813595308\" \/><\/span> <\/label><\/div>\n<\/div>\n<p><input type=\"submit\" value=\"Enviar\" class=\"wpcf7-form-control wpcf7-submit btn btn-gradient-primary text-white w-100 pix-mt-10 font-weight-bold btn-lg secondary-font\" \/><\/p>\n<\/div><div class=\"wpcf7-response-output\" role=\"alert\" aria-hidden=\"true\"><\/div><\/form><\/div>[\/vc_column][\/vc_row]<\/p>\n","protected":false},"excerpt":{"rendered":"[vc_section full_width=\u00bbstretch_row\u00bb pix_over_visibility=\u00bb\u00bb css=\u00bb.vc_custom_1604106850549{padding-top: 80px !important;padding-bottom: 80px !important;background-color: #ffffff !important;}\u00bb el_id=\u00bbpix_section_pricing\u00bb][vc_row full_width=\u00bbstretch_row\u00bb content_placement=\u00bbmiddle\u00bb pix_particles_check=\u00bb\u00bb][vc_column content_align=\u00bbtext-center\u00bb css=\u00bb.vc_custom_1592137735614{padding-right: 30px !important;padding-left: 30px !important;}\u00bb][\/vc_column][\/vc_row][vc_row full_width=\u00bbstretch_row_content\u00bb pix_particles_check=\u00bb\u00bb][vc_column offset=\u00bbvc_col-md-offset-1 vc_col-md-10&#8243; css=\u00bb.vc_custom_1601035747704{padding-top: 0px !important;padding-bottom: 0px !important;}\u00bb][\/vc_column][\/vc_row][\/vc_section][vc_section full_width=\u00bbstretch_row\u00bb pix_over_visibility=\u00bb\u00bb css=\u00bb.vc_custom_1601035709087{padding-top: 0px !important;padding-bottom: 60px !important;background-color: #ffffff !important;}\u00bb][vc_row full_width=\u00bbstretch_row\u00bb content_placement=\u00bbmiddle\u00bb&#8230;","protected":false},"author":1,"featured_media":0,"parent":0,"menu_order":0,"comment_status":"closed","ping_status":"closed","template":"","meta":{"footnotes":""},"yoast_head":"<!-- This site is optimized with the Yoast SEO plugin v15.5 - https:\/\/yoast.com\/wordpress\/plugins\/seo\/ -->\n<title>Nosotros - Ferretera del norte<\/title>\n<meta name=\"robots\" content=\"index, follow, max-snippet:-1, max-image-preview:large, max-video-preview:-1\" \/>\n<link rel=\"canonical\" href=\"https:\/\/ferreteradelnorte.com.ar\/web\/nosotros\/\" \/>\n<meta property=\"og:locale\" content=\"es_ES\" \/>\n<meta property=\"og:type\" content=\"article\" \/>\n<meta property=\"og:title\" content=\"Nosotros - Ferretera del norte\" \/>\n<meta property=\"og:description\" content=\"[vc_section full_width=\u00bbstretch_row\u00bb pix_over_visibility=\u00bb\u00bb css=\u00bb.vc_custom_1604106850549{padding-top: 80px !important;padding-bottom: 80px !important;background-color: #ffffff !important;}\u00bb el_id=\u00bbpix_section_pricing\u00bb][vc_row full_width=\u00bbstretch_row\u00bb content_placement=\u00bbmiddle\u00bb pix_particles_check=\u00bb\u00bb][vc_column content_align=\u00bbtext-center\u00bb css=\u00bb.vc_custom_1592137735614{padding-right: 30px !important;padding-left: 30px !important;}\u00bb][\/vc_column][\/vc_row][vc_row full_width=\u00bbstretch_row_content\u00bb pix_particles_check=\u00bb\u00bb][vc_column offset=\u00bbvc_col-md-offset-1 vc_col-md-10&#8243; css=\u00bb.vc_custom_1601035747704{padding-top: 0px !important;padding-bottom: 0px !important;}\u00bb][\/vc_column][\/vc_row][\/vc_section][vc_section full_width=\u00bbstretch_row\u00bb pix_over_visibility=\u00bb\u00bb css=\u00bb.vc_custom_1601035709087{padding-top: 0px !important;padding-bottom: 60px !important;background-color: #ffffff !important;}\u00bb][vc_row full_width=\u00bbstretch_row\u00bb content_placement=\u00bbmiddle\u00bb...\" \/>\n<meta property=\"og:url\" content=\"https:\/\/ferreteradelnorte.com.ar\/web\/nosotros\/\" \/>\n<meta property=\"og:site_name\" content=\"Ferretera del norte\" \/>\n<meta property=\"article:publisher\" content=\"https:\/\/www.facebook.com\/FerreteradelnorteSrl\" \/>\n<meta property=\"article:modified_time\" content=\"2023-12-27T23:11:47+00:00\" \/>\n<meta name=\"twitter:card\" content=\"summary_large_image\" \/>\n<meta name=\"twitter:label1\" content=\"Tiempo de lectura\">\n\t<meta name=\"twitter:data1\" content=\"3 minutos\">\n<script type=\"application\/ld+json\" class=\"yoast-schema-graph\">{\"@context\":\"https:\/\/schema.org\",\"@graph\":[{\"@type\":\"WebSite\",\"@id\":\"https:\/\/ferreteradelnorte.com.ar\/web\/#website\",\"url\":\"https:\/\/ferreteradelnorte.com.ar\/web\/\",\"name\":\"Ferretera del norte\",\"description\":\"Te ayudamos a crecer\",\"potentialAction\":[{\"@type\":\"SearchAction\",\"target\":\"https:\/\/ferreteradelnorte.com.ar\/web\/?s={search_term_string}\",\"query-input\":\"required name=search_term_string\"}],\"inLanguage\":\"es\"},{\"@type\":\"WebPage\",\"@id\":\"https:\/\/ferreteradelnorte.com.ar\/web\/nosotros\/#webpage\",\"url\":\"https:\/\/ferreteradelnorte.com.ar\/web\/nosotros\/\",\"name\":\"Nosotros - Ferretera del norte\",\"isPartOf\":{\"@id\":\"https:\/\/ferreteradelnorte.com.ar\/web\/#website\"},\"datePublished\":\"2020-09-24T20:24:17+00:00\",\"dateModified\":\"2023-12-27T23:11:47+00:00\",\"inLanguage\":\"es\",\"potentialAction\":[{\"@type\":\"ReadAction\",\"target\":[\"https:\/\/ferreteradelnorte.com.ar\/web\/nosotros\/\"]}]}]}<\/script>\n<!-- \/ Yoast SEO plugin. -->","_links":{"self":[{"href":"https:\/\/ferreteradelnorte.com.ar\/web\/wp-json\/wp\/v2\/pages\/13443"}],"collection":[{"href":"https:\/\/ferreteradelnorte.com.ar\/web\/wp-json\/wp\/v2\/pages"}],"about":[{"href":"https:\/\/ferreteradelnorte.com.ar\/web\/wp-json\/wp\/v2\/types\/page"}],"author":[{"embeddable":true,"href":"https:\/\/ferreteradelnorte.com.ar\/web\/wp-json\/wp\/v2\/users\/1"}],"replies":[{"embeddable":true,"href":"https:\/\/ferreteradelnorte.com.ar\/web\/wp-json\/wp\/v2\/comments?post=13443"}],"version-history":[{"count":0,"href":"https:\/\/ferreteradelnorte.com.ar\/web\/wp-json\/wp\/v2\/pages\/13443\/revisions"}],"wp:attachment":[{"href":"https:\/\/ferreteradelnorte.com.ar\/web\/wp-json\/wp\/v2\/media?parent=13443"}],"curies":[{"name":"wp","href":"https:\/\/api.w.org\/{rel}","templated":true}]}}